{"id":10255,"date":"2021-02-02T11:17:09","date_gmt":"2021-02-02T10:17:09","guid":{"rendered":"https:\/\/www.aerolift.nl\/?page_id=10255"},"modified":"2023-07-18T10:40:04","modified_gmt":"2023-07-18T09:40:04","slug":"hebesysteme-fur-pipelines","status":"publish","type":"page","link":"https:\/\/www.aerolift.nl\/de\/hebelosungen-fur-ihre-industrie\/hebesysteme-fur-pipelines\/","title":{"rendered":"Hebesysteme f\u00fcr Pipelines"},"content":{"rendered":"","protected":false},"excerpt":{"rendered":"","protected":false},"author":22,"featured_media":6754,"parent":10251,"menu_order":0,"comment_status":"closed","ping_status":"closed","template":"","meta":{"_acf_changed":false,"footnotes":""},"class_list":["post-10255","page","type-page","status-publish","has-post-thumbnail","hentry"],"acf":[],"yoast_head":"<!-- This site is optimized with the Yoast SEO plugin v27.4 - https:\/\/yoast.com\/product\/yoast-seo-wordpress\/ -->\n<title>Hebesysteme f\u00fcr Pipelines | Aerolift<\/title>\n<meta name=\"description\" content=\"Sie brauchen noch ein geeignetes Hebesystem f\u00fcr Pipelines und Rohrelemente f\u00fcr Ihr Projekt? Nutzen Sie dann die Pipelineheber von Aerolift.\" \/>\n<meta name=\"robots\" content=\"index, follow, max-snippet:-1, max-image-preview:large, max-video-preview:-1\" \/>\n<link rel=\"canonical\" href=\"https:\/\/www.aerolift.nl\/de\/hebelosungen-fur-ihre-industrie\/hebesysteme-fur-pipelines\/\" \/>\n<meta property=\"og:locale\" content=\"de_DE\" \/>\n<meta property=\"og:type\" content=\"article\" \/>\n<meta property=\"og:title\" content=\"Hebesysteme f\u00fcr Pipelines | Aerolift\" \/>\n<meta property=\"og:description\" content=\"Sie brauchen noch ein geeignetes Hebesystem f\u00fcr Pipelines und Rohrelemente f\u00fcr Ihr Projekt? Nutzen Sie dann die Pipelineheber von Aerolift.\" \/>\n<meta property=\"og:url\" content=\"https:\/\/www.aerolift.nl\/de\/hebelosungen-fur-ihre-industrie\/hebesysteme-fur-pipelines\/\" \/>\n<meta property=\"og:site_name\" content=\"Aerolift\" \/>\n<meta property=\"article:modified_time\" content=\"2023-07-18T09:40:04+00:00\" \/>\n<meta name=\"twitter:card\" content=\"summary_large_image\" \/>\n<!-- \/ Yoast SEO plugin. -->","yoast_head_json":{"title":"Hebesysteme f\u00fcr Pipelines | Aerolift","description":"Sie brauchen noch ein geeignetes Hebesystem f\u00fcr Pipelines und Rohrelemente f\u00fcr Ihr Projekt? Nutzen Sie dann die Pipelineheber von Aerolift.","robots":{"index":"index","follow":"follow","max-snippet":"max-snippet:-1","max-image-preview":"max-image-preview:large","max-video-preview":"max-video-preview:-1"},"canonical":"https:\/\/www.aerolift.nl\/de\/hebelosungen-fur-ihre-industrie\/hebesysteme-fur-pipelines\/","og_locale":"de_DE","og_type":"article","og_title":"Hebesysteme f\u00fcr Pipelines | Aerolift","og_description":"Sie brauchen noch ein geeignetes Hebesystem f\u00fcr Pipelines und Rohrelemente f\u00fcr Ihr Projekt? Nutzen Sie dann die Pipelineheber von Aerolift.","og_url":"https:\/\/www.aerolift.nl\/de\/hebelosungen-fur-ihre-industrie\/hebesysteme-fur-pipelines\/","og_site_name":"Aerolift","article_modified_time":"2023-07-18T09:40:04+00:00","twitter_card":"summary_large_image","schema":{"@context":"https:\/\/schema.org","@graph":[{"@type":"WebPage","@id":"https:\/\/www.aerolift.nl\/de\/hebelosungen-fur-ihre-industrie\/hebesysteme-fur-pipelines\/","url":"https:\/\/www.aerolift.nl\/de\/hebelosungen-fur-ihre-industrie\/hebesysteme-fur-pipelines\/","name":"Hebesysteme f\u00fcr Pipelines | Aerolift","isPartOf":{"@id":"https:\/\/www.aerolift.nl\/#website"},"primaryImageOfPage":{"@id":"https:\/\/www.aerolift.nl\/de\/hebelosungen-fur-ihre-industrie\/hebesysteme-fur-pipelines\/#primaryimage"},"image":{"@id":"https:\/\/www.aerolift.nl\/de\/hebelosungen-fur-ihre-industrie\/hebesysteme-fur-pipelines\/#primaryimage"},"thumbnailUrl":"https:\/\/i0.wp.com\/www.aerolift.nl\/wp-content\/uploads\/2015\/10\/100ES5000-1-Vakuumheber-Aerolift.jpg?fit=853%2C480&ssl=1","datePublished":"2021-02-02T10:17:09+00:00","dateModified":"2023-07-18T09:40:04+00:00","description":"Sie brauchen noch ein geeignetes Hebesystem f\u00fcr Pipelines und Rohrelemente f\u00fcr Ihr Projekt? Nutzen Sie dann die Pipelineheber von Aerolift.","breadcrumb":{"@id":"https:\/\/www.aerolift.nl\/de\/hebelosungen-fur-ihre-industrie\/hebesysteme-fur-pipelines\/#breadcrumb"},"inLanguage":"de","potentialAction":[{"@type":"ReadAction","target":["https:\/\/www.aerolift.nl\/de\/hebelosungen-fur-ihre-industrie\/hebesysteme-fur-pipelines\/"]}]},{"@type":"ImageObject","inLanguage":"de","@id":"https:\/\/www.aerolift.nl\/de\/hebelosungen-fur-ihre-industrie\/hebesysteme-fur-pipelines\/#primaryimage","url":"https:\/\/i0.wp.com\/www.aerolift.nl\/wp-content\/uploads\/2015\/10\/100ES5000-1-Vakuumheber-Aerolift.jpg?fit=853%2C480&ssl=1","contentUrl":"https:\/\/i0.wp.com\/www.aerolift.nl\/wp-content\/uploads\/2015\/10\/100ES5000-1-Vakuumheber-Aerolift.jpg?fit=853%2C480&ssl=1","width":853,"height":480,"caption":"Aerolift ES-serie vacuum lifter for pipe handling"},{"@type":"BreadcrumbList","@id":"https:\/\/www.aerolift.nl\/de\/hebelosungen-fur-ihre-industrie\/hebesysteme-fur-pipelines\/#breadcrumb","itemListElement":[{"@type":"ListItem","position":1,"name":"Home","item":"https:\/\/www.aerolift.nl\/de\/"},{"@type":"ListItem","position":2,"name":"Hebel\u00f6sungen f\u00fcr Ihre Industrie","item":"https:\/\/www.aerolift.nl\/de\/hebelosungen-fur-ihre-industrie\/"},{"@type":"ListItem","position":3,"name":"Hebesysteme f\u00fcr Pipelines"}]},{"@type":"WebSite","@id":"https:\/\/www.aerolift.nl\/#website","url":"https:\/\/www.aerolift.nl\/","name":"Aerolift","description":"Ein weiterer Wordpress -Website","publisher":{"@id":"https:\/\/www.aerolift.nl\/#organization"},"potentialAction":[{"@type":"SearchAction","target":{"@type":"EntryPoint","urlTemplate":"https:\/\/www.aerolift.nl\/?s={search_term_string}"},"query-input":{"@type":"PropertyValueSpecification","valueRequired":true,"valueName":"search_term_string"}}],"inLanguage":"de"},{"@type":"Organization","@id":"https:\/\/www.aerolift.nl\/#organization","name":"Aerolift Industrials bv","alternateName":"Aerolift","url":"https:\/\/www.aerolift.nl\/","logo":{"@type":"ImageObject","inLanguage":"de","@id":"https:\/\/www.aerolift.nl\/#\/schema\/logo\/image\/","url":"https:\/\/i0.wp.com\/www.aerolift.nl\/wp-content\/uploads\/2025\/07\/2024-logo-aerolift-corners-5.png?fit=1903%2C678&ssl=1","contentUrl":"https:\/\/i0.wp.com\/www.aerolift.nl\/wp-content\/uploads\/2025\/07\/2024-logo-aerolift-corners-5.png?fit=1903%2C678&ssl=1","width":1903,"height":678,"caption":"Aerolift Industrials bv"},"image":{"@id":"https:\/\/www.aerolift.nl\/#\/schema\/logo\/image\/"},"sameAs":["https:\/\/www.linkedin.com\/company\/aerolift-industrials-bv\/","https:\/\/www.youtube.com\/user\/AeroliftIndustrials1"]}]}},"jetpack_sharing_enabled":true,"_links":{"self":[{"href":"https:\/\/www.aerolift.nl\/de\/wp-json\/wp\/v2\/pages\/10255","targetHints":{"allow":["GET"]}}],"collection":[{"href":"https:\/\/www.aerolift.nl\/de\/wp-json\/wp\/v2\/pages"}],"about":[{"href":"https:\/\/www.aerolift.nl\/de\/wp-json\/wp\/v2\/types\/page"}],"author":[{"embeddable":true,"href":"https:\/\/www.aerolift.nl\/de\/wp-json\/wp\/v2\/users\/22"}],"replies":[{"embeddable":true,"href":"https:\/\/www.aerolift.nl\/de\/wp-json\/wp\/v2\/comments?post=10255"}],"version-history":[{"count":3,"href":"https:\/\/www.aerolift.nl\/de\/wp-json\/wp\/v2\/pages\/10255\/revisions"}],"predecessor-version":[{"id":11746,"href":"https:\/\/www.aerolift.nl\/de\/wp-json\/wp\/v2\/pages\/10255\/revisions\/11746"}],"up":[{"embeddable":true,"href":"https:\/\/www.aerolift.nl\/de\/wp-json\/wp\/v2\/pages\/10251"}],"wp:featuredmedia":[{"embeddable":true,"href":"https:\/\/www.aerolift.nl\/de\/wp-json\/wp\/v2\/media\/6754"}],"wp:attachment":[{"href":"https:\/\/www.aerolift.nl\/de\/wp-json\/wp\/v2\/media?parent=10255"}],"curies":[{"name":"wp","href":"https:\/\/api.w.org\/{rel}","templated":true}]}}