{"id":11352,"date":"2022-06-27T15:34:41","date_gmt":"2022-06-27T14:34:41","guid":{"rendered":"https:\/\/www.aerolift.nl\/eu-serie\/"},"modified":"2022-06-28T14:49:22","modified_gmt":"2022-06-28T13:49:22","slug":"eu-serie","status":"publish","type":"page","link":"https:\/\/www.aerolift.nl\/de\/eu-serie\/","title":{"rendered":"Aerolift EU-Serie"},"content":{"rendered":"<p>Aerolift stellt die EU-Serie vor. Eine preisg\u00fcnstige Hebel\u00f6sung f\u00fcr relativ einfache Anwendungen. Das Ansaugen und Entladen dauert nur zwei Sekunden. Keine Besch\u00e4digung des Produkts durch den verteilten Fl\u00e4chendruck der Saugn\u00e4pfe und des weichen Aerolift-Gummis. Au\u00dferdem f\u00fchrt eine Person den gesamten Hebevorgang durch.<\/p>\n<h2>Bewerbungen f\u00fcr die EU-Serie<\/h2>\n<p>Die EU-Serie ist f\u00fcr kleine, luftdichte Produkte bis zu sechs Tonnen geeignet. Beispiele sind Betonelemente, Bleche und Rohre. Die Produkte werden mit einem Br\u00fcckenkran oder einer anderen elektrisch betriebenen Hebemaschine aufgenommen.<\/p>\n<h3>Betonfertigteile<\/h3>\n<p>F\u00fcr das Heben mit Vakuum ist kein zus\u00e4tzliches Hebezeug erforderlich. Es sind also keine Investitionen in Einschlagger\u00e4te erforderlich, und die Oberfl\u00e4che bleibt unber\u00fchrt und glatt. Dar\u00fcber hinaus erm\u00f6glicht die verteilte Oberfl\u00e4chenbelastung der Saugn\u00e4pfe eine Entschalung nach nur acht bis zehn Stunden. Das Produkt bleibt unbesch\u00e4digt und die Gefahr der Rissbildung ist geringer.<\/p>\n<p><img data-recalc-dims=\"1\" loading=\"lazy\" decoding=\"async\" class=\"alignnone wp-image-11310\" src=\"https:\/\/i0.wp.com\/www.aerolift.nl\/wp-content\/uploads\/2022\/06\/Website-3.jpg?resize=500%2C331&#038;ssl=1\" alt=\"Aerolift vacuum lifter to lift precast concrete slabs\" width=\"500\" height=\"331\" srcset=\"https:\/\/i0.wp.com\/www.aerolift.nl\/wp-content\/uploads\/2022\/06\/Website-3.jpg?resize=1024%2C678&amp;ssl=1 1024w, https:\/\/i0.wp.com\/www.aerolift.nl\/wp-content\/uploads\/2022\/06\/Website-3.jpg?resize=300%2C199&amp;ssl=1 300w, https:\/\/i0.wp.com\/www.aerolift.nl\/wp-content\/uploads\/2022\/06\/Website-3.jpg?resize=768%2C509&amp;ssl=1 768w, https:\/\/i0.wp.com\/www.aerolift.nl\/wp-content\/uploads\/2022\/06\/Website-3.jpg?resize=1536%2C1018&amp;ssl=1 1536w, https:\/\/i0.wp.com\/www.aerolift.nl\/wp-content\/uploads\/2022\/06\/Website-3.jpg?resize=360%2C239&amp;ssl=1 360w, https:\/\/i0.wp.com\/www.aerolift.nl\/wp-content\/uploads\/2022\/06\/Website-3.jpg?resize=543%2C360&amp;ssl=1 543w, https:\/\/i0.wp.com\/www.aerolift.nl\/wp-content\/uploads\/2022\/06\/Website-3.jpg?resize=725%2C480&amp;ssl=1 725w, https:\/\/i0.wp.com\/www.aerolift.nl\/wp-content\/uploads\/2022\/06\/Website-3.jpg?resize=900%2C596&amp;ssl=1 900w, https:\/\/i0.wp.com\/www.aerolift.nl\/wp-content\/uploads\/2022\/06\/Website-3.jpg?resize=150%2C99&amp;ssl=1 150w, https:\/\/i0.wp.com\/www.aerolift.nl\/wp-content\/uploads\/2022\/06\/Website-3.jpg?w=1600&amp;ssl=1 1600w, https:\/\/i0.wp.com\/www.aerolift.nl\/wp-content\/uploads\/2022\/06\/Website-3.jpg?w=1280&amp;ssl=1 1280w\" sizes=\"auto, (max-width: 500px) 100vw, 500px\" \/><\/p>\n<h3>Bleche und Rohre<\/h3>\n<p>Hebt sowohl magnetische als auch nichtmagnetische Bleche unter voller Kontrolle. Der weiche Aerolift-Gummi l\u00e4sst die Oberfl\u00e4che unbesch\u00e4digt und frei von Kratzern. Au\u00dferdem ist die Lagerung ohne Abstandshalter m\u00f6glich, da der Saugnapf oben auf dem Produkt angebracht ist. Ketten und Klammern sind nicht erforderlich, so dass sich w\u00e4hrend des Hebevorgangs niemand in der N\u00e4he des Produkts befindet. Mit diesem vielseitigen Vakuumheber k\u00f6nnen Sie nicht nur Bleche, sondern auch Rohre heben.<\/p>\n<p><img data-recalc-dims=\"1\" loading=\"lazy\" decoding=\"async\" class=\"alignnone wp-image-11314\" src=\"https:\/\/i0.wp.com\/www.aerolift.nl\/wp-content\/uploads\/2022\/06\/Website-4.jpg?resize=500%2C348&#038;ssl=1\" alt=\"Aerolift vacuum lifter to lift sheet metals\" width=\"500\" height=\"348\" srcset=\"https:\/\/i0.wp.com\/www.aerolift.nl\/wp-content\/uploads\/2022\/06\/Website-4.jpg?resize=1024%2C713&amp;ssl=1 1024w, https:\/\/i0.wp.com\/www.aerolift.nl\/wp-content\/uploads\/2022\/06\/Website-4.jpg?resize=300%2C209&amp;ssl=1 300w, https:\/\/i0.wp.com\/www.aerolift.nl\/wp-content\/uploads\/2022\/06\/Website-4.jpg?resize=768%2C535&amp;ssl=1 768w, https:\/\/i0.wp.com\/www.aerolift.nl\/wp-content\/uploads\/2022\/06\/Website-4.jpg?resize=1536%2C1069&amp;ssl=1 1536w, https:\/\/i0.wp.com\/www.aerolift.nl\/wp-content\/uploads\/2022\/06\/Website-4.jpg?resize=360%2C250&amp;ssl=1 360w, https:\/\/i0.wp.com\/www.aerolift.nl\/wp-content\/uploads\/2022\/06\/Website-4.jpg?resize=517%2C360&amp;ssl=1 517w, https:\/\/i0.wp.com\/www.aerolift.nl\/wp-content\/uploads\/2022\/06\/Website-4.jpg?resize=689%2C480&amp;ssl=1 689w, https:\/\/i0.wp.com\/www.aerolift.nl\/wp-content\/uploads\/2022\/06\/Website-4.jpg?resize=900%2C627&amp;ssl=1 900w, https:\/\/i0.wp.com\/www.aerolift.nl\/wp-content\/uploads\/2022\/06\/Website-4.jpg?resize=150%2C104&amp;ssl=1 150w, https:\/\/i0.wp.com\/www.aerolift.nl\/wp-content\/uploads\/2022\/06\/Website-4.jpg?w=1600&amp;ssl=1 1600w, https:\/\/i0.wp.com\/www.aerolift.nl\/wp-content\/uploads\/2022\/06\/Website-4.jpg?w=1280&amp;ssl=1 1280w\" sizes=\"auto, (max-width: 500px) 100vw, 500px\" \/><\/p>\n<p>Robert Lemm, CEO von Aerolift: <em>&#8220;Die EU-Serie ist so konzipiert, dass sie eine breite Palette von L\u00f6sungen innerhalb einer Standardkonfiguration bietet. Dies erm\u00f6glicht es Aerolift, h\u00f6here Qualit\u00e4t in k\u00fcrzerer Zeit und zu einem g\u00fcnstigeren Preis zu liefern.&#8221;<\/em><\/p>\n<h2>Besonderheiten der EU-Serie<\/h2>\n<ul>\n<li>Hebekapazit\u00e4t: 1 &#8211; 6 Tonnen<\/li>\n<li>Anzahl der Aufh\u00e4ngepunkte: 1<\/li>\n<li>Arbeitsbereich Vakuum: 80% &#8211; 100%<\/li>\n<li>Beschleunigung: max. 1m\/s2 heben oder senken<\/li>\n<li>Maximaler Hebewinkel: +\/- 5\u00b0<\/li>\n<li>Umgebungstemperatur: -20\u00b0 to +40 \u00b0 Celsius<\/li>\n<li>H\u00f6he \u00fcber dem Meeresspiegel: bis zu 200 Meter<\/li>\n<li>Norm: EN13155<\/li>\n<li>Zertifizierung: CE<\/li>\n<\/ul>\n<h2>Sichtbare und h\u00f6rbare Sicherheitssignale<\/h2>\n<ul>\n<li>Vakuummeter mit Anzeige f\u00fcr sicheres Heben zwischen 80% und 100%.<\/li>\n<li>Gr\u00fcnes Licht bedeutet, dass das Vakuumniveau \u00fcber 80 % liegt.<\/li>\n<li>Buzzer und rotes Licht zur Warnung, dass der Unterdruck unter 80% liegt.<\/li>\n<li>Backup-Batterie zur Sicherstellung der Funktion der Sicherheitssignale bei einem Stromausfall.<\/li>\n<li>&gt; 20 Minuten H\u00e4ngezeit<\/li>\n<\/ul>\n<h2>Sie suchen einen preisg\u00fcnstigen Vakuumlifter?<\/h2>\n<p>Die Aerolift EU-Serie bietet eine L\u00f6sung. Wenden Sie sich an unsere <a href=\"https:\/\/www.aerolift.nl\/de\/kontakt\/\">Lifterexperten<\/a>, um herauszufinden, ob die EU-Serie f\u00fcr Ihre Situation geeignet ist.<\/p>\n<p><img data-recalc-dims=\"1\" loading=\"lazy\" decoding=\"async\" class=\"alignnone wp-image-11322\" src=\"https:\/\/i0.wp.com\/www.aerolift.nl\/wp-content\/uploads\/2022\/06\/Website-2-1.jpg?resize=464%2C255&#038;ssl=1\" alt=\"Aerolift vacuum lifter to lift sheet metals\" width=\"464\" height=\"255\" srcset=\"https:\/\/i0.wp.com\/www.aerolift.nl\/wp-content\/uploads\/2022\/06\/Website-2-1.jpg?resize=300%2C165&amp;ssl=1 300w, https:\/\/i0.wp.com\/www.aerolift.nl\/wp-content\/uploads\/2022\/06\/Website-2-1.jpg?resize=1024%2C563&amp;ssl=1 1024w, https:\/\/i0.wp.com\/www.aerolift.nl\/wp-content\/uploads\/2022\/06\/Website-2-1.jpg?resize=768%2C422&amp;ssl=1 768w, https:\/\/i0.wp.com\/www.aerolift.nl\/wp-content\/uploads\/2022\/06\/Website-2-1.jpg?resize=1536%2C844&amp;ssl=1 1536w, https:\/\/i0.wp.com\/www.aerolift.nl\/wp-content\/uploads\/2022\/06\/Website-2-1.jpg?resize=360%2C198&amp;ssl=1 360w, https:\/\/i0.wp.com\/www.aerolift.nl\/wp-content\/uploads\/2022\/06\/Website-2-1.jpg?resize=655%2C360&amp;ssl=1 655w, https:\/\/i0.wp.com\/www.aerolift.nl\/wp-content\/uploads\/2022\/06\/Website-2-1.jpg?resize=853%2C469&amp;ssl=1 853w, https:\/\/i0.wp.com\/www.aerolift.nl\/wp-content\/uploads\/2022\/06\/Website-2-1.jpg?resize=900%2C494&amp;ssl=1 900w, https:\/\/i0.wp.com\/www.aerolift.nl\/wp-content\/uploads\/2022\/06\/Website-2-1.jpg?resize=150%2C82&amp;ssl=1 150w, https:\/\/i0.wp.com\/www.aerolift.nl\/wp-content\/uploads\/2022\/06\/Website-2-1.jpg?w=1600&amp;ssl=1 1600w, https:\/\/i0.wp.com\/www.aerolift.nl\/wp-content\/uploads\/2022\/06\/Website-2-1.jpg?w=1280&amp;ssl=1 1280w\" sizes=\"auto, (max-width: 464px) 100vw, 464px\" \/> <img data-recalc-dims=\"1\" loading=\"lazy\" decoding=\"async\" class=\"alignnone wp-image-11302 size-medium\" src=\"https:\/\/i0.wp.com\/www.aerolift.nl\/wp-content\/uploads\/2022\/06\/Website-1.jpg?resize=300%2C255&#038;ssl=1\" alt=\"Aerolift vacuum lifter to lift rounded objects\" width=\"300\" height=\"255\" srcset=\"https:\/\/i0.wp.com\/www.aerolift.nl\/wp-content\/uploads\/2022\/06\/Website-1.jpg?resize=300%2C255&amp;ssl=1 300w, https:\/\/i0.wp.com\/www.aerolift.nl\/wp-content\/uploads\/2022\/06\/Website-1.jpg?resize=768%2C654&amp;ssl=1 768w, https:\/\/i0.wp.com\/www.aerolift.nl\/wp-content\/uploads\/2022\/06\/Website-1.jpg?resize=360%2C306&amp;ssl=1 360w, https:\/\/i0.wp.com\/www.aerolift.nl\/wp-content\/uploads\/2022\/06\/Website-1.jpg?resize=423%2C360&amp;ssl=1 423w, https:\/\/i0.wp.com\/www.aerolift.nl\/wp-content\/uploads\/2022\/06\/Website-1.jpg?resize=564%2C480&amp;ssl=1 564w, https:\/\/i0.wp.com\/www.aerolift.nl\/wp-content\/uploads\/2022\/06\/Website-1.jpg?resize=150%2C128&amp;ssl=1 150w, https:\/\/i0.wp.com\/www.aerolift.nl\/wp-content\/uploads\/2022\/06\/Website-1.jpg?w=879&amp;ssl=1 879w\" sizes=\"auto, (max-width: 300px) 100vw, 300px\" \/><\/p>\n","protected":false},"excerpt":{"rendered":"<p>Aerolift stellt die EU-Serie vor. Eine preisg\u00fcnstige Hebel\u00f6sung f\u00fcr relativ einfache Anwendungen. Das Ansaugen und Entladen dauert nur zwei Sekunden. Keine Besch\u00e4digung des Produkts durch den verteilten Fl\u00e4chendruck der Saugn\u00e4pfe und des weichen Aerolift-Gummis. Au\u00dferdem f\u00fchrt eine Person den gesamten Hebevorgang durch. Bewerbungen f\u00fcr die EU-Serie Die EU-Serie ist f\u00fcr&#8230;<\/p>\n","protected":false},"author":8,"featured_media":0,"parent":0,"menu_order":0,"comment_status":"closed","ping_status":"closed","template":"","meta":{"_acf_changed":false,"footnotes":""},"class_list":["post-11352","page","type-page","status-publish","hentry"],"acf":[],"yoast_head":"<!-- This site is optimized with the Yoast SEO plugin v27.5 - https:\/\/yoast.com\/product\/yoast-seo-wordpress\/ -->\n<title>Aerolift EU-Serie | Vakuumlifter | Aerolift<\/title>\n<meta name=\"description\" content=\"Aerolift stellt die EU-Serie vor. Eine preisg\u00fcnstige Hebel\u00f6sung f\u00fcr relativ einfache Anwendungen.\" \/>\n<meta name=\"robots\" content=\"index, follow, max-snippet:-1, max-image-preview:large, max-video-preview:-1\" \/>\n<link rel=\"canonical\" href=\"https:\/\/www.aerolift.nl\/de\/eu-serie\/\" \/>\n<meta property=\"og:locale\" content=\"de_DE\" \/>\n<meta property=\"og:type\" content=\"article\" \/>\n<meta property=\"og:title\" content=\"Aerolift EU-Serie | Vakuumlifter | Aerolift\" \/>\n<meta property=\"og:description\" content=\"Aerolift stellt die EU-Serie vor. Eine preisg\u00fcnstige Hebel\u00f6sung f\u00fcr relativ einfache Anwendungen.\" \/>\n<meta property=\"og:url\" content=\"https:\/\/www.aerolift.nl\/de\/eu-serie\/\" \/>\n<meta property=\"og:site_name\" content=\"Aerolift\" \/>\n<meta property=\"article:modified_time\" content=\"2022-06-28T13:49:22+00:00\" \/>\n<meta property=\"og:image\" content=\"https:\/\/www.aerolift.nl\/wp-content\/uploads\/2022\/06\/Website-3-1024x678.jpg\" \/>\n<meta name=\"twitter:card\" content=\"summary_large_image\" \/>\n<meta name=\"twitter:label1\" content=\"Gesch\u00e4tzte Lesezeit\" \/>\n\t<meta name=\"twitter:data1\" content=\"3\u00a0Minuten\" \/>\n<!-- \/ Yoast SEO plugin. -->","yoast_head_json":{"title":"Aerolift EU-Serie | Vakuumlifter | Aerolift","description":"Aerolift stellt die EU-Serie vor. Eine preisg\u00fcnstige Hebel\u00f6sung f\u00fcr relativ einfache Anwendungen.","robots":{"index":"index","follow":"follow","max-snippet":"max-snippet:-1","max-image-preview":"max-image-preview:large","max-video-preview":"max-video-preview:-1"},"canonical":"https:\/\/www.aerolift.nl\/de\/eu-serie\/","og_locale":"de_DE","og_type":"article","og_title":"Aerolift EU-Serie | Vakuumlifter | Aerolift","og_description":"Aerolift stellt die EU-Serie vor. Eine preisg\u00fcnstige Hebel\u00f6sung f\u00fcr relativ einfache Anwendungen.","og_url":"https:\/\/www.aerolift.nl\/de\/eu-serie\/","og_site_name":"Aerolift","article_modified_time":"2022-06-28T13:49:22+00:00","og_image":[{"url":"https:\/\/www.aerolift.nl\/wp-content\/uploads\/2022\/06\/Website-3-1024x678.jpg","type":"","width":"","height":""}],"twitter_card":"summary_large_image","twitter_misc":{"Gesch\u00e4tzte Lesezeit":"3\u00a0Minuten"},"schema":{"@context":"https:\/\/schema.org","@graph":[{"@type":"WebPage","@id":"https:\/\/www.aerolift.nl\/de\/eu-serie\/","url":"https:\/\/www.aerolift.nl\/de\/eu-serie\/","name":"Aerolift EU-Serie | Vakuumlifter | Aerolift","isPartOf":{"@id":"https:\/\/www.aerolift.nl\/#website"},"primaryImageOfPage":{"@id":"https:\/\/www.aerolift.nl\/de\/eu-serie\/#primaryimage"},"image":{"@id":"https:\/\/www.aerolift.nl\/de\/eu-serie\/#primaryimage"},"thumbnailUrl":"https:\/\/www.aerolift.nl\/wp-content\/uploads\/2022\/06\/Website-3-1024x678.jpg","datePublished":"2022-06-27T14:34:41+00:00","dateModified":"2022-06-28T13:49:22+00:00","description":"Aerolift stellt die EU-Serie vor. Eine preisg\u00fcnstige Hebel\u00f6sung f\u00fcr relativ einfache Anwendungen.","breadcrumb":{"@id":"https:\/\/www.aerolift.nl\/de\/eu-serie\/#breadcrumb"},"inLanguage":"de","potentialAction":[{"@type":"ReadAction","target":["https:\/\/www.aerolift.nl\/de\/eu-serie\/"]}]},{"@type":"ImageObject","inLanguage":"de","@id":"https:\/\/www.aerolift.nl\/de\/eu-serie\/#primaryimage","url":"https:\/\/www.aerolift.nl\/wp-content\/uploads\/2022\/06\/Website-3-1024x678.jpg","contentUrl":"https:\/\/www.aerolift.nl\/wp-content\/uploads\/2022\/06\/Website-3-1024x678.jpg"},{"@type":"BreadcrumbList","@id":"https:\/\/www.aerolift.nl\/de\/eu-serie\/#breadcrumb","itemListElement":[{"@type":"ListItem","position":1,"name":"Home","item":"https:\/\/www.aerolift.nl\/de\/"},{"@type":"ListItem","position":2,"name":"Aerolift EU-Serie"}]},{"@type":"WebSite","@id":"https:\/\/www.aerolift.nl\/#website","url":"https:\/\/www.aerolift.nl\/","name":"Aerolift","description":"Ein weiterer Wordpress -Website","publisher":{"@id":"https:\/\/www.aerolift.nl\/#organization"},"potentialAction":[{"@type":"SearchAction","target":{"@type":"EntryPoint","urlTemplate":"https:\/\/www.aerolift.nl\/?s={search_term_string}"},"query-input":{"@type":"PropertyValueSpecification","valueRequired":true,"valueName":"search_term_string"}}],"inLanguage":"de"},{"@type":"Organization","@id":"https:\/\/www.aerolift.nl\/#organization","name":"Aerolift Industrials bv","alternateName":"Aerolift","url":"https:\/\/www.aerolift.nl\/","logo":{"@type":"ImageObject","inLanguage":"de","@id":"https:\/\/www.aerolift.nl\/#\/schema\/logo\/image\/","url":"https:\/\/i0.wp.com\/www.aerolift.nl\/wp-content\/uploads\/2025\/07\/2024-logo-aerolift-corners-5.png?fit=1903%2C678&ssl=1","contentUrl":"https:\/\/i0.wp.com\/www.aerolift.nl\/wp-content\/uploads\/2025\/07\/2024-logo-aerolift-corners-5.png?fit=1903%2C678&ssl=1","width":1903,"height":678,"caption":"Aerolift Industrials bv"},"image":{"@id":"https:\/\/www.aerolift.nl\/#\/schema\/logo\/image\/"},"sameAs":["https:\/\/www.linkedin.com\/company\/aerolift-industrials-bv\/","https:\/\/www.youtube.com\/user\/AeroliftIndustrials1"]}]}},"jetpack_sharing_enabled":true,"_links":{"self":[{"href":"https:\/\/www.aerolift.nl\/de\/wp-json\/wp\/v2\/pages\/11352","targetHints":{"allow":["GET"]}}],"collection":[{"href":"https:\/\/www.aerolift.nl\/de\/wp-json\/wp\/v2\/pages"}],"about":[{"href":"https:\/\/www.aerolift.nl\/de\/wp-json\/wp\/v2\/types\/page"}],"author":[{"embeddable":true,"href":"https:\/\/www.aerolift.nl\/de\/wp-json\/wp\/v2\/users\/8"}],"replies":[{"embeddable":true,"href":"https:\/\/www.aerolift.nl\/de\/wp-json\/wp\/v2\/comments?post=11352"}],"version-history":[{"count":2,"href":"https:\/\/www.aerolift.nl\/de\/wp-json\/wp\/v2\/pages\/11352\/revisions"}],"predecessor-version":[{"id":11354,"href":"https:\/\/www.aerolift.nl\/de\/wp-json\/wp\/v2\/pages\/11352\/revisions\/11354"}],"wp:attachment":[{"href":"https:\/\/www.aerolift.nl\/de\/wp-json\/wp\/v2\/media?parent=11352"}],"curies":[{"name":"wp","href":"https:\/\/api.w.org\/{rel}","templated":true}]}}