{"id":11979,"date":"2024-02-23T12:07:57","date_gmt":"2024-02-23T11:07:57","guid":{"rendered":"https:\/\/www.aerolift.nl\/?page_id=11979"},"modified":"2024-02-23T12:13:59","modified_gmt":"2024-02-23T11:13:59","slug":"vakuum-kippgerat","status":"publish","type":"page","link":"https:\/\/www.aerolift.nl\/de\/vakuum-kippgerat\/","title":{"rendered":"Vakuum-Kippger\u00e4t"},"content":{"rendered":"","protected":false},"excerpt":{"rendered":"","protected":false},"author":22,"featured_media":0,"parent":0,"menu_order":0,"comment_status":"closed","ping_status":"closed","template":"","meta":{"_acf_changed":false,"footnotes":""},"class_list":["post-11979","page","type-page","status-publish","hentry"],"acf":[],"yoast_head":"<!-- This site is optimized with the Yoast SEO plugin v27.6 - https:\/\/yoast.com\/product\/yoast-seo-wordpress\/ -->\n<title>Vakuum-Kippger\u00e4t | Vacuumheber von Aerolift Industrials<\/title>\n<meta name=\"description\" content=\"Sie ben\u00f6tigen eine Maschine, mit der Sie nicht nur schwere Lasten handhaben k\u00f6nnen, sondern die sich auch kippen l\u00e4sst? Dann vertrauen Sie auf Aerolift!\" \/>\n<meta name=\"robots\" content=\"index, follow, max-snippet:-1, max-image-preview:large, max-video-preview:-1\" \/>\n<link rel=\"canonical\" href=\"https:\/\/www.aerolift.nl\/de\/vakuum-kippgerat\/\" \/>\n<meta property=\"og:locale\" content=\"de_DE\" \/>\n<meta property=\"og:type\" content=\"article\" \/>\n<meta property=\"og:title\" content=\"Vakuum-Kippger\u00e4t | Vacuumheber von Aerolift Industrials\" \/>\n<meta property=\"og:description\" content=\"Sie ben\u00f6tigen eine Maschine, mit der Sie nicht nur schwere Lasten handhaben k\u00f6nnen, sondern die sich auch kippen l\u00e4sst? Dann vertrauen Sie auf Aerolift!\" \/>\n<meta property=\"og:url\" content=\"https:\/\/www.aerolift.nl\/de\/vakuum-kippgerat\/\" \/>\n<meta property=\"og:site_name\" content=\"Aerolift\" \/>\n<meta property=\"article:modified_time\" content=\"2024-02-23T11:13:59+00:00\" \/>\n<meta name=\"twitter:card\" content=\"summary_large_image\" \/>\n<!-- \/ Yoast SEO plugin. -->","yoast_head_json":{"title":"Vakuum-Kippger\u00e4t | Vacuumheber von Aerolift Industrials","description":"Sie ben\u00f6tigen eine Maschine, mit der Sie nicht nur schwere Lasten handhaben k\u00f6nnen, sondern die sich auch kippen l\u00e4sst? Dann vertrauen Sie auf Aerolift!","robots":{"index":"index","follow":"follow","max-snippet":"max-snippet:-1","max-image-preview":"max-image-preview:large","max-video-preview":"max-video-preview:-1"},"canonical":"https:\/\/www.aerolift.nl\/de\/vakuum-kippgerat\/","og_locale":"de_DE","og_type":"article","og_title":"Vakuum-Kippger\u00e4t | Vacuumheber von Aerolift Industrials","og_description":"Sie ben\u00f6tigen eine Maschine, mit der Sie nicht nur schwere Lasten handhaben k\u00f6nnen, sondern die sich auch kippen l\u00e4sst? Dann vertrauen Sie auf Aerolift!","og_url":"https:\/\/www.aerolift.nl\/de\/vakuum-kippgerat\/","og_site_name":"Aerolift","article_modified_time":"2024-02-23T11:13:59+00:00","twitter_card":"summary_large_image","schema":{"@context":"https:\/\/schema.org","@graph":[{"@type":"WebPage","@id":"https:\/\/www.aerolift.nl\/de\/vakuum-kippgerat\/","url":"https:\/\/www.aerolift.nl\/de\/vakuum-kippgerat\/","name":"Vakuum-Kippger\u00e4t | Vacuumheber von Aerolift Industrials","isPartOf":{"@id":"https:\/\/www.aerolift.nl\/#website"},"datePublished":"2024-02-23T11:07:57+00:00","dateModified":"2024-02-23T11:13:59+00:00","description":"Sie ben\u00f6tigen eine Maschine, mit der Sie nicht nur schwere Lasten handhaben k\u00f6nnen, sondern die sich auch kippen l\u00e4sst? Dann vertrauen Sie auf Aerolift!","breadcrumb":{"@id":"https:\/\/www.aerolift.nl\/de\/vakuum-kippgerat\/#breadcrumb"},"inLanguage":"de","potentialAction":[{"@type":"ReadAction","target":["https:\/\/www.aerolift.nl\/de\/vakuum-kippgerat\/"]}]},{"@type":"BreadcrumbList","@id":"https:\/\/www.aerolift.nl\/de\/vakuum-kippgerat\/#breadcrumb","itemListElement":[{"@type":"ListItem","position":1,"name":"Home","item":"https:\/\/www.aerolift.nl\/de\/"},{"@type":"ListItem","position":2,"name":"Vakuum-Kippger\u00e4t"}]},{"@type":"WebSite","@id":"https:\/\/www.aerolift.nl\/#website","url":"https:\/\/www.aerolift.nl\/","name":"Aerolift","description":"Ein weiterer Wordpress -Website","publisher":{"@id":"https:\/\/www.aerolift.nl\/#organization"},"potentialAction":[{"@type":"SearchAction","target":{"@type":"EntryPoint","urlTemplate":"https:\/\/www.aerolift.nl\/?s={search_term_string}"},"query-input":{"@type":"PropertyValueSpecification","valueRequired":true,"valueName":"search_term_string"}}],"inLanguage":"de"},{"@type":"Organization","@id":"https:\/\/www.aerolift.nl\/#organization","name":"Aerolift Industrials bv","alternateName":"Aerolift","url":"https:\/\/www.aerolift.nl\/","logo":{"@type":"ImageObject","inLanguage":"de","@id":"https:\/\/www.aerolift.nl\/#\/schema\/logo\/image\/","url":"https:\/\/i0.wp.com\/www.aerolift.nl\/wp-content\/uploads\/2025\/07\/2024-logo-aerolift-corners-5.png?fit=1903%2C678&ssl=1","contentUrl":"https:\/\/i0.wp.com\/www.aerolift.nl\/wp-content\/uploads\/2025\/07\/2024-logo-aerolift-corners-5.png?fit=1903%2C678&ssl=1","width":1903,"height":678,"caption":"Aerolift Industrials bv"},"image":{"@id":"https:\/\/www.aerolift.nl\/#\/schema\/logo\/image\/"},"sameAs":["https:\/\/www.linkedin.com\/company\/aerolift-industrials-bv\/","https:\/\/www.youtube.com\/user\/AeroliftIndustrials1"]}]}},"jetpack_sharing_enabled":true,"_links":{"self":[{"href":"https:\/\/www.aerolift.nl\/de\/wp-json\/wp\/v2\/pages\/11979","targetHints":{"allow":["GET"]}}],"collection":[{"href":"https:\/\/www.aerolift.nl\/de\/wp-json\/wp\/v2\/pages"}],"about":[{"href":"https:\/\/www.aerolift.nl\/de\/wp-json\/wp\/v2\/types\/page"}],"author":[{"embeddable":true,"href":"https:\/\/www.aerolift.nl\/de\/wp-json\/wp\/v2\/users\/22"}],"replies":[{"embeddable":true,"href":"https:\/\/www.aerolift.nl\/de\/wp-json\/wp\/v2\/comments?post=11979"}],"version-history":[{"count":5,"href":"https:\/\/www.aerolift.nl\/de\/wp-json\/wp\/v2\/pages\/11979\/revisions"}],"predecessor-version":[{"id":11984,"href":"https:\/\/www.aerolift.nl\/de\/wp-json\/wp\/v2\/pages\/11979\/revisions\/11984"}],"wp:attachment":[{"href":"https:\/\/www.aerolift.nl\/de\/wp-json\/wp\/v2\/media?parent=11979"}],"curies":[{"name":"wp","href":"https:\/\/api.w.org\/{rel}","templated":true}]}}