{"id":1619,"date":"2015-10-23T10:48:30","date_gmt":"2015-10-23T09:48:30","guid":{"rendered":"http:\/\/www.aerolift.nl\/de\/?page_id=1619"},"modified":"2017-03-22T09:57:33","modified_gmt":"2017-03-22T08:57:33","slug":"vermietung","status":"publish","type":"page","link":"https:\/\/www.aerolift.nl\/de\/galerie\/vermietung\/","title":{"rendered":"Vermietung"},"content":{"rendered":"","protected":false},"excerpt":{"rendered":"","protected":false},"author":8,"featured_media":2024,"parent":1533,"menu_order":13,"comment_status":"open","ping_status":"open","template":"page-gallerij.php","meta":{"_acf_changed":false,"footnotes":""},"class_list":["post-1619","page","type-page","status-publish","has-post-thumbnail","hentry"],"acf":[],"yoast_head":"<!-- This site is optimized with the Yoast SEO plugin v27.5 - https:\/\/yoast.com\/product\/yoast-seo-wordpress\/ -->\n<title>Vermietung - Aerolift<\/title>\n<meta name=\"robots\" content=\"index, follow, max-snippet:-1, max-image-preview:large, max-video-preview:-1\" \/>\n<link rel=\"canonical\" href=\"https:\/\/www.aerolift.nl\/de\/galerie\/vermietung\/\" \/>\n<meta property=\"og:locale\" content=\"de_DE\" \/>\n<meta property=\"og:type\" content=\"article\" \/>\n<meta property=\"og:title\" content=\"Vermietung - Aerolift\" \/>\n<meta property=\"og:url\" content=\"https:\/\/www.aerolift.nl\/de\/galerie\/vermietung\/\" \/>\n<meta property=\"og:site_name\" content=\"Aerolift\" \/>\n<meta property=\"article:modified_time\" content=\"2017-03-22T08:57:33+00:00\" \/>\n<meta property=\"og:image\" content=\"https:\/\/i0.wp.com\/www.aerolift.nl\/wp-content\/uploads\/2015\/10\/T675E90H-Vakuumheber-mieten.jpg?fit=853%2C480&ssl=1\" \/>\n\t<meta property=\"og:image:width\" content=\"853\" \/>\n\t<meta property=\"og:image:height\" content=\"480\" \/>\n\t<meta property=\"og:image:type\" content=\"image\/jpeg\" \/>\n<meta name=\"twitter:card\" content=\"summary_large_image\" \/>\n<!-- \/ Yoast SEO plugin. -->","yoast_head_json":{"title":"Vermietung - Aerolift","robots":{"index":"index","follow":"follow","max-snippet":"max-snippet:-1","max-image-preview":"max-image-preview:large","max-video-preview":"max-video-preview:-1"},"canonical":"https:\/\/www.aerolift.nl\/de\/galerie\/vermietung\/","og_locale":"de_DE","og_type":"article","og_title":"Vermietung - Aerolift","og_url":"https:\/\/www.aerolift.nl\/de\/galerie\/vermietung\/","og_site_name":"Aerolift","article_modified_time":"2017-03-22T08:57:33+00:00","og_image":[{"width":853,"height":480,"url":"https:\/\/i0.wp.com\/www.aerolift.nl\/wp-content\/uploads\/2015\/10\/T675E90H-Vakuumheber-mieten.jpg?fit=853%2C480&ssl=1","type":"image\/jpeg"}],"twitter_card":"summary_large_image","schema":{"@context":"https:\/\/schema.org","@graph":[{"@type":"WebPage","@id":"https:\/\/www.aerolift.nl\/de\/galerie\/vermietung\/","url":"https:\/\/www.aerolift.nl\/de\/galerie\/vermietung\/","name":"Vermietung - Aerolift","isPartOf":{"@id":"https:\/\/www.aerolift.nl\/#website"},"primaryImageOfPage":{"@id":"https:\/\/www.aerolift.nl\/de\/galerie\/vermietung\/#primaryimage"},"image":{"@id":"https:\/\/www.aerolift.nl\/de\/galerie\/vermietung\/#primaryimage"},"thumbnailUrl":"https:\/\/i0.wp.com\/www.aerolift.nl\/wp-content\/uploads\/2015\/10\/T675E90H-Vakuumheber-mieten.jpg?fit=853%2C480&ssl=1","datePublished":"2015-10-23T09:48:30+00:00","dateModified":"2017-03-22T08:57:33+00:00","breadcrumb":{"@id":"https:\/\/www.aerolift.nl\/de\/galerie\/vermietung\/#breadcrumb"},"inLanguage":"de","potentialAction":[{"@type":"ReadAction","target":["https:\/\/www.aerolift.nl\/de\/galerie\/vermietung\/"]}]},{"@type":"ImageObject","inLanguage":"de","@id":"https:\/\/www.aerolift.nl\/de\/galerie\/vermietung\/#primaryimage","url":"https:\/\/i0.wp.com\/www.aerolift.nl\/wp-content\/uploads\/2015\/10\/T675E90H-Vakuumheber-mieten.jpg?fit=853%2C480&ssl=1","contentUrl":"https:\/\/i0.wp.com\/www.aerolift.nl\/wp-content\/uploads\/2015\/10\/T675E90H-Vakuumheber-mieten.jpg?fit=853%2C480&ssl=1","width":853,"height":480,"caption":"Ein Vakuum Hebeger\u00e4t mit einer Kapazit\u00e4t von 6,75 Tin mit dem Ziel, Betonw\u00e4nde entschalen und 90 Grad kippen"},{"@type":"BreadcrumbList","@id":"https:\/\/www.aerolift.nl\/de\/galerie\/vermietung\/#breadcrumb","itemListElement":[{"@type":"ListItem","position":1,"name":"Home","item":"https:\/\/www.aerolift.nl\/de\/"},{"@type":"ListItem","position":2,"name":"Galerie","item":"https:\/\/www.aerolift.nl\/de\/galerie\/"},{"@type":"ListItem","position":3,"name":"Vermietung"}]},{"@type":"WebSite","@id":"https:\/\/www.aerolift.nl\/#website","url":"https:\/\/www.aerolift.nl\/","name":"Aerolift","description":"Ein weiterer Wordpress -Website","publisher":{"@id":"https:\/\/www.aerolift.nl\/#organization"},"potentialAction":[{"@type":"SearchAction","target":{"@type":"EntryPoint","urlTemplate":"https:\/\/www.aerolift.nl\/?s={search_term_string}"},"query-input":{"@type":"PropertyValueSpecification","valueRequired":true,"valueName":"search_term_string"}}],"inLanguage":"de"},{"@type":"Organization","@id":"https:\/\/www.aerolift.nl\/#organization","name":"Aerolift Industrials bv","alternateName":"Aerolift","url":"https:\/\/www.aerolift.nl\/","logo":{"@type":"ImageObject","inLanguage":"de","@id":"https:\/\/www.aerolift.nl\/#\/schema\/logo\/image\/","url":"https:\/\/i0.wp.com\/www.aerolift.nl\/wp-content\/uploads\/2025\/07\/2024-logo-aerolift-corners-5.png?fit=1903%2C678&ssl=1","contentUrl":"https:\/\/i0.wp.com\/www.aerolift.nl\/wp-content\/uploads\/2025\/07\/2024-logo-aerolift-corners-5.png?fit=1903%2C678&ssl=1","width":1903,"height":678,"caption":"Aerolift Industrials bv"},"image":{"@id":"https:\/\/www.aerolift.nl\/#\/schema\/logo\/image\/"},"sameAs":["https:\/\/www.linkedin.com\/company\/aerolift-industrials-bv\/","https:\/\/www.youtube.com\/user\/AeroliftIndustrials1"]}]}},"jetpack_sharing_enabled":true,"_links":{"self":[{"href":"https:\/\/www.aerolift.nl\/de\/wp-json\/wp\/v2\/pages\/1619","targetHints":{"allow":["GET"]}}],"collection":[{"href":"https:\/\/www.aerolift.nl\/de\/wp-json\/wp\/v2\/pages"}],"about":[{"href":"https:\/\/www.aerolift.nl\/de\/wp-json\/wp\/v2\/types\/page"}],"author":[{"embeddable":true,"href":"https:\/\/www.aerolift.nl\/de\/wp-json\/wp\/v2\/users\/8"}],"replies":[{"embeddable":true,"href":"https:\/\/www.aerolift.nl\/de\/wp-json\/wp\/v2\/comments?post=1619"}],"version-history":[{"count":2,"href":"https:\/\/www.aerolift.nl\/de\/wp-json\/wp\/v2\/pages\/1619\/revisions"}],"predecessor-version":[{"id":2563,"href":"https:\/\/www.aerolift.nl\/de\/wp-json\/wp\/v2\/pages\/1619\/revisions\/2563"}],"up":[{"embeddable":true,"href":"https:\/\/www.aerolift.nl\/de\/wp-json\/wp\/v2\/pages\/1533"}],"wp:featuredmedia":[{"embeddable":true,"href":"https:\/\/www.aerolift.nl\/de\/wp-json\/wp\/v2\/media\/2024"}],"wp:attachment":[{"href":"https:\/\/www.aerolift.nl\/de\/wp-json\/wp\/v2\/media?parent=1619"}],"curies":[{"name":"wp","href":"https:\/\/api.w.org\/{rel}","templated":true}]}}