{"id":1825,"date":"2015-10-28T10:05:10","date_gmt":"2015-10-28T09:05:10","guid":{"rendered":"http:\/\/www.aerolift.nl\/de\/?page_id=1825"},"modified":"2022-03-22T15:48:18","modified_gmt":"2022-03-22T14:48:18","slug":"vermietung-von-vakuum-hebegeraten","status":"publish","type":"page","link":"https:\/\/www.aerolift.nl\/de\/vermietung-von-vakuum-hebegeraten\/","title":{"rendered":"Vermietung von Vakuum Hebeger\u00e4ten"},"content":{"rendered":"<p>Haben Sie ein Projekt, bei dem Materialien <strong>angehoben<\/strong>, <strong>transportiert<\/strong> oder <strong>verlagert<\/strong> werden\u00a0m\u00fcssen? Bei Aerolift k\u00f6nnen Sie Vakuum Hebeger\u00e4te f\u00fcr befristete Zeitr\u00e4ume mieten. So stehen Sie\u00a0nicht vor gr\u00f6\u00dferen Investitionskosten und k\u00f6nnen dennoch sicher sein, dass Sie bei Ihrem Projekt mit\u00a0Hebeger\u00e4ten <strong>der besten Qualit\u00e4t<\/strong> arbeiten. Im Laufe der Jahre hat Aerolift eine Vielzahl an\u00a0Vakuumhebern produziert, die nun f\u00fcr\u00a0die Vermietung eingesetzt werden. So k\u00f6nnen wir f\u00fcr beinah\u00a0jedes Projekt das passende Vakuum Hebeger\u00e4t anbieten.<\/p>\n<h2>Ein Hebeger\u00e4t bei Aerolift mieten<\/h2>\n<p>Nicht nur beim Verkauf, sondern auch bei der Vermietung eines <a href=\"https:\/\/www.aerolift.nl\/de\/was-sind-vakuumheber\/\">Vakuum Hebeger\u00e4tes<\/a> m\u00f6chten wir\u00a0unsere Kunden <strong>so optimal\u00a0wie m\u00f6glich<\/strong> bedienen. Gemeinsam mit Ihnen besprechen wir das Projekt, f\u00fcr das Sie einen Vakuumheber einsetzen m\u00f6chten. So bekommen wir ein deutliches Bild Ihres Bedarfs. Auf diese Weise k\u00f6nnen wir Sie optimal \u00fcber die erforderliche Kapazit\u00e4t des Hebeger\u00e4tes, die Art der Saugschale und andere technische und praktische Fragen beraten.<\/p>\n<h2>Vermietung von Vakuumhebern in drei Preisklassen<\/h2>\n<p>Auf Basis der unterschiedlichen Kapazit\u00e4ten der Mietger\u00e4te unterscheiden wir <strong>drei Preisklassen<\/strong>:<\/p>\n<p><strong>Klasse 3<\/strong><\/p>\n<ul>\n<li>Erste Woche \u20ac 680,- pro Woche<\/li>\n<li>Jede weitere Woche \u20ac 480,-<\/li>\n<\/ul>\n<p><strong>Klasse 2<\/strong><\/p>\n<ul>\n<li>Erste Woche \u20ac 780,- pro Woche<\/li>\n<li>Jede weitere Woche \u20ac 580,-<\/li>\n<\/ul>\n<p><strong>Klasse 1<\/strong><\/p>\n<ul>\n<li>Erste Woche \u20ac 980,- pro Woche<\/li>\n<li>Jede weitere Woche \u20ac 780,-<\/li>\n<\/ul>\n<p>Neben dem Mietpreis berechnen wir eine <strong>Standardkaution<\/strong> von \u20ac 4.800,- pro Ger\u00e4t. Das <strong>Abholen\u00a0und Zur\u00fcckbringen<\/strong> des Vakuumhebers liegt bei dem Mieter.<\/p>\n<h2>Extras und Mietkauf<\/h2>\n<p>All unsere Mietger\u00e4te sind mit unseren herk\u00f6mmlichen <strong>Saugschalen<\/strong> ausgestattet. Brauchen Sie f\u00fcr Ihr Projekt andere Saugschale? Das ist kein Problem, wir sorgen gerne &#8211; gegen Mehrkosten &#8211; f\u00fcr eine Anpassung des Ger\u00e4ts mit speziellen Saugschalen. Sollten Sie nach Ende Ihres Projekts so begeistert \u00fcber unser Produkt und die <a href=\"http:\/\/www.aerolift.nl\/de\/was-sind-vakuumheber\/\">Vorteile der Vakuumtechnik<\/a> geworden sein, dass Sie es gerne behalten\u00a0m\u00f6chten, besteht zudem die <strong>M\u00f6glichkeit auf Mietkauf<\/strong>.<\/p>\n<h2>Mehr erfahren \u00fcber die Vermietung von Vakuum Hebeger\u00e4ten?<\/h2>\n<p>M\u00f6chten Sie wissen, ob einer unserer\u00a0<strong>Vakuumheber<\/strong>\u00a0f\u00fcr Ihr Projekt geeignet ist? Haben Sie noch\u00a0Fragen technischer Art oder m\u00f6chten Sie mehr wissen zum Thema Mietkauf? Nehmen\u00a0Sie\u00a0unverbindlich\u00a0\u00fcber unser Online Formular <a href=\"https:\/\/www.aerolift.nl\/de\/kontakt\/\">Kontakt<\/a>\u00a0mit uns auf oder rufen Sie uns an: +31 (0) 346\u00a035 43 33. Wir freuen uns auf Ihre Anfrage!<\/p>\n","protected":false},"excerpt":{"rendered":"<p>Haben Sie ein Projekt, bei dem Materialien angehoben, transportiert oder verlagert werden\u00a0m\u00fcssen? Bei Aerolift k\u00f6nnen Sie Vakuum Hebeger\u00e4te f\u00fcr befristete Zeitr\u00e4ume mieten. So stehen Sie\u00a0nicht vor gr\u00f6\u00dferen Investitionskosten und k\u00f6nnen dennoch sicher sein, dass Sie bei Ihrem Projekt mit\u00a0Hebeger\u00e4ten der besten Qualit\u00e4t arbeiten. Im Laufe der Jahre hat Aerolift eine&#8230;<\/p>\n","protected":false},"author":8,"featured_media":0,"parent":0,"menu_order":0,"comment_status":"open","ping_status":"open","template":"page-verhuur.php","meta":{"_acf_changed":false,"footnotes":""},"class_list":["post-1825","page","type-page","status-publish","hentry"],"acf":[],"yoast_head":"<!-- This site is optimized with the Yoast SEO plugin v27.3 - https:\/\/yoast.com\/product\/yoast-seo-wordpress\/ -->\n<title>Vermietung von Vakuum Hebeger\u00e4ten | Aerolift<\/title>\n<meta name=\"description\" content=\"M\u00f6chten auch Sie Vakuum Hebeger\u00e4te f\u00fcr Ihr n\u00e4chstes Projekt mieten? Dann sind Sie bei Aerolift genau an der richtigen Adresse. Gemeinsam mit Ihnen besprechen wir die zahlreichen M\u00f6glichkeiten f\u00fcr den Einsatz unserer Vakuumheber. Erfahren Sie hier alles \u00fcber die Vorteile der Vakuumtechnik.\" \/>\n<meta name=\"robots\" content=\"index, follow, max-snippet:-1, max-image-preview:large, max-video-preview:-1\" \/>\n<link rel=\"canonical\" href=\"https:\/\/www.aerolift.nl\/de\/vermietung-von-vakuum-hebegeraten\/\" \/>\n<meta property=\"og:locale\" content=\"de_DE\" \/>\n<meta property=\"og:type\" content=\"article\" \/>\n<meta property=\"og:title\" content=\"Vermietung von Vakuum Hebeger\u00e4ten | Aerolift\" \/>\n<meta property=\"og:description\" content=\"M\u00f6chten auch Sie Vakuum Hebeger\u00e4te f\u00fcr Ihr n\u00e4chstes Projekt mieten? Dann sind Sie bei Aerolift genau an der richtigen Adresse. Gemeinsam mit Ihnen besprechen wir die zahlreichen M\u00f6glichkeiten f\u00fcr den Einsatz unserer Vakuumheber. Erfahren Sie hier alles \u00fcber die Vorteile der Vakuumtechnik.\" \/>\n<meta property=\"og:url\" content=\"https:\/\/www.aerolift.nl\/de\/vermietung-von-vakuum-hebegeraten\/\" \/>\n<meta property=\"og:site_name\" content=\"Aerolift\" \/>\n<meta property=\"article:modified_time\" content=\"2022-03-22T14:48:18+00:00\" \/>\n<meta name=\"twitter:card\" content=\"summary_large_image\" \/>\n<meta name=\"twitter:label1\" content=\"Gesch\u00e4tzte Lesezeit\" \/>\n\t<meta name=\"twitter:data1\" content=\"2\u00a0Minuten\" \/>\n<!-- \/ Yoast SEO plugin. -->","yoast_head_json":{"title":"Vermietung von Vakuum Hebeger\u00e4ten | Aerolift","description":"M\u00f6chten auch Sie Vakuum Hebeger\u00e4te f\u00fcr Ihr n\u00e4chstes Projekt mieten? Dann sind Sie bei Aerolift genau an der richtigen Adresse. Gemeinsam mit Ihnen besprechen wir die zahlreichen M\u00f6glichkeiten f\u00fcr den Einsatz unserer Vakuumheber. Erfahren Sie hier alles \u00fcber die Vorteile der Vakuumtechnik.","robots":{"index":"index","follow":"follow","max-snippet":"max-snippet:-1","max-image-preview":"max-image-preview:large","max-video-preview":"max-video-preview:-1"},"canonical":"https:\/\/www.aerolift.nl\/de\/vermietung-von-vakuum-hebegeraten\/","og_locale":"de_DE","og_type":"article","og_title":"Vermietung von Vakuum Hebeger\u00e4ten | Aerolift","og_description":"M\u00f6chten auch Sie Vakuum Hebeger\u00e4te f\u00fcr Ihr n\u00e4chstes Projekt mieten? Dann sind Sie bei Aerolift genau an der richtigen Adresse. Gemeinsam mit Ihnen besprechen wir die zahlreichen M\u00f6glichkeiten f\u00fcr den Einsatz unserer Vakuumheber. Erfahren Sie hier alles \u00fcber die Vorteile der Vakuumtechnik.","og_url":"https:\/\/www.aerolift.nl\/de\/vermietung-von-vakuum-hebegeraten\/","og_site_name":"Aerolift","article_modified_time":"2022-03-22T14:48:18+00:00","twitter_card":"summary_large_image","twitter_misc":{"Gesch\u00e4tzte Lesezeit":"2\u00a0Minuten"},"schema":{"@context":"https:\/\/schema.org","@graph":[{"@type":"WebPage","@id":"https:\/\/www.aerolift.nl\/de\/vermietung-von-vakuum-hebegeraten\/","url":"https:\/\/www.aerolift.nl\/de\/vermietung-von-vakuum-hebegeraten\/","name":"Vermietung von Vakuum Hebeger\u00e4ten | Aerolift","isPartOf":{"@id":"https:\/\/www.aerolift.nl\/#website"},"datePublished":"2015-10-28T09:05:10+00:00","dateModified":"2022-03-22T14:48:18+00:00","description":"M\u00f6chten auch Sie Vakuum Hebeger\u00e4te f\u00fcr Ihr n\u00e4chstes Projekt mieten? Dann sind Sie bei Aerolift genau an der richtigen Adresse. Gemeinsam mit Ihnen besprechen wir die zahlreichen M\u00f6glichkeiten f\u00fcr den Einsatz unserer Vakuumheber. Erfahren Sie hier alles \u00fcber die Vorteile der Vakuumtechnik.","breadcrumb":{"@id":"https:\/\/www.aerolift.nl\/de\/vermietung-von-vakuum-hebegeraten\/#breadcrumb"},"inLanguage":"de","potentialAction":[{"@type":"ReadAction","target":["https:\/\/www.aerolift.nl\/de\/vermietung-von-vakuum-hebegeraten\/"]}]},{"@type":"BreadcrumbList","@id":"https:\/\/www.aerolift.nl\/de\/vermietung-von-vakuum-hebegeraten\/#breadcrumb","itemListElement":[{"@type":"ListItem","position":1,"name":"Home","item":"https:\/\/www.aerolift.nl\/de\/"},{"@type":"ListItem","position":2,"name":"Vermietung von Vakuum Hebeger\u00e4ten"}]},{"@type":"WebSite","@id":"https:\/\/www.aerolift.nl\/#website","url":"https:\/\/www.aerolift.nl\/","name":"Aerolift","description":"Ein weiterer Wordpress -Website","publisher":{"@id":"https:\/\/www.aerolift.nl\/#organization"},"potentialAction":[{"@type":"SearchAction","target":{"@type":"EntryPoint","urlTemplate":"https:\/\/www.aerolift.nl\/?s={search_term_string}"},"query-input":{"@type":"PropertyValueSpecification","valueRequired":true,"valueName":"search_term_string"}}],"inLanguage":"de"},{"@type":"Organization","@id":"https:\/\/www.aerolift.nl\/#organization","name":"Aerolift Industrials bv","alternateName":"Aerolift","url":"https:\/\/www.aerolift.nl\/","logo":{"@type":"ImageObject","inLanguage":"de","@id":"https:\/\/www.aerolift.nl\/#\/schema\/logo\/image\/","url":"https:\/\/i0.wp.com\/www.aerolift.nl\/wp-content\/uploads\/2025\/07\/2024-logo-aerolift-corners-5.png?fit=1903%2C678&ssl=1","contentUrl":"https:\/\/i0.wp.com\/www.aerolift.nl\/wp-content\/uploads\/2025\/07\/2024-logo-aerolift-corners-5.png?fit=1903%2C678&ssl=1","width":1903,"height":678,"caption":"Aerolift Industrials bv"},"image":{"@id":"https:\/\/www.aerolift.nl\/#\/schema\/logo\/image\/"},"sameAs":["https:\/\/www.linkedin.com\/company\/aerolift-industrials-bv\/","https:\/\/www.youtube.com\/user\/AeroliftIndustrials1"]}]}},"jetpack_sharing_enabled":true,"_links":{"self":[{"href":"https:\/\/www.aerolift.nl\/de\/wp-json\/wp\/v2\/pages\/1825","targetHints":{"allow":["GET"]}}],"collection":[{"href":"https:\/\/www.aerolift.nl\/de\/wp-json\/wp\/v2\/pages"}],"about":[{"href":"https:\/\/www.aerolift.nl\/de\/wp-json\/wp\/v2\/types\/page"}],"author":[{"embeddable":true,"href":"https:\/\/www.aerolift.nl\/de\/wp-json\/wp\/v2\/users\/8"}],"replies":[{"embeddable":true,"href":"https:\/\/www.aerolift.nl\/de\/wp-json\/wp\/v2\/comments?post=1825"}],"version-history":[{"count":14,"href":"https:\/\/www.aerolift.nl\/de\/wp-json\/wp\/v2\/pages\/1825\/revisions"}],"predecessor-version":[{"id":11090,"href":"https:\/\/www.aerolift.nl\/de\/wp-json\/wp\/v2\/pages\/1825\/revisions\/11090"}],"wp:attachment":[{"href":"https:\/\/www.aerolift.nl\/de\/wp-json\/wp\/v2\/media?parent=1825"}],"curies":[{"name":"wp","href":"https:\/\/api.w.org\/{rel}","templated":true}]}}