{"id":3603,"date":"2016-05-17T10:30:31","date_gmt":"2016-05-17T09:30:31","guid":{"rendered":"http:\/\/www.aerolift.nl\/de\/?page_id=3603"},"modified":"2023-10-26T12:00:06","modified_gmt":"2023-10-26T11:00:06","slug":"impressum","status":"publish","type":"page","link":"https:\/\/www.aerolift.nl\/de\/impressum\/","title":{"rendered":"Impressum"},"content":{"rendered":"<p>Aerolift Industrials B.V.<br \/>\nParmentierstraat 2A<br \/>\n3772 MS Barneveld<br \/>\nNiederlande<\/p>\n<p>Telefon: +31 (0) 346 35 43 33<br \/>\nE-Mail: <a href=\"mailto:mail@aerolift.nl\">mail@aerolift.nl<\/a><\/p>\n<p>Gesch\u00e4ftsf\u00fchrer: Robert Lemm<br \/>\nHandelsregisternummer (KvK): 30131771<br \/>\nUmsatzsteuer-Identifikationsnummer (BTW nummer) gem\u00e4\u00df \u00a7 27 a Umsatzsteuergesetz:\u00a0Umsatzsteuer NL001956188B01<\/p>\n","protected":false},"excerpt":{"rendered":"<p>Aerolift Industrials B.V. Parmentierstraat 2A 3772 MS Barneveld Niederlande Telefon: +31 (0) 346 35 43 33 E-Mail: mail@aerolift.nl Gesch\u00e4ftsf\u00fchrer: Robert Lemm Handelsregisternummer (KvK): 30131771 Umsatzsteuer-Identifikationsnummer (BTW nummer) gem\u00e4\u00df \u00a7 27 a Umsatzsteuergesetz:\u00a0Umsatzsteuer NL001956188B01<\/p>\n","protected":false},"author":22,"featured_media":0,"parent":0,"menu_order":0,"comment_status":"closed","ping_status":"closed","template":"","meta":{"_acf_changed":false,"footnotes":""},"class_list":["post-3603","page","type-page","status-publish","hentry"],"acf":[],"yoast_head":"<!-- This site is optimized with the Yoast SEO plugin v27.4 - https:\/\/yoast.com\/product\/yoast-seo-wordpress\/ -->\n<title>Impressum - Aerolift<\/title>\n<meta name=\"robots\" content=\"index, follow, max-snippet:-1, max-image-preview:large, max-video-preview:-1\" \/>\n<link rel=\"canonical\" href=\"https:\/\/www.aerolift.nl\/de\/impressum\/\" \/>\n<meta property=\"og:locale\" content=\"de_DE\" \/>\n<meta property=\"og:type\" content=\"article\" \/>\n<meta property=\"og:title\" content=\"Impressum - Aerolift\" \/>\n<meta property=\"og:description\" content=\"Aerolift Industrials B.V. Parmentierstraat 2A 3772 MS Barneveld Niederlande Telefon: +31 (0) 346 35 43 33 E-Mail: mail@aerolift.nl Gesch\u00e4ftsf\u00fchrer: Robert Lemm Handelsregisternummer (KvK): 30131771 Umsatzsteuer-Identifikationsnummer (BTW nummer) gem\u00e4\u00df \u00a7 27 a Umsatzsteuergesetz:\u00a0Umsatzsteuer NL001956188B01\" \/>\n<meta property=\"og:url\" content=\"https:\/\/www.aerolift.nl\/de\/impressum\/\" \/>\n<meta property=\"og:site_name\" content=\"Aerolift\" \/>\n<meta property=\"article:modified_time\" content=\"2023-10-26T11:00:06+00:00\" \/>\n<meta name=\"twitter:card\" content=\"summary_large_image\" \/>\n<meta name=\"twitter:label1\" content=\"Gesch\u00e4tzte Lesezeit\" \/>\n\t<meta name=\"twitter:data1\" content=\"1\u00a0Minute\" \/>\n<!-- \/ Yoast SEO plugin. -->","yoast_head_json":{"title":"Impressum - Aerolift","robots":{"index":"index","follow":"follow","max-snippet":"max-snippet:-1","max-image-preview":"max-image-preview:large","max-video-preview":"max-video-preview:-1"},"canonical":"https:\/\/www.aerolift.nl\/de\/impressum\/","og_locale":"de_DE","og_type":"article","og_title":"Impressum - Aerolift","og_description":"Aerolift Industrials B.V. Parmentierstraat 2A 3772 MS Barneveld Niederlande Telefon: +31 (0) 346 35 43 33 E-Mail: mail@aerolift.nl Gesch\u00e4ftsf\u00fchrer: Robert Lemm Handelsregisternummer (KvK): 30131771 Umsatzsteuer-Identifikationsnummer (BTW nummer) gem\u00e4\u00df \u00a7 27 a Umsatzsteuergesetz:\u00a0Umsatzsteuer NL001956188B01","og_url":"https:\/\/www.aerolift.nl\/de\/impressum\/","og_site_name":"Aerolift","article_modified_time":"2023-10-26T11:00:06+00:00","twitter_card":"summary_large_image","twitter_misc":{"Gesch\u00e4tzte Lesezeit":"1\u00a0Minute"},"schema":{"@context":"https:\/\/schema.org","@graph":[{"@type":"WebPage","@id":"https:\/\/www.aerolift.nl\/de\/impressum\/","url":"https:\/\/www.aerolift.nl\/de\/impressum\/","name":"Impressum - Aerolift","isPartOf":{"@id":"https:\/\/www.aerolift.nl\/#website"},"datePublished":"2016-05-17T09:30:31+00:00","dateModified":"2023-10-26T11:00:06+00:00","breadcrumb":{"@id":"https:\/\/www.aerolift.nl\/de\/impressum\/#breadcrumb"},"inLanguage":"de","potentialAction":[{"@type":"ReadAction","target":["https:\/\/www.aerolift.nl\/de\/impressum\/"]}]},{"@type":"BreadcrumbList","@id":"https:\/\/www.aerolift.nl\/de\/impressum\/#breadcrumb","itemListElement":[{"@type":"ListItem","position":1,"name":"Home","item":"https:\/\/www.aerolift.nl\/de\/"},{"@type":"ListItem","position":2,"name":"Impressum"}]},{"@type":"WebSite","@id":"https:\/\/www.aerolift.nl\/#website","url":"https:\/\/www.aerolift.nl\/","name":"Aerolift","description":"Ein weiterer Wordpress -Website","publisher":{"@id":"https:\/\/www.aerolift.nl\/#organization"},"potentialAction":[{"@type":"SearchAction","target":{"@type":"EntryPoint","urlTemplate":"https:\/\/www.aerolift.nl\/?s={search_term_string}"},"query-input":{"@type":"PropertyValueSpecification","valueRequired":true,"valueName":"search_term_string"}}],"inLanguage":"de"},{"@type":"Organization","@id":"https:\/\/www.aerolift.nl\/#organization","name":"Aerolift Industrials bv","alternateName":"Aerolift","url":"https:\/\/www.aerolift.nl\/","logo":{"@type":"ImageObject","inLanguage":"de","@id":"https:\/\/www.aerolift.nl\/#\/schema\/logo\/image\/","url":"https:\/\/i0.wp.com\/www.aerolift.nl\/wp-content\/uploads\/2025\/07\/2024-logo-aerolift-corners-5.png?fit=1903%2C678&ssl=1","contentUrl":"https:\/\/i0.wp.com\/www.aerolift.nl\/wp-content\/uploads\/2025\/07\/2024-logo-aerolift-corners-5.png?fit=1903%2C678&ssl=1","width":1903,"height":678,"caption":"Aerolift Industrials bv"},"image":{"@id":"https:\/\/www.aerolift.nl\/#\/schema\/logo\/image\/"},"sameAs":["https:\/\/www.linkedin.com\/company\/aerolift-industrials-bv\/","https:\/\/www.youtube.com\/user\/AeroliftIndustrials1"]}]}},"jetpack_sharing_enabled":true,"_links":{"self":[{"href":"https:\/\/www.aerolift.nl\/de\/wp-json\/wp\/v2\/pages\/3603","targetHints":{"allow":["GET"]}}],"collection":[{"href":"https:\/\/www.aerolift.nl\/de\/wp-json\/wp\/v2\/pages"}],"about":[{"href":"https:\/\/www.aerolift.nl\/de\/wp-json\/wp\/v2\/types\/page"}],"author":[{"embeddable":true,"href":"https:\/\/www.aerolift.nl\/de\/wp-json\/wp\/v2\/users\/22"}],"replies":[{"embeddable":true,"href":"https:\/\/www.aerolift.nl\/de\/wp-json\/wp\/v2\/comments?post=3603"}],"version-history":[{"count":7,"href":"https:\/\/www.aerolift.nl\/de\/wp-json\/wp\/v2\/pages\/3603\/revisions"}],"predecessor-version":[{"id":11850,"href":"https:\/\/www.aerolift.nl\/de\/wp-json\/wp\/v2\/pages\/3603\/revisions\/11850"}],"wp:attachment":[{"href":"https:\/\/www.aerolift.nl\/de\/wp-json\/wp\/v2\/media?parent=3603"}],"curies":[{"name":"wp","href":"https:\/\/api.w.org\/{rel}","templated":true}]}}