{"id":451,"date":"2015-06-16T13:08:29","date_gmt":"2015-06-16T12:08:29","guid":{"rendered":"http:\/\/www.aerolift.nl\/de\/bel-mij-terug\/"},"modified":"2018-05-14T13:57:20","modified_gmt":"2018-05-14T12:57:20","slug":"rufen-sie-mich-zurueck","status":"publish","type":"page","link":"https:\/\/www.aerolift.nl\/de\/rufen-sie-mich-zurueck\/","title":{"rendered":"Rufen Sie mich zur\u00fcck"},"content":{"rendered":"\n<div class=\"wpcf7 no-js\" id=\"wpcf7-f860-o1\" lang=\"nl-NL\" dir=\"ltr\" data-wpcf7-id=\"860\">\n<div class=\"screen-reader-response\"><p role=\"status\" aria-live=\"polite\" aria-atomic=\"true\"><\/p> <ul><\/ul><\/div>\n<form action=\"\/de\/wp-json\/wp\/v2\/pages\/451#wpcf7-f860-o1\" method=\"post\" class=\"wpcf7-form init aca6de4c2d66 cmatic-conn cmatic-aud-2 cmatic-mapd0-0 cmatic-v0978 cmatic-sent-0 cmatic-total-188\" aria-label=\"Contactformulier\" novalidate=\"novalidate\" data-status=\"init\">\n<fieldset class=\"hidden-fields-container\"><input type=\"hidden\" name=\"_wpcf7\" value=\"860\" \/><input type=\"hidden\" name=\"_wpcf7_version\" value=\"6.1.5\" \/><input type=\"hidden\" name=\"_wpcf7_locale\" value=\"nl_NL\" \/><input type=\"hidden\" name=\"_wpcf7_unit_tag\" value=\"wpcf7-f860-o1\" \/><input type=\"hidden\" name=\"_wpcf7_container_post\" value=\"0\" \/><input type=\"hidden\" name=\"_wpcf7_posted_data_hash\" value=\"\" \/><input type=\"hidden\" name=\"_wpcf7_recaptcha_response\" value=\"\" \/>\n<\/fieldset>\n<div class=\"row\">\n\t<div class=\"col-md-6\">\n\t\t<div class=\"form-group\">\n\t\t\t<div class=\"input-group\">\n\t\t\t\t<div class=\"input-group-addon\">\n\t\t\t\t\t<p><i class=\"fa fa-user\"><\/i>\n\t\t\t\t\t<\/p>\n\t\t\t\t<\/div>\n\t\t\t\t<p><span class=\"wpcf7-form-control-wrap\" data-name=\"your-name\"><input size=\"40\" maxlength=\"400\" class=\"wpcf7-form-control wpcf7-text wpcf7-validates-as-required form-control\" id=\"name\" aria-required=\"true\" aria-invalid=\"false\" placeholder=\"Name *\" value=\"\" type=\"text\" name=\"your-name\" \/><\/span>\n\t\t\t\t<\/p>\n\t\t\t<\/div>\n\t\t<\/div>\n\t\t<div class=\"form-group\" id=\"phonegroup\">\n\t\t\t<div class=\"input-group\">\n\t\t\t\t<div class=\"input-group-addon\">\n\t\t\t\t\t<p><i class=\"fa fa-phone\"><\/i>\n\t\t\t\t\t<\/p>\n\t\t\t\t<\/div>\n\t\t\t\t<p><span class=\"wpcf7-form-control-wrap\" data-name=\"your-number\"><input size=\"40\" maxlength=\"400\" class=\"wpcf7-form-control wpcf7-text wpcf7-validates-as-required form-control\" id=\"telefonnummer\" aria-required=\"true\" aria-invalid=\"false\" placeholder=\"Telefonnummer *\" value=\"\" type=\"text\" name=\"your-number\" \/><\/span>\n\t\t\t\t<\/p>\n\t\t\t<\/div>\n\t\t<\/div>\n\t\t<div class=\"form-group\" id=\"terugbeldatum\">\n\t\t\t<div class=\"input-group\">\n\t\t\t\t<div class=\"input-group-addon\">\n\t\t\t\t\t<p><i class=\"fa fa-phone\"><\/i>\n\t\t\t\t\t<\/p>\n\t\t\t\t<\/div>\n\t\t\t\t<p><span class=\"wpcf7-form-control-wrap\" data-name=\"your-number-date\"><input size=\"40\" maxlength=\"400\" class=\"wpcf7-form-control wpcf7-text form-control\" id=\"telefonnummer-datum\" aria-invalid=\"false\" placeholder=\"Wann m\u00f6chten Sie zur\u00fcckgerufen werden?\" value=\"\" type=\"text\" name=\"your-number-date\" \/><\/span>\n\t\t\t\t<\/p>\n\t\t\t<\/div>\n\t\t<\/div>\n\t\t<div class=\"form-group\" id=\"emailgroup\">\n\t\t\t<div class=\"input-group\">\n\t\t\t\t<div class=\"input-group-addon\">\n\t\t\t\t\t<p><i class=\"fa fa-envelope\"><\/i>\n\t\t\t\t\t<\/p>\n\t\t\t\t<\/div>\n\t\t\t\t<p><span class=\"wpcf7-form-control-wrap\" data-name=\"your-email\"><input size=\"40\" maxlength=\"400\" class=\"wpcf7-form-control wpcf7-email wpcf7-text wpcf7-validates-as-email form-control\" id=\"mail\" aria-invalid=\"false\" placeholder=\"E-Mailadresse\" value=\"\" type=\"email\" name=\"your-email\" \/><\/span>\n\t\t\t\t<\/p>\n\t\t\t<\/div>\n\t\t<\/div>\n\t<\/div>\n\t<div class=\"col-md-12\">\n\t\t<div class=\"form-group\">\n\t\t\t<div class=\"input-group\">\n\t\t\t\t<div class=\"input-group-addon\">\n\t\t\t\t\t<p><i class=\"fa fa-comment\"><\/i>\n\t\t\t\t\t<\/p>\n\t\t\t\t<\/div>\n\t\t\t\t<p><span class=\"wpcf7-form-control-wrap\" data-name=\"your-message\"><textarea cols=\"40\" rows=\"7\" maxlength=\"2000\" class=\"wpcf7-form-control wpcf7-textarea form-control\" id=\"message\" aria-invalid=\"false\" placeholder=\"Bericht\" name=\"your-message\"><\/textarea><\/span>\n\t\t\t\t<\/p>\n\t\t\t<\/div>\n\t\t<\/div>\n\t\t<div class=\"form-group\">\n\t\t\t<div id=\"gdpr-checkbox\" class=\"pull-left\">\n\t\t\t\t<p><span class=\"wpcf7-form-control-wrap\" data-name=\"checkbox\"><span class=\"wpcf7-form-control wpcf7-checkbox wpcf7-validates-as-required\"><span class=\"wpcf7-list-item first last\"><input type=\"checkbox\" name=\"checkbox[]\" value=\"\" \/><span class=\"wpcf7-list-item-label\"><\/span><\/span><\/span><\/span>\n\t\t\t\t<\/p>\n\t\t\t<\/div>\n\t\t\t<p class=\"gdpr-text\">Mit dem Absenden dieses Formulars willige ich in die Verarbeitung meiner Daten ein, so wie sie in der Datenschutzerkl\u00e4rung beschrieben sind<\/\n\t\t\t<\/p>\n\t\t<\/div>\n\t<\/div>\n<\/div>\n<div class=\"row\">\n\t<div class=\"col-sm-12 text-right\">\n\t\t<p><input class=\"wpcf7-form-control wpcf7-submit has-spinner btn\" id=\"contact-btn\" type=\"submit\" value=\"Nehmen Sie Kontakt mit mir auf\" \/>\n\t\t<\/p>\n\t<\/div>\n<\/div><div class=\"wpcf7-response-output\" aria-hidden=\"true\"><\/div>\n<\/form>\n<\/div>\n\n","protected":false},"excerpt":{"rendered":"","protected":false},"author":22,"featured_media":0,"parent":0,"menu_order":994,"comment_status":"open","ping_status":"open","template":"","meta":{"_acf_changed":false,"footnotes":""},"class_list":["post-451","page","type-page","status-publish","hentry"],"acf":[],"yoast_head":"<!-- This site is optimized with the Yoast SEO plugin v27.3 - https:\/\/yoast.com\/product\/yoast-seo-wordpress\/ -->\n<title>Rufen Sie mich zur\u00fcck - Aerolift<\/title>\n<meta name=\"description\" content=\"M\u00f6chten Sie einen Vakuumheber kaufen oder ben\u00f6tigen Sie weitere Informationen zur Vakuumtechnik? Dann geben Sie hier einfach Ihre Kontaktdaten an, sodass wir umgehend Kontakt mit Ihnen aufnehmen k\u00f6nnen. Unsere erfahrenen Mitarbeiter beraten Sie gerne!\" \/>\n<meta name=\"robots\" content=\"index, follow, max-snippet:-1, max-image-preview:large, max-video-preview:-1\" \/>\n<link rel=\"canonical\" href=\"https:\/\/www.aerolift.nl\/de\/rufen-sie-mich-zurueck\/\" \/>\n<meta property=\"og:locale\" content=\"de_DE\" \/>\n<meta property=\"og:type\" content=\"article\" \/>\n<meta property=\"og:title\" content=\"Rufen Sie mich zur\u00fcck - Aerolift\" \/>\n<meta property=\"og:description\" content=\"M\u00f6chten Sie einen Vakuumheber kaufen oder ben\u00f6tigen Sie weitere Informationen zur Vakuumtechnik? Dann geben Sie hier einfach Ihre Kontaktdaten an, sodass wir umgehend Kontakt mit Ihnen aufnehmen k\u00f6nnen. Unsere erfahrenen Mitarbeiter beraten Sie gerne!\" \/>\n<meta property=\"og:url\" content=\"https:\/\/www.aerolift.nl\/de\/rufen-sie-mich-zurueck\/\" \/>\n<meta property=\"og:site_name\" content=\"Aerolift\" \/>\n<meta property=\"article:modified_time\" content=\"2018-05-14T12:57:20+00:00\" \/>\n<meta name=\"twitter:card\" content=\"summary_large_image\" \/>\n<!-- \/ Yoast SEO plugin. -->","yoast_head_json":{"title":"Rufen Sie mich zur\u00fcck - Aerolift","description":"M\u00f6chten Sie einen Vakuumheber kaufen oder ben\u00f6tigen Sie weitere Informationen zur Vakuumtechnik? Dann geben Sie hier einfach Ihre Kontaktdaten an, sodass wir umgehend Kontakt mit Ihnen aufnehmen k\u00f6nnen. Unsere erfahrenen Mitarbeiter beraten Sie gerne!","robots":{"index":"index","follow":"follow","max-snippet":"max-snippet:-1","max-image-preview":"max-image-preview:large","max-video-preview":"max-video-preview:-1"},"canonical":"https:\/\/www.aerolift.nl\/de\/rufen-sie-mich-zurueck\/","og_locale":"de_DE","og_type":"article","og_title":"Rufen Sie mich zur\u00fcck - Aerolift","og_description":"M\u00f6chten Sie einen Vakuumheber kaufen oder ben\u00f6tigen Sie weitere Informationen zur Vakuumtechnik? Dann geben Sie hier einfach Ihre Kontaktdaten an, sodass wir umgehend Kontakt mit Ihnen aufnehmen k\u00f6nnen. Unsere erfahrenen Mitarbeiter beraten Sie gerne!","og_url":"https:\/\/www.aerolift.nl\/de\/rufen-sie-mich-zurueck\/","og_site_name":"Aerolift","article_modified_time":"2018-05-14T12:57:20+00:00","twitter_card":"summary_large_image","schema":{"@context":"https:\/\/schema.org","@graph":[{"@type":"WebPage","@id":"https:\/\/www.aerolift.nl\/de\/rufen-sie-mich-zurueck\/","url":"https:\/\/www.aerolift.nl\/de\/rufen-sie-mich-zurueck\/","name":"Rufen Sie mich zur\u00fcck - Aerolift","isPartOf":{"@id":"https:\/\/www.aerolift.nl\/#website"},"datePublished":"2015-06-16T12:08:29+00:00","dateModified":"2018-05-14T12:57:20+00:00","description":"M\u00f6chten Sie einen Vakuumheber kaufen oder ben\u00f6tigen Sie weitere Informationen zur Vakuumtechnik? Dann geben Sie hier einfach Ihre Kontaktdaten an, sodass wir umgehend Kontakt mit Ihnen aufnehmen k\u00f6nnen. Unsere erfahrenen Mitarbeiter beraten Sie gerne!","breadcrumb":{"@id":"https:\/\/www.aerolift.nl\/de\/rufen-sie-mich-zurueck\/#breadcrumb"},"inLanguage":"de","potentialAction":[{"@type":"ReadAction","target":["https:\/\/www.aerolift.nl\/de\/rufen-sie-mich-zurueck\/"]}]},{"@type":"BreadcrumbList","@id":"https:\/\/www.aerolift.nl\/de\/rufen-sie-mich-zurueck\/#breadcrumb","itemListElement":[{"@type":"ListItem","position":1,"name":"Home","item":"https:\/\/www.aerolift.nl\/de\/"},{"@type":"ListItem","position":2,"name":"Rufen Sie mich zur\u00fcck"}]},{"@type":"WebSite","@id":"https:\/\/www.aerolift.nl\/#website","url":"https:\/\/www.aerolift.nl\/","name":"Aerolift","description":"Ein weiterer Wordpress -Website","publisher":{"@id":"https:\/\/www.aerolift.nl\/#organization"},"potentialAction":[{"@type":"SearchAction","target":{"@type":"EntryPoint","urlTemplate":"https:\/\/www.aerolift.nl\/?s={search_term_string}"},"query-input":{"@type":"PropertyValueSpecification","valueRequired":true,"valueName":"search_term_string"}}],"inLanguage":"de"},{"@type":"Organization","@id":"https:\/\/www.aerolift.nl\/#organization","name":"Aerolift Industrials bv","alternateName":"Aerolift","url":"https:\/\/www.aerolift.nl\/","logo":{"@type":"ImageObject","inLanguage":"de","@id":"https:\/\/www.aerolift.nl\/#\/schema\/logo\/image\/","url":"https:\/\/i0.wp.com\/www.aerolift.nl\/wp-content\/uploads\/2025\/07\/2024-logo-aerolift-corners-5.png?fit=1903%2C678&ssl=1","contentUrl":"https:\/\/i0.wp.com\/www.aerolift.nl\/wp-content\/uploads\/2025\/07\/2024-logo-aerolift-corners-5.png?fit=1903%2C678&ssl=1","width":1903,"height":678,"caption":"Aerolift Industrials bv"},"image":{"@id":"https:\/\/www.aerolift.nl\/#\/schema\/logo\/image\/"},"sameAs":["https:\/\/www.linkedin.com\/company\/aerolift-industrials-bv\/","https:\/\/www.youtube.com\/user\/AeroliftIndustrials1"]}]}},"jetpack_sharing_enabled":true,"_links":{"self":[{"href":"https:\/\/www.aerolift.nl\/de\/wp-json\/wp\/v2\/pages\/451","targetHints":{"allow":["GET"]}}],"collection":[{"href":"https:\/\/www.aerolift.nl\/de\/wp-json\/wp\/v2\/pages"}],"about":[{"href":"https:\/\/www.aerolift.nl\/de\/wp-json\/wp\/v2\/types\/page"}],"author":[{"embeddable":true,"href":"https:\/\/www.aerolift.nl\/de\/wp-json\/wp\/v2\/users\/22"}],"replies":[{"embeddable":true,"href":"https:\/\/www.aerolift.nl\/de\/wp-json\/wp\/v2\/comments?post=451"}],"version-history":[{"count":3,"href":"https:\/\/www.aerolift.nl\/de\/wp-json\/wp\/v2\/pages\/451\/revisions"}],"predecessor-version":[{"id":864,"href":"https:\/\/www.aerolift.nl\/de\/wp-json\/wp\/v2\/pages\/451\/revisions\/864"}],"wp:attachment":[{"href":"https:\/\/www.aerolift.nl\/de\/wp-json\/wp\/v2\/media?parent=451"}],"curies":[{"name":"wp","href":"https:\/\/api.w.org\/{rel}","templated":true}]}}