{"id":454,"date":"2015-06-09T14:47:38","date_gmt":"2015-06-09T13:47:38","guid":{"rendered":"http:\/\/www.aerolift.nl\/de\/offerte\/"},"modified":"2018-05-14T13:41:24","modified_gmt":"2018-05-14T12:41:24","slug":"angebot-anfragen","status":"publish","type":"page","link":"https:\/\/www.aerolift.nl\/de\/angebot-anfragen\/","title":{"rendered":"Angebot anfragen"},"content":{"rendered":"\n<div class=\"wpcf7 no-js\" id=\"wpcf7-f862-o1\" lang=\"nl-NL\" dir=\"ltr\" data-wpcf7-id=\"862\">\n<div class=\"screen-reader-response\"><p role=\"status\" aria-live=\"polite\" aria-atomic=\"true\"><\/p> <ul><\/ul><\/div>\n<form action=\"\/de\/wp-json\/wp\/v2\/pages\/454#wpcf7-f862-o1\" method=\"post\" class=\"wpcf7-form init aca6de4c2d66 cmatic-conn cmatic-aud-2 cmatic-mapd0-0 cmatic-v0978 cmatic-sent-0 cmatic-total-188\" aria-label=\"Contactformulier\" novalidate=\"novalidate\" data-status=\"init\">\n<fieldset class=\"hidden-fields-container\"><input type=\"hidden\" name=\"_wpcf7\" value=\"862\" \/><input type=\"hidden\" name=\"_wpcf7_version\" value=\"6.1.5\" \/><input type=\"hidden\" name=\"_wpcf7_locale\" value=\"nl_NL\" \/><input type=\"hidden\" name=\"_wpcf7_unit_tag\" value=\"wpcf7-f862-o1\" \/><input type=\"hidden\" name=\"_wpcf7_container_post\" value=\"0\" \/><input type=\"hidden\" name=\"_wpcf7_posted_data_hash\" value=\"\" \/><input type=\"hidden\" name=\"_wpcf7_recaptcha_response\" value=\"\" \/>\n<\/fieldset>\n<div class=\"row\">\n\t<p class=\"mleft-fix\">Welches Material m\u00f6chten Sie heben? *\n\t<\/p>\n\t<div class=\"col-sm-6 margin-fix-dropdown\">\n\t\t<div class=\"form-group dropdown\">\n\t\t\t<div class=\"input-group\">\n\t\t\t\t<p><span class=\"wpcf7-form-control-wrap\" data-name=\"Materiaal\"><select class=\"wpcf7-form-control wpcf7-select wpcf7-validates-as-required dropdown-offerte form-control\" aria-required=\"true\" aria-invalid=\"false\" name=\"Materiaal\"><option value=\"Beton\">Beton<\/option><option value=\"Metall\">Metall<\/option><option value=\"Papier\">Papier<\/option><option value=\"Anders\">Anders<\/option><\/select><\/span><br \/>\n<i class=\"fa fa-angle-down down-arrow\"><\/i>\n\t\t\t\t<\/p>\n\t\t\t\t<div class=\"grey-bg\">\n\t\t\t\t<\/div>\n\t\t\t<\/div>\n\t\t<\/div>\n\t<\/div>\n<\/div>\n<div class=\"row\">\n\t<p class=\"mleft-fix\">F\u00fcr welches Anwendungsgebiet m\u00f6chten Sie den Vakuumheber einsetzen? *\n\t<\/p>\n\t<div class=\"col-sm-6 margin-fix-dropdown\">\n\t\t<div class=\"form-group dropdown\">\n\t\t\t<div class=\"input-group\">\n\t\t\t\t<p><span class=\"wpcf7-form-control-wrap\" data-name=\"Toepassingen\"><select class=\"wpcf7-form-control wpcf7-select wpcf7-validates-as-required dropdown-offerte form-control\" aria-required=\"true\" aria-invalid=\"false\" name=\"Toepassingen\"><option value=\"Lager\">Lager<\/option><option value=\"Umschlag\">Umschlag<\/option><option value=\"Interner Transport\">Interner Transport<\/option><option value=\"Automatisch\">Automatisch<\/option><option value=\"Anders\">Anders<\/option><\/select><\/span><br \/>\n<i class=\"fa fa-angle-down down-arrow\"><\/i>\n\t\t\t\t<\/p>\n\t\t\t\t<div class=\"grey-bg\">\n\t\t\t\t<\/div>\n\t\t\t<\/div>\n\t\t<\/div>\n\t<\/div>\n<\/div>\n<div class=\"row\">\n\t<p class=\"mleft-fix\">F\u00fcr welche Methode m\u00f6chten Sie den Vakuumheber anwenden? *\n\t<\/p>\n\t<div class=\"col-sm-6 margin-fix-dropdown\">\n\t\t<div class=\"form-group dropdown\">\n\t\t\t<div class=\"input-group\">\n\t\t\t\t<p><span class=\"wpcf7-form-control-wrap\" data-name=\"Methode\"><select class=\"wpcf7-form-control wpcf7-select wpcf7-validates-as-required dropdown-offerte form-control\" aria-required=\"true\" aria-invalid=\"false\" name=\"Methode\"><option value=\"Horizontal\">Horizontal<\/option><option value=\"90\u00b0 Kippen\">90\u00b0 Kippen<\/option><option value=\"180\u00b0 Kippen\">180\u00b0 Kippen<\/option><option value=\"Beliebig Drehen und Kippen\">Beliebig Drehen und Kippen<\/option><option value=\"Anders\">Anders<\/option><\/select><\/span><br \/>\n<i class=\"fa fa-angle-down down-arrow\"><\/i>\n\t\t\t\t<\/p>\n\t\t\t\t<div class=\"grey-bg\">\n\t\t\t\t<\/div>\n\t\t\t<\/div>\n\t\t<\/div>\n\t<\/div>\n<\/div>\n<p class=\"offerte-details-title\">F\u00fcllen Sie die Datenfelder aus\n<\/p>\n<div class=\"row\">\n\t<div class=\"col-sm-6\">\n\t\t<div class=\"form-group\">\n\t\t\t<div class=\"input-group\">\n\t\t\t\t<div class=\"input-group-addon\">\n\t\t\t\t\t<p><i class=\"fa fa-user\"><\/i>\n\t\t\t\t\t<\/p>\n\t\t\t\t<\/div>\n\t\t\t\t<p><span class=\"wpcf7-form-control-wrap\" data-name=\"your-name\"><input size=\"40\" maxlength=\"400\" class=\"wpcf7-form-control wpcf7-text wpcf7-validates-as-required form-control\" id=\"name\" aria-required=\"true\" aria-invalid=\"false\" placeholder=\"Name *\" value=\"\" type=\"text\" name=\"your-name\" \/><\/span>\n\t\t\t\t<\/p>\n\t\t\t<\/div>\n\t\t<\/div>\n\t<\/div>\n<\/div>\n<div class=\"row\">\n\t<div class=\"col-sm-6\">\n\t\t<div class=\"form-group\">\n\t\t\t<div class=\"input-group\">\n\t\t\t\t<div class=\"input-group-addon\">\n\t\t\t\t\t<p><i class=\"fa fa-phone\"><\/i>\n\t\t\t\t\t<\/p>\n\t\t\t\t<\/div>\n\t\t\t\t<p><span class=\"wpcf7-form-control-wrap\" data-name=\"your-number\"><input size=\"40\" maxlength=\"400\" class=\"wpcf7-form-control wpcf7-text wpcf7-validates-as-required form-control\" id=\"telefonnummer\" aria-required=\"true\" aria-invalid=\"false\" placeholder=\"Telefonnummer *\" value=\"\" type=\"text\" name=\"your-number\" \/><\/span>\n\t\t\t\t<\/p>\n\t\t\t<\/div>\n\t\t<\/div>\n\t<\/div>\n<\/div>\n<div class=\"row\">\n\t<div class=\"col-sm-6\">\n\t\t<div class=\"form-group\">\n\t\t\t<div class=\"input-group\">\n\t\t\t\t<div class=\"input-group-addon\">\n\t\t\t\t\t<p><i class=\"fa fa-envelope\"><\/i>\n\t\t\t\t\t<\/p>\n\t\t\t\t<\/div>\n\t\t\t\t<p><span class=\"wpcf7-form-control-wrap\" data-name=\"your-email\"><input size=\"40\" maxlength=\"400\" class=\"wpcf7-form-control wpcf7-email wpcf7-validates-as-required wpcf7-text wpcf7-validates-as-email form-control\" id=\"mail\" aria-required=\"true\" aria-invalid=\"false\" placeholder=\"E-Mailadresse *\" value=\"\" type=\"email\" name=\"your-email\" \/><\/span>\n\t\t\t\t<\/p>\n\t\t\t<\/div>\n\t\t<\/div>\n\t<\/div>\n<\/div>\n<div class=\"row\">\n\t<div class=\"col-md-12\">\n\t\t<div class=\"form-group\">\n\t\t\t<div class=\"input-group\">\n\t\t\t\t<div class=\"input-group-addon\">\n\t\t\t\t\t<p><i class=\"fa fa-comment\"><\/i>\n\t\t\t\t\t<\/p>\n\t\t\t\t<\/div>\n\t\t\t\t<p><span class=\"wpcf7-form-control-wrap\" data-name=\"your-message\"><textarea cols=\"40\" rows=\"7\" maxlength=\"2000\" class=\"wpcf7-form-control wpcf7-textarea form-control\" id=\"message\" aria-invalid=\"false\" placeholder=\"Bericht\" name=\"your-message\"><\/textarea><\/span>\n\t\t\t\t<\/p>\n\t\t\t<\/div>\n\t\t<\/div>\n\t\t<div class=\"form-group\">\n\t\t\t<div id=\"gdpr-checkbox\" class=\"pull-left\">\n\t\t\t\t<p><span class=\"wpcf7-form-control-wrap\" data-name=\"checkbox\"><span class=\"wpcf7-form-control wpcf7-checkbox wpcf7-validates-as-required\"><span class=\"wpcf7-list-item first last\"><input type=\"checkbox\" name=\"checkbox[]\" value=\"\" \/><span class=\"wpcf7-list-item-label\"><\/span><\/span><\/span><\/span>\n\t\t\t\t<\/p>\n\t\t\t<\/div>\n\t\t\t<p class=\"gdpr-text\">Mit dem Absenden dieses Formulars willige ich in die Verarbeitung meiner Daten ein, so wie sie in der Datenschutzerkl\u00e4rung beschrieben sind<\/\n\t\t\t<\/p>\n\t\t<\/div>\n\t<\/div>\n<\/div>\n<div class=\"row\">\n\t<div class=\"col-sm-12\">\n\t\t<p><input class=\"wpcf7-form-control wpcf7-submit has-spinner btn offerte-btn\" id=\"contact-btn\" type=\"submit\" value=\"Abschicken\" \/>\n\t\t<\/p>\n\t<\/div>\n<\/div><div class=\"wpcf7-response-output\" aria-hidden=\"true\"><\/div>\n<\/form>\n<\/div>\n\n","protected":false},"excerpt":{"rendered":"","protected":false},"author":22,"featured_media":0,"parent":0,"menu_order":995,"comment_status":"open","ping_status":"open","template":"","meta":{"_acf_changed":false,"footnotes":""},"class_list":["post-454","page","type-page","status-publish","hentry"],"acf":[],"yoast_head":"<!-- This site is optimized with the Yoast SEO plugin v27.3 - https:\/\/yoast.com\/product\/yoast-seo-wordpress\/ -->\n<title>Angebot | Angebot anfragen bei Aerolift<\/title>\n<meta name=\"description\" content=\"Sie m\u00f6chten einen Vakuumheber kaufen? Dann f\u00fcllen Sie einfach unser Kontaktformular aus und fragen Sie ganz unverbindlich ein Angebot an. Damit wir Ihnen die bestm\u00f6gliche L\u00f6sung pr\u00e4sentieren k\u00f6nnen, ben\u00f6tigen wir lediglich einige Ausk\u00fcnfte zum Anwendungsgebiet und dem zu hebenden Material von Ihnen.\" \/>\n<meta name=\"robots\" content=\"index, follow, max-snippet:-1, max-image-preview:large, max-video-preview:-1\" \/>\n<link rel=\"canonical\" href=\"https:\/\/www.aerolift.nl\/de\/angebot-anfragen\/\" \/>\n<meta property=\"og:locale\" content=\"de_DE\" \/>\n<meta property=\"og:type\" content=\"article\" \/>\n<meta property=\"og:title\" content=\"Angebot | Angebot anfragen bei Aerolift\" \/>\n<meta property=\"og:description\" content=\"Sie m\u00f6chten einen Vakuumheber kaufen? Dann f\u00fcllen Sie einfach unser Kontaktformular aus und fragen Sie ganz unverbindlich ein Angebot an. Damit wir Ihnen die bestm\u00f6gliche L\u00f6sung pr\u00e4sentieren k\u00f6nnen, ben\u00f6tigen wir lediglich einige Ausk\u00fcnfte zum Anwendungsgebiet und dem zu hebenden Material von Ihnen.\" \/>\n<meta property=\"og:url\" content=\"https:\/\/www.aerolift.nl\/de\/angebot-anfragen\/\" \/>\n<meta property=\"og:site_name\" content=\"Aerolift\" \/>\n<meta property=\"article:modified_time\" content=\"2018-05-14T12:41:24+00:00\" \/>\n<meta name=\"twitter:card\" content=\"summary_large_image\" \/>\n<!-- \/ Yoast SEO plugin. -->","yoast_head_json":{"title":"Angebot | Angebot anfragen bei Aerolift","description":"Sie m\u00f6chten einen Vakuumheber kaufen? Dann f\u00fcllen Sie einfach unser Kontaktformular aus und fragen Sie ganz unverbindlich ein Angebot an. Damit wir Ihnen die bestm\u00f6gliche L\u00f6sung pr\u00e4sentieren k\u00f6nnen, ben\u00f6tigen wir lediglich einige Ausk\u00fcnfte zum Anwendungsgebiet und dem zu hebenden Material von Ihnen.","robots":{"index":"index","follow":"follow","max-snippet":"max-snippet:-1","max-image-preview":"max-image-preview:large","max-video-preview":"max-video-preview:-1"},"canonical":"https:\/\/www.aerolift.nl\/de\/angebot-anfragen\/","og_locale":"de_DE","og_type":"article","og_title":"Angebot | Angebot anfragen bei Aerolift","og_description":"Sie m\u00f6chten einen Vakuumheber kaufen? Dann f\u00fcllen Sie einfach unser Kontaktformular aus und fragen Sie ganz unverbindlich ein Angebot an. Damit wir Ihnen die bestm\u00f6gliche L\u00f6sung pr\u00e4sentieren k\u00f6nnen, ben\u00f6tigen wir lediglich einige Ausk\u00fcnfte zum Anwendungsgebiet und dem zu hebenden Material von Ihnen.","og_url":"https:\/\/www.aerolift.nl\/de\/angebot-anfragen\/","og_site_name":"Aerolift","article_modified_time":"2018-05-14T12:41:24+00:00","twitter_card":"summary_large_image","schema":{"@context":"https:\/\/schema.org","@graph":[{"@type":"WebPage","@id":"https:\/\/www.aerolift.nl\/de\/angebot-anfragen\/","url":"https:\/\/www.aerolift.nl\/de\/angebot-anfragen\/","name":"Angebot | Angebot anfragen bei Aerolift","isPartOf":{"@id":"https:\/\/www.aerolift.nl\/#website"},"datePublished":"2015-06-09T13:47:38+00:00","dateModified":"2018-05-14T12:41:24+00:00","description":"Sie m\u00f6chten einen Vakuumheber kaufen? Dann f\u00fcllen Sie einfach unser Kontaktformular aus und fragen Sie ganz unverbindlich ein Angebot an. Damit wir Ihnen die bestm\u00f6gliche L\u00f6sung pr\u00e4sentieren k\u00f6nnen, ben\u00f6tigen wir lediglich einige Ausk\u00fcnfte zum Anwendungsgebiet und dem zu hebenden Material von Ihnen.","breadcrumb":{"@id":"https:\/\/www.aerolift.nl\/de\/angebot-anfragen\/#breadcrumb"},"inLanguage":"de","potentialAction":[{"@type":"ReadAction","target":["https:\/\/www.aerolift.nl\/de\/angebot-anfragen\/"]}]},{"@type":"BreadcrumbList","@id":"https:\/\/www.aerolift.nl\/de\/angebot-anfragen\/#breadcrumb","itemListElement":[{"@type":"ListItem","position":1,"name":"Home","item":"https:\/\/www.aerolift.nl\/de\/"},{"@type":"ListItem","position":2,"name":"Angebot anfragen"}]},{"@type":"WebSite","@id":"https:\/\/www.aerolift.nl\/#website","url":"https:\/\/www.aerolift.nl\/","name":"Aerolift","description":"Ein weiterer Wordpress -Website","publisher":{"@id":"https:\/\/www.aerolift.nl\/#organization"},"potentialAction":[{"@type":"SearchAction","target":{"@type":"EntryPoint","urlTemplate":"https:\/\/www.aerolift.nl\/?s={search_term_string}"},"query-input":{"@type":"PropertyValueSpecification","valueRequired":true,"valueName":"search_term_string"}}],"inLanguage":"de"},{"@type":"Organization","@id":"https:\/\/www.aerolift.nl\/#organization","name":"Aerolift Industrials bv","alternateName":"Aerolift","url":"https:\/\/www.aerolift.nl\/","logo":{"@type":"ImageObject","inLanguage":"de","@id":"https:\/\/www.aerolift.nl\/#\/schema\/logo\/image\/","url":"https:\/\/i0.wp.com\/www.aerolift.nl\/wp-content\/uploads\/2025\/07\/2024-logo-aerolift-corners-5.png?fit=1903%2C678&ssl=1","contentUrl":"https:\/\/i0.wp.com\/www.aerolift.nl\/wp-content\/uploads\/2025\/07\/2024-logo-aerolift-corners-5.png?fit=1903%2C678&ssl=1","width":1903,"height":678,"caption":"Aerolift Industrials bv"},"image":{"@id":"https:\/\/www.aerolift.nl\/#\/schema\/logo\/image\/"},"sameAs":["https:\/\/www.linkedin.com\/company\/aerolift-industrials-bv\/","https:\/\/www.youtube.com\/user\/AeroliftIndustrials1"]}]}},"jetpack_sharing_enabled":true,"_links":{"self":[{"href":"https:\/\/www.aerolift.nl\/de\/wp-json\/wp\/v2\/pages\/454","targetHints":{"allow":["GET"]}}],"collection":[{"href":"https:\/\/www.aerolift.nl\/de\/wp-json\/wp\/v2\/pages"}],"about":[{"href":"https:\/\/www.aerolift.nl\/de\/wp-json\/wp\/v2\/types\/page"}],"author":[{"embeddable":true,"href":"https:\/\/www.aerolift.nl\/de\/wp-json\/wp\/v2\/users\/22"}],"replies":[{"embeddable":true,"href":"https:\/\/www.aerolift.nl\/de\/wp-json\/wp\/v2\/comments?post=454"}],"version-history":[{"count":4,"href":"https:\/\/www.aerolift.nl\/de\/wp-json\/wp\/v2\/pages\/454\/revisions"}],"predecessor-version":[{"id":867,"href":"https:\/\/www.aerolift.nl\/de\/wp-json\/wp\/v2\/pages\/454\/revisions\/867"}],"wp:attachment":[{"href":"https:\/\/www.aerolift.nl\/de\/wp-json\/wp\/v2\/media?parent=454"}],"curies":[{"name":"wp","href":"https:\/\/api.w.org\/{rel}","templated":true}]}}