{"id":455,"date":"2015-06-05T14:29:19","date_gmt":"2015-06-05T13:29:19","guid":{"rendered":"http:\/\/www.aerolift.nl\/de\/contact\/"},"modified":"2025-10-06T11:18:53","modified_gmt":"2025-10-06T10:18:53","slug":"kontakt","status":"publish","type":"page","link":"https:\/\/www.aerolift.nl\/de\/kontakt\/","title":{"rendered":"Kontakt"},"content":{"rendered":"\n<div class=\"wpcf7 no-js\" id=\"wpcf7-f824-o1\" lang=\"nl-NL\" dir=\"ltr\" data-wpcf7-id=\"824\">\n<div class=\"screen-reader-response\"><p role=\"status\" aria-live=\"polite\" aria-atomic=\"true\"><\/p> <ul><\/ul><\/div>\n<form action=\"\/de\/wp-json\/wp\/v2\/pages\/455#wpcf7-f824-o1\" method=\"post\" class=\"wpcf7-form init aca6de4c2d66 cmatic-conn cmatic-aud-2 cmatic-mapd0-0 cmatic-v0978 cmatic-sent-0 cmatic-total-188\" aria-label=\"Contactformulier\" novalidate=\"novalidate\" data-status=\"init\">\n<fieldset class=\"hidden-fields-container\"><input type=\"hidden\" name=\"_wpcf7\" value=\"824\" \/><input type=\"hidden\" name=\"_wpcf7_version\" value=\"6.1.5\" \/><input type=\"hidden\" name=\"_wpcf7_locale\" value=\"nl_NL\" \/><input type=\"hidden\" name=\"_wpcf7_unit_tag\" value=\"wpcf7-f824-o1\" \/><input type=\"hidden\" name=\"_wpcf7_container_post\" value=\"0\" \/><input type=\"hidden\" name=\"_wpcf7_posted_data_hash\" value=\"\" \/><input type=\"hidden\" name=\"_wpcf7_recaptcha_response\" value=\"\" \/>\n<\/fieldset>\n<div class=\"row\">\n\t<div class=\"col-sm-6\">\n\t\t<div class=\"form-group\">\n\t\t\t<div class=\"input-group\">\n\t\t\t\t<div class=\"input-group-addon\">\n\t\t\t\t\t<p><i class=\"fa fa-user\"><\/i>\n\t\t\t\t\t<\/p>\n\t\t\t\t<\/div>\n\t\t\t\t<p><span class=\"wpcf7-form-control-wrap\" data-name=\"your-name\"><input size=\"40\" maxlength=\"400\" class=\"wpcf7-form-control wpcf7-text wpcf7-validates-as-required form-control\" id=\"name\" aria-required=\"true\" aria-invalid=\"false\" placeholder=\"Name *\" value=\"\" type=\"text\" name=\"your-name\" \/><\/span>\n\t\t\t\t<\/p>\n\t\t\t<\/div>\n\t\t<\/div>\n\t<\/div>\n\t<div class=\"col-sm-6\">\n\t\t<div class=\"input-group select-contact\">\n\t\t\t<p><span class=\"wpcf7-form-control-wrap\" data-name=\"your-recipient\"><select class=\"wpcf7-form-control wpcf7-select wpcf7-validates-as-required\" aria-required=\"true\" aria-invalid=\"false\" name=\"your-recipient\"><option value=\"\">Treffen Sie Ihre Wahl<\/option><option value=\"Neue Maschinen anfordern\">Neue Maschinen anfordern<\/option><option value=\"Service\">Service<\/option><option value=\"Ersatzteile\">Ersatzteile<\/option><option value=\"Vermietung\">Vermietung<\/option><\/select><\/span>\n\t\t\t<\/p>\n\t\t<\/div>\n\t<\/div>\n<\/div>\n<div class=\"row\">\n\t<div class=\"col-sm-6\">\n\t\t<div class=\"form-group\">\n\t\t\t<div class=\"input-group\">\n\t\t\t\t<div class=\"input-group-addon\">\n\t\t\t\t\t<p><i class=\"fa fa-phone\"><\/i>\n\t\t\t\t\t<\/p>\n\t\t\t\t<\/div>\n\t\t\t\t<p><span class=\"wpcf7-form-control-wrap\" data-name=\"your-number\"><input size=\"40\" maxlength=\"400\" class=\"wpcf7-form-control wpcf7-text wpcf7-validates-as-required form-control\" id=\"telefonnummer\" aria-required=\"true\" aria-invalid=\"false\" placeholder=\"Telefonnummer *\" value=\"\" type=\"text\" name=\"your-number\" \/><\/span>\n\t\t\t\t<\/p>\n\t\t\t<\/div>\n\t\t<\/div>\n\t<\/div>\n\t<div class=\"col-sm-6\">\n\t\t<div class=\"form-group\">\n\t\t\t<div class=\"input-group\">\n\t\t\t\t<div class=\"input-group-addon\">\n\t\t\t\t\t<p><i class=\"fa fa-envelope\"><\/i>\n\t\t\t\t\t<\/p>\n\t\t\t\t<\/div>\n\t\t\t\t<p><span class=\"wpcf7-form-control-wrap\" data-name=\"your-email\"><input size=\"40\" maxlength=\"400\" class=\"wpcf7-form-control wpcf7-email wpcf7-validates-as-required wpcf7-text wpcf7-validates-as-email form-control\" id=\"mail\" aria-required=\"true\" aria-invalid=\"false\" placeholder=\"E-Mailadresse *\" value=\"\" type=\"email\" name=\"your-email\" \/><\/span>\n\t\t\t\t<\/p>\n\t\t\t<\/div>\n\t\t<\/div>\n\t<\/div>\n<\/div>\n<div class=\"row\">\n\t<div class=\"col-sm-12\">\n\t\t<div class=\"form-group\">\n\t\t\t<div class=\"input-group\">\n\t\t\t\t<div class=\"input-group-addon\">\n\t\t\t\t\t<p><i class=\"fa fa-comment\"><\/i>\n\t\t\t\t\t<\/p>\n\t\t\t\t<\/div>\n\t\t\t\t<p><span class=\"wpcf7-form-control-wrap\" data-name=\"your-message\"><textarea cols=\"40\" rows=\"7\" maxlength=\"2000\" class=\"wpcf7-form-control wpcf7-textarea wpcf7-validates-as-required form-control\" id=\"message\" aria-required=\"true\" aria-invalid=\"false\" placeholder=\"Bericht *\" name=\"your-message\"><\/textarea><\/span>\n\t\t\t\t<\/p>\n\t\t\t<\/div>\n\t\t\t<div class=\"form-group\">\n\t\t\t\t<p><span class=\"wpcf7-form-control-wrap\" data-name=\"checkbox-301\"><span class=\"wpcf7-form-control wpcf7-checkbox wpcf7-validates-as-required\"><span class=\"wpcf7-list-item first last\"><label><input type=\"checkbox\" name=\"checkbox-301[]\" value=\"Mit dem Absenden dieses Formulars willige ich in die Verarbeitung meiner Daten ein, so wie sie in der Datenschutzerkl\u00e4rung beschrieben sind.\" \/><span class=\"wpcf7-list-item-label\">Mit dem Absenden dieses Formulars willige ich in die Verarbeitung meiner Daten ein, so wie sie in der Datenschutzerkl\u00e4rung beschrieben sind.<\/span><\/label><\/span><\/span><\/span>\n\t\t\t\t<\/p>\n\t\t\t<\/div>\n\t\t<\/div>\n\t<\/div>\n<\/div>\n<div class=\"row\">\n\t<div class=\"col-sm-12\">\n\t<input class=\"wpcf7-form-control wpcf7-hidden\" value=\"\" type=\"hidden\" name=\"gallery\" \/>\n\t\t<p><input class=\"wpcf7-form-control wpcf7-submit has-spinner btn\" id=\"contact-btn\" type=\"submit\" value=\"Abschicken\" \/>\n\t\t<\/p>\n\t<\/div>\n<\/div><div class=\"wpcf7-response-output\" aria-hidden=\"true\"><\/div>\n<\/form>\n<\/div>\n\n<p>Robertus Lemm, CEO Aerolift Industrials B.V.<\/p>\n","protected":false},"excerpt":{"rendered":"<p>Robertus Lemm, CEO Aerolift Industrials B.V.<\/p>\n","protected":false},"author":22,"featured_media":0,"parent":0,"menu_order":994,"comment_status":"open","ping_status":"open","template":"","meta":{"_acf_changed":false,"footnotes":""},"class_list":["post-455","page","type-page","status-publish","hentry"],"acf":[],"yoast_head":"<!-- This site is optimized with the Yoast SEO plugin v27.3 - https:\/\/yoast.com\/product\/yoast-seo-wordpress\/ -->\n<title>Kontakt Aerolift | Aerolift<\/title>\n<meta name=\"description\" content=\"Ben\u00f6tigen Sie einen Vakuumheber f\u00fcr Ihr Projekt oder ben\u00f6tigen Sie weitere Informationen zur Vakuumtechnik? Dann nutzen Sie einfach unser Kontaktformular und nehmen Sie ganz unverbindlich Kontakt mit unseren Mitarbeitern auf.\" \/>\n<meta name=\"robots\" content=\"index, follow, max-snippet:-1, max-image-preview:large, max-video-preview:-1\" \/>\n<link rel=\"canonical\" href=\"https:\/\/www.aerolift.nl\/de\/kontakt\/\" \/>\n<meta property=\"og:locale\" content=\"de_DE\" \/>\n<meta property=\"og:type\" content=\"article\" \/>\n<meta property=\"og:title\" content=\"Kontakt Aerolift | Aerolift\" \/>\n<meta property=\"og:description\" content=\"Ben\u00f6tigen Sie einen Vakuumheber f\u00fcr Ihr Projekt oder ben\u00f6tigen Sie weitere Informationen zur Vakuumtechnik? Dann nutzen Sie einfach unser Kontaktformular und nehmen Sie ganz unverbindlich Kontakt mit unseren Mitarbeitern auf.\" \/>\n<meta property=\"og:url\" content=\"https:\/\/www.aerolift.nl\/de\/kontakt\/\" \/>\n<meta property=\"og:site_name\" content=\"Aerolift\" \/>\n<meta property=\"article:modified_time\" content=\"2025-10-06T10:18:53+00:00\" \/>\n<meta name=\"twitter:card\" content=\"summary_large_image\" \/>\n<meta name=\"twitter:label1\" content=\"Gesch\u00e4tzte Lesezeit\" \/>\n\t<meta name=\"twitter:data1\" content=\"1\u00a0Minute\" \/>\n<!-- \/ Yoast SEO plugin. -->","yoast_head_json":{"title":"Kontakt Aerolift | Aerolift","description":"Ben\u00f6tigen Sie einen Vakuumheber f\u00fcr Ihr Projekt oder ben\u00f6tigen Sie weitere Informationen zur Vakuumtechnik? Dann nutzen Sie einfach unser Kontaktformular und nehmen Sie ganz unverbindlich Kontakt mit unseren Mitarbeitern auf.","robots":{"index":"index","follow":"follow","max-snippet":"max-snippet:-1","max-image-preview":"max-image-preview:large","max-video-preview":"max-video-preview:-1"},"canonical":"https:\/\/www.aerolift.nl\/de\/kontakt\/","og_locale":"de_DE","og_type":"article","og_title":"Kontakt Aerolift | Aerolift","og_description":"Ben\u00f6tigen Sie einen Vakuumheber f\u00fcr Ihr Projekt oder ben\u00f6tigen Sie weitere Informationen zur Vakuumtechnik? Dann nutzen Sie einfach unser Kontaktformular und nehmen Sie ganz unverbindlich Kontakt mit unseren Mitarbeitern auf.","og_url":"https:\/\/www.aerolift.nl\/de\/kontakt\/","og_site_name":"Aerolift","article_modified_time":"2025-10-06T10:18:53+00:00","twitter_card":"summary_large_image","twitter_misc":{"Gesch\u00e4tzte Lesezeit":"1\u00a0Minute"},"schema":{"@context":"https:\/\/schema.org","@graph":[{"@type":"WebPage","@id":"https:\/\/www.aerolift.nl\/de\/kontakt\/","url":"https:\/\/www.aerolift.nl\/de\/kontakt\/","name":"Kontakt Aerolift | Aerolift","isPartOf":{"@id":"https:\/\/www.aerolift.nl\/#website"},"datePublished":"2015-06-05T13:29:19+00:00","dateModified":"2025-10-06T10:18:53+00:00","description":"Ben\u00f6tigen Sie einen Vakuumheber f\u00fcr Ihr Projekt oder ben\u00f6tigen Sie weitere Informationen zur Vakuumtechnik? Dann nutzen Sie einfach unser Kontaktformular und nehmen Sie ganz unverbindlich Kontakt mit unseren Mitarbeitern auf.","breadcrumb":{"@id":"https:\/\/www.aerolift.nl\/de\/kontakt\/#breadcrumb"},"inLanguage":"de","potentialAction":[{"@type":"ReadAction","target":["https:\/\/www.aerolift.nl\/de\/kontakt\/"]}]},{"@type":"BreadcrumbList","@id":"https:\/\/www.aerolift.nl\/de\/kontakt\/#breadcrumb","itemListElement":[{"@type":"ListItem","position":1,"name":"Home","item":"https:\/\/www.aerolift.nl\/de\/"},{"@type":"ListItem","position":2,"name":"Kontakt"}]},{"@type":"WebSite","@id":"https:\/\/www.aerolift.nl\/#website","url":"https:\/\/www.aerolift.nl\/","name":"Aerolift","description":"Ein weiterer Wordpress -Website","publisher":{"@id":"https:\/\/www.aerolift.nl\/#organization"},"potentialAction":[{"@type":"SearchAction","target":{"@type":"EntryPoint","urlTemplate":"https:\/\/www.aerolift.nl\/?s={search_term_string}"},"query-input":{"@type":"PropertyValueSpecification","valueRequired":true,"valueName":"search_term_string"}}],"inLanguage":"de"},{"@type":"Organization","@id":"https:\/\/www.aerolift.nl\/#organization","name":"Aerolift Industrials bv","alternateName":"Aerolift","url":"https:\/\/www.aerolift.nl\/","logo":{"@type":"ImageObject","inLanguage":"de","@id":"https:\/\/www.aerolift.nl\/#\/schema\/logo\/image\/","url":"https:\/\/i0.wp.com\/www.aerolift.nl\/wp-content\/uploads\/2025\/07\/2024-logo-aerolift-corners-5.png?fit=1903%2C678&ssl=1","contentUrl":"https:\/\/i0.wp.com\/www.aerolift.nl\/wp-content\/uploads\/2025\/07\/2024-logo-aerolift-corners-5.png?fit=1903%2C678&ssl=1","width":1903,"height":678,"caption":"Aerolift Industrials bv"},"image":{"@id":"https:\/\/www.aerolift.nl\/#\/schema\/logo\/image\/"},"sameAs":["https:\/\/www.linkedin.com\/company\/aerolift-industrials-bv\/","https:\/\/www.youtube.com\/user\/AeroliftIndustrials1"]}]}},"jetpack_sharing_enabled":true,"_links":{"self":[{"href":"https:\/\/www.aerolift.nl\/de\/wp-json\/wp\/v2\/pages\/455","targetHints":{"allow":["GET"]}}],"collection":[{"href":"https:\/\/www.aerolift.nl\/de\/wp-json\/wp\/v2\/pages"}],"about":[{"href":"https:\/\/www.aerolift.nl\/de\/wp-json\/wp\/v2\/types\/page"}],"author":[{"embeddable":true,"href":"https:\/\/www.aerolift.nl\/de\/wp-json\/wp\/v2\/users\/22"}],"replies":[{"embeddable":true,"href":"https:\/\/www.aerolift.nl\/de\/wp-json\/wp\/v2\/comments?post=455"}],"version-history":[{"count":6,"href":"https:\/\/www.aerolift.nl\/de\/wp-json\/wp\/v2\/pages\/455\/revisions"}],"predecessor-version":[{"id":13518,"href":"https:\/\/www.aerolift.nl\/de\/wp-json\/wp\/v2\/pages\/455\/revisions\/13518"}],"wp:attachment":[{"href":"https:\/\/www.aerolift.nl\/de\/wp-json\/wp\/v2\/media?parent=455"}],"curies":[{"name":"wp","href":"https:\/\/api.w.org\/{rel}","templated":true}]}}