{"id":4592,"date":"2017-05-31T09:42:46","date_gmt":"2017-05-31T08:42:46","guid":{"rendered":"http:\/\/www.aerolift.nl\/?page_id=4592\/"},"modified":"2023-10-11T09:11:59","modified_gmt":"2023-10-11T08:11:59","slug":"vakuumgreifer","status":"publish","type":"page","link":"https:\/\/www.aerolift.nl\/de\/vakuumgreifer\/","title":{"rendered":"Vakuumgreifer: schonend, stark und effizient"},"content":{"rendered":"<p>Aerolift entwirft <strong>kundenspezifische Hebel\u00f6sungen<\/strong> f\u00fcr viele <strong>verschiedene Branchen weltweit<\/strong>. Wir sind spezialisiert auf ma\u00dfgeschneiderte Hebel\u00f6sungen f\u00fcr s\u00e4mtliche Betriebsprozesse, von der Produktion bis zur Konstruktion. Ob in der Industrie oder im Bau, ob tonnenschwer oder federleicht \u2013 Vakuumgreifer sind die <strong>ideale L\u00f6sung f\u00fcr alle Hebeanforderungen<\/strong>. Durch die Vakuumtechnik kann das Material auf schonendste Weise transportiert oder verlagert werden. Das einfache Handling des Vakuumgreifers erspart zudem Zeit und Personal und sorgt so f\u00fcr <strong>optimale Effizienz<\/strong>.<\/p>\n<h2>Effiziente Hebel\u00f6sungen<\/h2>\n<p>Mit einem Vakuumgreifer von Aerolift verf\u00fcgen Sie \u00fcber eine besonders <strong>effiziente Hebel\u00f6sung<\/strong>, die sich f\u00fcr viele verschiedene Materialien und Branchen eignet.<br \/>\nUnsere Vakuumtechnik bietet<strong> kontrollierbare Sicherheitsmerkmale<\/strong>, mit denen Ihre Last immer in sicheren H\u00e4nden ist. Im Gegensatz zu herk\u00f6mmlichen Hebemethoden mit Befestigung und Sicherung durch Haken, Ketten und Klemmen ist bei einem Vakuumgreifer der Einsatz von zus\u00e4tzlichen Schutzma\u00dfnahmen, wie beispielsweise von Abstandhaltern, nicht mehr erforderlich. Unser Vakuumgreifer ist au\u00dferdem <strong>leicht zu handhaben<\/strong> und die Vereinfachung einzelner Arbeitsschritte f\u00fchrt gleichzeitig zu einer Reduktion der Personal- und Produktionskosten.<\/p>\n<p><strong>Vorteile des Vakuumgreifers auf einen Blick:<\/strong><\/p>\n<ul>\n<li>Minimalisierung des Unfall- und Schadensrisikos beim Anheben<\/li>\n<li>Vielseitig und branchen\u00fcbergreifend einsetzbar<\/li>\n<li>Einfache Handhabung<\/li>\n<li>Durch schnelleres Anheben ersparen Sie Zeit und Personal<\/li>\n<li>Es ist keine zus\u00e4tzliche Einsturzabsicherung erforderlich<\/li>\n<\/ul>\n<h2>Alarmsystem gibt Sicherheit<\/h2>\n<p>Der Einsatz von Vakuumtechnik ist in den meisten F\u00e4llen <strong>wesentlich sicherer als traditionelle Techniken<\/strong>. Alle Vakuumgreifer verf\u00fcgen \u00fcber ein <strong>Alarmsystem<\/strong> und eine <strong>garantierte Mindest-H\u00e4ngezeit<\/strong>, falls ein Stromausfall auftritt. Das Vakuumniveau kann zu jedem Zeitpunkt auf dem Hebeger\u00e4t abgelesen werden. Sollte es unter 80% abfallen, gibt das Hebeger\u00e4t sofort ein deutliches Signal. Die garantierte Mindest-H\u00e4ngezeit sorgt daf\u00fcr, dass das Vakuum erst nach einigen Minuten auf einen Halbwertanteil von 40% abf\u00e4llt. So bleibt dem Operator genug Zeit, die Last sicher zu Boden zu bringen oder auf eine andere Art und Weise zu sichern.<\/p>\n<h2>Einfache Handhabung: Sie sehen, ob Ihre Last sicher ist<\/h2>\n<p>Im Gegensatz zu den meisten anderen Hebemethoden, zeigt Ihnen ein Vakuumheber stets visuell, ob die Last sicher ist. Das Aerolift-Vakuummeter zeigt Ihnen immer die genaue H\u00f6he des Vakuums an: Im gr\u00fcnen Bereich (&gt;80%) ist es sicher zu heben. Wenn das Vakuum unter 80% f\u00e4llt, gibt der Vakuumgeber einen <strong>sicht- und h\u00f6rbaren Alarm<\/strong> aus. Die Anzeige im hohen Bereich am Vakuumheber ist ein perfektes Zeichen daf\u00fcr, dass die Last sicher ist.<\/p>\n<h2>Vakuumgreifer f\u00fcr zahlreiche Anwendungen<\/h2>\n<p>Egal, ob es um Anheben, <strong>Schwenken, Kippen der Wenden<\/strong> geht \u2013 mit den Vakuumgreifern von Aerolift wird das <a href=\"https:\/\/www.aerolift.nl\/de\/vakuumhandling-methode\/\">Handling<\/a> von Produkten und Transportg\u00fctern aller Art zu einem Kinderspiel. Den jegliche Ausrichtung in der Bewegung ist m\u00f6glich: Die Ware kann waagerecht oder vertikal transportiert werden, au\u00dferdem um 90\u00b0 gekippt oder auch um 180\u00b0 gewendet werden.<br \/>\nF\u00fcr den <a href=\"https:\/\/www.aerolift.nl\/de\/anwendungen-von-vakuumhebern\/anwendungen-von-vakuumhebern-bei-internem-transport\/\">internen Transport<\/a> in Ihrem Unternehmen bietet Aerolift <strong>ma\u00dfgeschneiderte Hebel\u00f6sungen<\/strong>, die perfekt in Ihren Betrieb integriert werden k\u00f6nnen. Aber auch bei der <a href=\"https:\/\/www.aerolift.nl\/de\/anwendungen-von-vakuumhebern\/anwendungen-vakuumhebern-bei-der-lagerung\/\">Lagerung<\/a> und beim <a href=\"https:\/\/www.aerolift.nl\/de\/anwendungen-von-vakuumhebern\/anwendungen-von-vakuumhebern-beim-warenumschlag\/\">Warenumschlag<\/a> sind Vakuumgreifer ideale und effiziente Hebesysteme. Selbstverst\u00e4ndlich k\u00f6nnen unsere Hebeger\u00e4te auch an <a href=\"https:\/\/www.aerolift.nl\/de\/anwendungen-von-vakuumhebern\/anwendungen-von-vakuumhebern-bei-automatischen-systemen\/\">automatische Systeme<\/a> gekoppelt werden. Unsere erfahrenen Experten beraten Sie gerne \u00fcber die optimale Ma\u00dfarbeit f\u00fcr Ihre Betriebsprozesse.<\/p>\n<p><iframe loading=\"lazy\" src=\"https:\/\/www.youtube-nocookie.com\/embed\/_oj0DVuFyKc\" width=\"640\" height=\"360\" frameborder=\"0\" allowfullscreen=\"allowfullscreen\"><\/iframe><\/p>\n<h2>F\u00fcr jedes Material den passenden Vakuumgreifer<\/h2>\n<p>Vakuumgreifer von Aerolift sind f\u00fcr die <strong>Verlagerung und den Transport<\/strong> vieler verschiedener Materialien geeignet, sowohl in der Industrie als auch im Bau. Tonnenschwere <a href=\"https:\/\/www.aerolift.nl\/de\/hebelosungen-fur-ihre-industrie\/metall-mit-vakuumtechnik-heben\/\">Metall <\/a>\u2013 oder <a href=\"https:\/\/www.aerolift.nl\/de\/hebelosungen-fur-ihre-industrie\/andere-materialien-mit-vakuumtechnik-heben\/\">Glasplatten<\/a> sind f\u00fcr diese Ger\u00e4te keine Herausforderung, ebenso wenig wie gro\u00dfe <a href=\"https:\/\/www.aerolift.nl\/de\/hebelosungen-fur-ihre-industrie\/papierrollen-mit-vakuumtechnik-heben\/\">Papierrollen<\/a>. Und auch <a href=\"https:\/\/www.aerolift.nl\/de\/hebelosungen-fur-ihre-industrie\/beton-mit-vakuumtechnik-heben\/\">Beton<\/a> stellt f\u00fcr diesen Kraftprotz keinerlei Problem dar. Das Entschalen von Beton funktioniert hiermit leicht und sicher: Durch die geringe Oberfl\u00e4chenbelastung einer Saugschale bleibt das Produkt unbesch\u00e4digt und die Form braucht nicht demontiert oder abgerissen zu werden \u2013 das spart Zeit und Material.<\/p>\n<h2>L\u00f6sungen f\u00fcr mechanisches Heben<\/h2>\n<p>Obwohl wir uns vorzugsweise in jeder Situation f\u00fcr <a href=\"https:\/\/www.aerolift.nl\/de\/vakuum-handling-2\/\">Vakuumhebetechnik<\/a> entscheiden, ist leider nicht jedes Produkt geeignet, durch den Unterdruck angehoben zu werden. Denken Sie an verpackte Papierrollen, beschichtete Rohre oder einen Stapel von Tunnelsegmenten. Wenn die zu hebende Last also keine luftdichte Oberfl\u00e4che aufweist, kann kein Vakuum aufgebaut werden, sodass nach <strong>alternativen Lastaufnahmemitteln<\/strong> gesucht werden muss. Speziell f\u00fcr diese Situation konzipieren wir daher ebenso vorteilhafte <strong>mechanische Hebel\u00f6sungen<\/strong> ohne Vakuum wie unseren <strong>Aerogripper<\/strong>. Dieser sechsarmige Papiergreifer mit mechanischem Antrieb ist insbesondere f\u00fcr den Umschlag und Transport von Papierrollen geeignet. Anhand seiner Konstruktion ist der Aerogripper selbst in der Lage, <strong>mehrere Papierrollen gleichzeitig<\/strong> zu greifen.<\/p>\n<h2>Vakuumgreifer kaufen oder mieten<\/h2>\n<p>Bei Aerolift k\u00f6nnen Sie die Vakuumgreifer nicht nur kaufen, sondern auch f\u00fcr befristete Zeitr\u00e4ume <a href=\"https:\/\/www.aerolift.nl\/de\/vermietung-von-vakuum-hebegeraten\/\">mieten<\/a>. So kommen bei einem Projekt keine erh\u00f6hten Investitionskosten auf Sie zu und Sie k\u00f6nnen dennoch sicher sein, dass sie mit den besten Hebeger\u00e4ten arbeiten. Nicht nur beim Verkauf, sondern auch bei der Vermietung m\u00f6chten wir unseren Kunden den <strong>bestm\u00f6glichen <a href=\"https:\/\/www.aerolift.nl\/de\/service-und-wartung-von-vakuum-hebegeraeten\/\">Service<\/a><\/strong> bieten. Gerne besprechen wir mit Ihnen gemeinsam das Projekt, bei dem Sie den Vakuumgreifer einsetzen m\u00f6chten, um ein deutliches Bild Ihres Bedarfs zu kriegen. Auf diese Weise k\u00f6nnen wir Sie optimal \u00fcber die erforderliche Kapazit\u00e4t des Hebeger\u00e4tes, die Art der Saugschale und andere technische und praktische Fragen beraten.<\/p>\n<h2>Mehr Informationen \u00fcber Vakuumgreifer von Aerolift<\/h2>\n<p>M\u00f6chten Sie mehr \u00fcber unsere Vakuumgreifer und ihre vielf\u00e4ltigen Anwendungsgebiete erfahren? Dann nehmen Sie unverbindlich <a href=\"http:\/\/www.aerolift.nl\/de\/kontakt\/\">Kontakt<\/a> mit uns auf, wir beraten Sie kompetent und pers\u00f6nlich.<\/p>\n","protected":false},"excerpt":{"rendered":"<p>Aerolift entwirft kundenspezifische Hebel\u00f6sungen f\u00fcr viele verschiedene Branchen weltweit. Wir sind spezialisiert auf ma\u00dfgeschneiderte Hebel\u00f6sungen f\u00fcr s\u00e4mtliche Betriebsprozesse, von der Produktion bis zur Konstruktion. Ob in der Industrie oder im Bau, ob tonnenschwer oder federleicht \u2013 Vakuumgreifer sind die ideale L\u00f6sung f\u00fcr alle Hebeanforderungen. Durch die Vakuumtechnik kann das Material&#8230;<\/p>\n","protected":false},"author":22,"featured_media":0,"parent":0,"menu_order":0,"comment_status":"closed","ping_status":"closed","template":"","meta":{"_acf_changed":false,"footnotes":""},"class_list":["post-4592","page","type-page","status-publish","hentry"],"acf":[],"yoast_head":"<!-- This site is optimized with the Yoast SEO plugin v27.4 - https:\/\/yoast.com\/product\/yoast-seo-wordpress\/ -->\n<title>Vakuumgreifer | Aerolift Industrials<\/title>\n<meta name=\"description\" content=\"Sind Sie auf der Suche nach Vakuumgreifern f\u00fcr Ihr Unternehmen? Dann sind Sie bei Aerolift genau an der richtigen Adresse. Mit unseren Vakuum Hebeger\u00e4ten k\u00f6nnen Sie Lasten nicht nur schneller und einfacher, sondern auch noch sicherer transportieren. Erfahren Sie hier alles \u00fcber unsere Vakuumgreifer.\" \/>\n<meta name=\"robots\" content=\"index, follow, max-snippet:-1, max-image-preview:large, max-video-preview:-1\" \/>\n<link rel=\"canonical\" href=\"https:\/\/www.aerolift.nl\/de\/vakuumgreifer\/\" \/>\n<meta property=\"og:locale\" content=\"de_DE\" \/>\n<meta property=\"og:type\" content=\"article\" \/>\n<meta property=\"og:title\" content=\"Vakuumgreifer | Aerolift Industrials\" \/>\n<meta property=\"og:description\" content=\"Sind Sie auf der Suche nach Vakuumgreifern f\u00fcr Ihr Unternehmen? Dann sind Sie bei Aerolift genau an der richtigen Adresse. Mit unseren Vakuum Hebeger\u00e4ten k\u00f6nnen Sie Lasten nicht nur schneller und einfacher, sondern auch noch sicherer transportieren. Erfahren Sie hier alles \u00fcber unsere Vakuumgreifer.\" \/>\n<meta property=\"og:url\" content=\"https:\/\/www.aerolift.nl\/de\/vakuumgreifer\/\" \/>\n<meta property=\"og:site_name\" content=\"Aerolift\" \/>\n<meta property=\"article:modified_time\" content=\"2023-10-11T08:11:59+00:00\" \/>\n<meta name=\"twitter:card\" content=\"summary_large_image\" \/>\n<meta name=\"twitter:label1\" content=\"Gesch\u00e4tzte Lesezeit\" \/>\n\t<meta name=\"twitter:data1\" content=\"5\u00a0Minuten\" \/>\n<!-- \/ Yoast SEO plugin. -->","yoast_head_json":{"title":"Vakuumgreifer | Aerolift Industrials","description":"Sind Sie auf der Suche nach Vakuumgreifern f\u00fcr Ihr Unternehmen? Dann sind Sie bei Aerolift genau an der richtigen Adresse. Mit unseren Vakuum Hebeger\u00e4ten k\u00f6nnen Sie Lasten nicht nur schneller und einfacher, sondern auch noch sicherer transportieren. Erfahren Sie hier alles \u00fcber unsere Vakuumgreifer.","robots":{"index":"index","follow":"follow","max-snippet":"max-snippet:-1","max-image-preview":"max-image-preview:large","max-video-preview":"max-video-preview:-1"},"canonical":"https:\/\/www.aerolift.nl\/de\/vakuumgreifer\/","og_locale":"de_DE","og_type":"article","og_title":"Vakuumgreifer | Aerolift Industrials","og_description":"Sind Sie auf der Suche nach Vakuumgreifern f\u00fcr Ihr Unternehmen? Dann sind Sie bei Aerolift genau an der richtigen Adresse. Mit unseren Vakuum Hebeger\u00e4ten k\u00f6nnen Sie Lasten nicht nur schneller und einfacher, sondern auch noch sicherer transportieren. Erfahren Sie hier alles \u00fcber unsere Vakuumgreifer.","og_url":"https:\/\/www.aerolift.nl\/de\/vakuumgreifer\/","og_site_name":"Aerolift","article_modified_time":"2023-10-11T08:11:59+00:00","twitter_card":"summary_large_image","twitter_misc":{"Gesch\u00e4tzte Lesezeit":"5\u00a0Minuten"},"schema":{"@context":"https:\/\/schema.org","@graph":[{"@type":"WebPage","@id":"https:\/\/www.aerolift.nl\/de\/vakuumgreifer\/","url":"https:\/\/www.aerolift.nl\/de\/vakuumgreifer\/","name":"Vakuumgreifer | Aerolift Industrials","isPartOf":{"@id":"https:\/\/www.aerolift.nl\/#website"},"datePublished":"2017-05-31T08:42:46+00:00","dateModified":"2023-10-11T08:11:59+00:00","description":"Sind Sie auf der Suche nach Vakuumgreifern f\u00fcr Ihr Unternehmen? Dann sind Sie bei Aerolift genau an der richtigen Adresse. Mit unseren Vakuum Hebeger\u00e4ten k\u00f6nnen Sie Lasten nicht nur schneller und einfacher, sondern auch noch sicherer transportieren. Erfahren Sie hier alles \u00fcber unsere Vakuumgreifer.","breadcrumb":{"@id":"https:\/\/www.aerolift.nl\/de\/vakuumgreifer\/#breadcrumb"},"inLanguage":"de","potentialAction":[{"@type":"ReadAction","target":["https:\/\/www.aerolift.nl\/de\/vakuumgreifer\/"]}]},{"@type":"BreadcrumbList","@id":"https:\/\/www.aerolift.nl\/de\/vakuumgreifer\/#breadcrumb","itemListElement":[{"@type":"ListItem","position":1,"name":"Home","item":"https:\/\/www.aerolift.nl\/de\/"},{"@type":"ListItem","position":2,"name":"Vakuumgreifer: schonend, stark und effizient"}]},{"@type":"WebSite","@id":"https:\/\/www.aerolift.nl\/#website","url":"https:\/\/www.aerolift.nl\/","name":"Aerolift","description":"Ein weiterer Wordpress -Website","publisher":{"@id":"https:\/\/www.aerolift.nl\/#organization"},"potentialAction":[{"@type":"SearchAction","target":{"@type":"EntryPoint","urlTemplate":"https:\/\/www.aerolift.nl\/?s={search_term_string}"},"query-input":{"@type":"PropertyValueSpecification","valueRequired":true,"valueName":"search_term_string"}}],"inLanguage":"de"},{"@type":"Organization","@id":"https:\/\/www.aerolift.nl\/#organization","name":"Aerolift Industrials bv","alternateName":"Aerolift","url":"https:\/\/www.aerolift.nl\/","logo":{"@type":"ImageObject","inLanguage":"de","@id":"https:\/\/www.aerolift.nl\/#\/schema\/logo\/image\/","url":"https:\/\/i0.wp.com\/www.aerolift.nl\/wp-content\/uploads\/2025\/07\/2024-logo-aerolift-corners-5.png?fit=1903%2C678&ssl=1","contentUrl":"https:\/\/i0.wp.com\/www.aerolift.nl\/wp-content\/uploads\/2025\/07\/2024-logo-aerolift-corners-5.png?fit=1903%2C678&ssl=1","width":1903,"height":678,"caption":"Aerolift Industrials bv"},"image":{"@id":"https:\/\/www.aerolift.nl\/#\/schema\/logo\/image\/"},"sameAs":["https:\/\/www.linkedin.com\/company\/aerolift-industrials-bv\/","https:\/\/www.youtube.com\/user\/AeroliftIndustrials1"]}]}},"jetpack_sharing_enabled":true,"_links":{"self":[{"href":"https:\/\/www.aerolift.nl\/de\/wp-json\/wp\/v2\/pages\/4592","targetHints":{"allow":["GET"]}}],"collection":[{"href":"https:\/\/www.aerolift.nl\/de\/wp-json\/wp\/v2\/pages"}],"about":[{"href":"https:\/\/www.aerolift.nl\/de\/wp-json\/wp\/v2\/types\/page"}],"author":[{"embeddable":true,"href":"https:\/\/www.aerolift.nl\/de\/wp-json\/wp\/v2\/users\/22"}],"replies":[{"embeddable":true,"href":"https:\/\/www.aerolift.nl\/de\/wp-json\/wp\/v2\/comments?post=4592"}],"version-history":[{"count":8,"href":"https:\/\/www.aerolift.nl\/de\/wp-json\/wp\/v2\/pages\/4592\/revisions"}],"predecessor-version":[{"id":11825,"href":"https:\/\/www.aerolift.nl\/de\/wp-json\/wp\/v2\/pages\/4592\/revisions\/11825"}],"wp:attachment":[{"href":"https:\/\/www.aerolift.nl\/de\/wp-json\/wp\/v2\/media?parent=4592"}],"curies":[{"name":"wp","href":"https:\/\/api.w.org\/{rel}","templated":true}]}}