{"id":4727,"date":"2017-07-07T12:21:03","date_gmt":"2017-07-07T11:21:03","guid":{"rendered":"http:\/\/www.aerolift.nl\/?page_id=4727\/"},"modified":"2019-04-29T08:59:48","modified_gmt":"2019-04-29T07:59:48","slug":"vakuumhebegeraete-die-sanften-alleskoenner","status":"publish","type":"page","link":"https:\/\/www.aerolift.nl\/de\/vakuumhebegeraete-die-sanften-alleskoenner\/","title":{"rendered":"Vakuumhebeger\u00e4te \u2013 die sanften Allesk\u00f6nner"},"content":{"rendered":"<p>Klemmen, Ketten, Abstandhalter \u2013 vergessen Sie all diese Hilfsmittel! Vakuumhebeger\u00e4te sind nicht nur <strong>unglaublich stark<\/strong>, sondern auch <strong>sanft f\u00fcr Ihre Materialien<\/strong>. Und das hat viele Vorteile &#8211; f\u00fcr Ihr Produkt, f\u00fcr Ihr Personal und f\u00fcr Ihr Portmonee!<\/p>\n<h2>Vorteile sprechen f\u00fcr sich<\/h2>\n<p>Die Vorteile eines Vakuumhebers gegen\u00fcber herk\u00f6mmlichen Hebeger\u00e4ten sprechen f\u00fcr sich:<\/p>\n<ul>\n<li><strong>Einfach und schnell<\/strong>: Ansaugen und L\u00f6sen der Ware dauert nur wenige Sekunden.<\/li>\n<li><strong>Kostenreduzierung<\/strong>: weniger Personaleinsatz und kein Materialschaden.<\/li>\n<li><strong>Doppelte Sicherheit<\/strong>: minimales Unfallrisiko und extra Sicherheit im all von Stromst\u00f6rung.<\/li>\n<\/ul>\n<p>So erzielen Sie eine ansehnlich <strong>h\u00f6here Produktionsgeschwindigkeit<\/strong>, ohne an Qualit\u00e4t oder Sicherheit einb\u00fc\u00dfen zu m\u00fcssen \u2013 ganz im Gegenteil!<\/p>\n<h2>Zahlreiche Anwendungsbereiche<\/h2>\n<p>Die Anwendungsgebiete der Vakuumhebeger\u00e4te sind beinah unbegrenzt: Im Baugewerbe und in zahlreichen industriellen Bereichen werden unsere Vakuumheber erfolgreich eingesetzt. Dabei k\u00f6nnen alle Materialien mit luftdichter Oberfl\u00e4che angehoben werden, ganz egal, welche Form sie haben \u2013 von <a href=\"http:\/\/www.aerolift.nl\/de\/material-handling-mit-vakuumtechnik\/beton-mit-vakuumtechnik-heben\/\">Betonw\u00e4nden<\/a> bis zu <a href=\"http:\/\/www.aerolift.nl\/de\/material-handling-mit-vakuumtechnik\/papierrollen-mit-vakuumtechnik-heben\/\">Papierrollen<\/a>, von <a href=\"http:\/\/www.aerolift.nl\/de\/material-handling-mit-vakuumtechnik\/metall-mit-vakuumtechnik-heben\/\">Stahlplatten<\/a>&nbsp;bis zu <a href=\"http:\/\/www.aerolift.nl\/de\/material-handling-mit-vakuumtechnik\/andere-materialien-mit-vakuumtechnik-heben\/\">Glasplatten<\/a>, von federleicht bis tonnenschwer. Und sogar die Umgebungstemperatur spielt keine Rolle: Wir entwickeln Vakuumhebeger\u00e4te, die auch bei extrem hohen oder extrem niedrigen Temperaturen voll funktionst\u00fcchtig sind. Selbstverst\u00e4ndlich k\u00f6nnen die Vakuumheber auch an bestehende automatische Systeme gekoppelt werden.<\/p>\n<h2>Kunststoff: Die M\u00f6glichkeiten sind unendlich<\/h2>\n<p>Die Nutzungsm\u00f6glichkeiten von Vakuumhebern im Handling von Kunststoff sind ebenfalls unendlich. Sie werden zum Beispiel eingesetzt beim <strong>Verlagern, Entschalen<\/strong> oder <strong>Transportieren<\/strong> von<\/p>\n<ul>\n<li>Brandstoffbeh\u00e4ltern,<\/li>\n<li>Sch\u00fcttgutladungen in Tonnen oder Tanks,<\/li>\n<li>Fassadenplatten,<\/li>\n<li>Arbeitsplatten,<\/li>\n<li>Teilen f\u00fcr den Auto- oder Flugzeugbau<\/li>\n<li>Spar Caps und anderen Verst\u00e4rkungen.<\/li>\n<\/ul>\n<p>Die Materialien k\u00f6nnen dabei <strong>angehoben<\/strong>, <strong>gedreht<\/strong> oder um <strong>90 oder 180 Grad gekippt<\/strong> werden.<\/p>\n<h2>Optimale Ma\u00dfarbeit f\u00fcr Ihr Unternehmen<\/h2>\n<p>Nicht nur Materialien und Anwendungsbereiche, auch alle Unternehmen sind verschieden. Darum bieten wir Ihnen optimale Ma\u00dfarbeit. Unser eigenes Konstruktionsb\u00fcro sorgt f\u00fcr ma\u00dfgeschneiderte L\u00f6sungen, egal ob es um <a href=\"http:\/\/www.aerolift.nl\/de\/anwendungen-von-vakuumhebern\/anwendungen-von-vakuumhebern-beim-warenumschlag\/\">Warenumschlag<\/a>, <a href=\"http:\/\/www.aerolift.nl\/de\/anwendungen-von-vakuumhebern\/anwendungen-von-vakuumhebern-bei-internem-transport\/\">internen Transport<\/a>, <a href=\"http:\/\/www.aerolift.nl\/de\/anwendungen-von-vakuumhebern\/anwendungen-vakuumhebern-bei-der-lagerung\/\">Lagerung<\/a> oder die Integration in <a href=\"http:\/\/www.aerolift.nl\/de\/anwendungen-von-vakuumhebern\/anwendungen-von-vakuumhebern-bei-automatischen-systemen\/\">automatische Systeme<\/a> geht. Unsere <strong>jahrelange Erfahrung<\/strong> mit <strong>innovativen Konzepten<\/strong> erm\u00f6glicht es uns, sie fachkundig zu beraten und gemeinsam zu einem optimalen Ergebnis zu kommen: ein Vakuumhebeger\u00e4t, das perfekt zu Ihrem Unternehmen passt. Dazu bieten wir einen <strong>ausgezeichneten<\/strong> <strong>Service<\/strong> mit <strong>Kontroll- und Wartungsabonnement<\/strong>, einen <strong>Notfalldienst<\/strong> und schnelle <strong>Ersatzteillieferung<\/strong>.<\/p>\n<p><iframe loading=\"lazy\" src=\"https:\/\/www.youtube-nocookie.com\/embed\/_oj0DVuFyKc\" width=\"640\" height=\"360\" frameborder=\"0\" allowfullscreen=\"allowfullscreen\"><\/iframe><\/p>\n<h2>Mehr Informationen \u00fcber Vakuumhebeger\u00e4te<\/h2>\n<p>M\u00f6chten Sie wissen ob Vakuumtechnik auch eine passende L\u00f6sung f\u00fcr das Materialhandling in Ihrem Unternehmen ist? Nehmen Sie unverbindlich <a href=\"http:\/\/www.aerolift.nl\/de\/kontakt\/\">Kontakt <\/a>mit uns auf, wir beraten Sie kompetent!<\/p>\n","protected":false},"excerpt":{"rendered":"<p>Klemmen, Ketten, Abstandhalter \u2013 vergessen Sie all diese Hilfsmittel! Vakuumhebeger\u00e4te sind nicht nur unglaublich stark, sondern auch sanft f\u00fcr Ihre Materialien. Und das hat viele Vorteile &#8211; f\u00fcr Ihr Produkt, f\u00fcr Ihr Personal und f\u00fcr Ihr Portmonee! Vorteile sprechen f\u00fcr sich Die Vorteile eines Vakuumhebers gegen\u00fcber herk\u00f6mmlichen Hebeger\u00e4ten sprechen f\u00fcr&#8230;<\/p>\n","protected":false},"author":22,"featured_media":0,"parent":0,"menu_order":0,"comment_status":"closed","ping_status":"closed","template":"","meta":{"_acf_changed":false,"footnotes":""},"class_list":["post-4727","page","type-page","status-publish","hentry"],"acf":[],"yoast_head":"<!-- This site is optimized with the Yoast SEO plugin v27.6 - https:\/\/yoast.com\/product\/yoast-seo-wordpress\/ -->\n<title>Vakuumhebeger\u00e4te \u2013 die sanften Allesk\u00f6nner | Aerolift Industrials<\/title>\n<meta name=\"description\" content=\"Vergessen Sie alle Klemmen, Ketten oder Abstandhalter - unsere Vakuum Hebeger\u00e4te behandeln Ihr Material stets schonungslos, sodass es garantiert nicht zu Besch\u00e4digungen kommt. Gerade im Baugewerbe oder in der Industrie sind unsere Vakuumheber besonders beliebt. Erfahren Sie hier mehr!\" \/>\n<meta name=\"robots\" content=\"index, follow, max-snippet:-1, max-image-preview:large, max-video-preview:-1\" \/>\n<link rel=\"canonical\" href=\"https:\/\/www.aerolift.nl\/de\/vakuumhebegeraete-die-sanften-alleskoenner\/\" \/>\n<meta property=\"og:locale\" content=\"de_DE\" \/>\n<meta property=\"og:type\" content=\"article\" \/>\n<meta property=\"og:title\" content=\"Vakuumhebeger\u00e4te \u2013 die sanften Allesk\u00f6nner | Aerolift Industrials\" \/>\n<meta property=\"og:description\" content=\"Vergessen Sie alle Klemmen, Ketten oder Abstandhalter - unsere Vakuum Hebeger\u00e4te behandeln Ihr Material stets schonungslos, sodass es garantiert nicht zu Besch\u00e4digungen kommt. Gerade im Baugewerbe oder in der Industrie sind unsere Vakuumheber besonders beliebt. Erfahren Sie hier mehr!\" \/>\n<meta property=\"og:url\" content=\"https:\/\/www.aerolift.nl\/de\/vakuumhebegeraete-die-sanften-alleskoenner\/\" \/>\n<meta property=\"og:site_name\" content=\"Aerolift\" \/>\n<meta property=\"article:modified_time\" content=\"2019-04-29T07:59:48+00:00\" \/>\n<meta name=\"twitter:card\" content=\"summary_large_image\" \/>\n<meta name=\"twitter:label1\" content=\"Gesch\u00e4tzte Lesezeit\" \/>\n\t<meta name=\"twitter:data1\" content=\"2\u00a0Minuten\" \/>\n<!-- \/ Yoast SEO plugin. -->","yoast_head_json":{"title":"Vakuumhebeger\u00e4te \u2013 die sanften Allesk\u00f6nner | Aerolift Industrials","description":"Vergessen Sie alle Klemmen, Ketten oder Abstandhalter - unsere Vakuum Hebeger\u00e4te behandeln Ihr Material stets schonungslos, sodass es garantiert nicht zu Besch\u00e4digungen kommt. Gerade im Baugewerbe oder in der Industrie sind unsere Vakuumheber besonders beliebt. Erfahren Sie hier mehr!","robots":{"index":"index","follow":"follow","max-snippet":"max-snippet:-1","max-image-preview":"max-image-preview:large","max-video-preview":"max-video-preview:-1"},"canonical":"https:\/\/www.aerolift.nl\/de\/vakuumhebegeraete-die-sanften-alleskoenner\/","og_locale":"de_DE","og_type":"article","og_title":"Vakuumhebeger\u00e4te \u2013 die sanften Allesk\u00f6nner | Aerolift Industrials","og_description":"Vergessen Sie alle Klemmen, Ketten oder Abstandhalter - unsere Vakuum Hebeger\u00e4te behandeln Ihr Material stets schonungslos, sodass es garantiert nicht zu Besch\u00e4digungen kommt. Gerade im Baugewerbe oder in der Industrie sind unsere Vakuumheber besonders beliebt. Erfahren Sie hier mehr!","og_url":"https:\/\/www.aerolift.nl\/de\/vakuumhebegeraete-die-sanften-alleskoenner\/","og_site_name":"Aerolift","article_modified_time":"2019-04-29T07:59:48+00:00","twitter_card":"summary_large_image","twitter_misc":{"Gesch\u00e4tzte Lesezeit":"2\u00a0Minuten"},"schema":{"@context":"https:\/\/schema.org","@graph":[{"@type":"WebPage","@id":"https:\/\/www.aerolift.nl\/de\/vakuumhebegeraete-die-sanften-alleskoenner\/","url":"https:\/\/www.aerolift.nl\/de\/vakuumhebegeraete-die-sanften-alleskoenner\/","name":"Vakuumhebeger\u00e4te \u2013 die sanften Allesk\u00f6nner | Aerolift Industrials","isPartOf":{"@id":"https:\/\/www.aerolift.nl\/#website"},"datePublished":"2017-07-07T11:21:03+00:00","dateModified":"2019-04-29T07:59:48+00:00","description":"Vergessen Sie alle Klemmen, Ketten oder Abstandhalter - unsere Vakuum Hebeger\u00e4te behandeln Ihr Material stets schonungslos, sodass es garantiert nicht zu Besch\u00e4digungen kommt. Gerade im Baugewerbe oder in der Industrie sind unsere Vakuumheber besonders beliebt. Erfahren Sie hier mehr!","breadcrumb":{"@id":"https:\/\/www.aerolift.nl\/de\/vakuumhebegeraete-die-sanften-alleskoenner\/#breadcrumb"},"inLanguage":"de","potentialAction":[{"@type":"ReadAction","target":["https:\/\/www.aerolift.nl\/de\/vakuumhebegeraete-die-sanften-alleskoenner\/"]}]},{"@type":"BreadcrumbList","@id":"https:\/\/www.aerolift.nl\/de\/vakuumhebegeraete-die-sanften-alleskoenner\/#breadcrumb","itemListElement":[{"@type":"ListItem","position":1,"name":"Home","item":"https:\/\/www.aerolift.nl\/de\/"},{"@type":"ListItem","position":2,"name":"Vakuumhebeger\u00e4te \u2013 die sanften Allesk\u00f6nner"}]},{"@type":"WebSite","@id":"https:\/\/www.aerolift.nl\/#website","url":"https:\/\/www.aerolift.nl\/","name":"Aerolift","description":"Ein weiterer Wordpress -Website","publisher":{"@id":"https:\/\/www.aerolift.nl\/#organization"},"potentialAction":[{"@type":"SearchAction","target":{"@type":"EntryPoint","urlTemplate":"https:\/\/www.aerolift.nl\/?s={search_term_string}"},"query-input":{"@type":"PropertyValueSpecification","valueRequired":true,"valueName":"search_term_string"}}],"inLanguage":"de"},{"@type":"Organization","@id":"https:\/\/www.aerolift.nl\/#organization","name":"Aerolift Industrials bv","alternateName":"Aerolift","url":"https:\/\/www.aerolift.nl\/","logo":{"@type":"ImageObject","inLanguage":"de","@id":"https:\/\/www.aerolift.nl\/#\/schema\/logo\/image\/","url":"https:\/\/i0.wp.com\/www.aerolift.nl\/wp-content\/uploads\/2025\/07\/2024-logo-aerolift-corners-5.png?fit=1903%2C678&ssl=1","contentUrl":"https:\/\/i0.wp.com\/www.aerolift.nl\/wp-content\/uploads\/2025\/07\/2024-logo-aerolift-corners-5.png?fit=1903%2C678&ssl=1","width":1903,"height":678,"caption":"Aerolift Industrials bv"},"image":{"@id":"https:\/\/www.aerolift.nl\/#\/schema\/logo\/image\/"},"sameAs":["https:\/\/www.linkedin.com\/company\/aerolift-industrials-bv\/","https:\/\/www.youtube.com\/user\/AeroliftIndustrials1"]}]}},"jetpack_sharing_enabled":true,"_links":{"self":[{"href":"https:\/\/www.aerolift.nl\/de\/wp-json\/wp\/v2\/pages\/4727","targetHints":{"allow":["GET"]}}],"collection":[{"href":"https:\/\/www.aerolift.nl\/de\/wp-json\/wp\/v2\/pages"}],"about":[{"href":"https:\/\/www.aerolift.nl\/de\/wp-json\/wp\/v2\/types\/page"}],"author":[{"embeddable":true,"href":"https:\/\/www.aerolift.nl\/de\/wp-json\/wp\/v2\/users\/22"}],"replies":[{"embeddable":true,"href":"https:\/\/www.aerolift.nl\/de\/wp-json\/wp\/v2\/comments?post=4727"}],"version-history":[{"count":8,"href":"https:\/\/www.aerolift.nl\/de\/wp-json\/wp\/v2\/pages\/4727\/revisions"}],"predecessor-version":[{"id":8267,"href":"https:\/\/www.aerolift.nl\/de\/wp-json\/wp\/v2\/pages\/4727\/revisions\/8267"}],"wp:attachment":[{"href":"https:\/\/www.aerolift.nl\/de\/wp-json\/wp\/v2\/media?parent=4727"}],"curies":[{"name":"wp","href":"https:\/\/api.w.org\/{rel}","templated":true}]}}