{"id":535,"date":"2015-07-03T09:42:16","date_gmt":"2015-07-03T08:42:16","guid":{"rendered":"http:\/\/www.aerolift.nl\/de\/?page_id=535"},"modified":"2022-03-22T15:55:48","modified_gmt":"2022-03-22T14:55:48","slug":"metall-mit-vakuumtechnik-heben","status":"publish","type":"page","link":"https:\/\/www.aerolift.nl\/de\/hebelosungen-fur-ihre-industrie\/metall-mit-vakuumtechnik-heben\/","title":{"rendered":"Metall mit Vakuumtechnik heben"},"content":{"rendered":"<p><strong>Metall<\/strong> mit <strong>Vakuumtechnik heben<\/strong> \u2013 Diese Technik ist sowohl bei magnetischen, als auch bei nicht-magnetischen Metallen, wie beispielsweise (rostfreiem) Stahl, Aluminium, Kupfer oder auch anderen\u00a0Legierungen anwendbar. Die Vakuumtechnik bieten hierbei im Vergleich zu anderen Hebetechniken\u00a0einige entscheidende Vorteile.<\/p>\n<h2>Brammen und anderen Gusserzeugnissen heben dank Vakuumtechnik<\/h2>\n<p>Metalle beginnen ihren Produktionsprozess im Hochofen. Hier werden sie zu Brammen oder anderen\u00a0Gusserzeugnissen geschmolzen. Im Anschluss wird das Material dann zu Rohren (Coils) oder\u00a0Metallplatten verarbeitet und somit transportbereit verformt.\u00a0Jede Verlagerung einer solchen Last ist jedoch m\u00fchsam und erfordert das <a href=\"https:\/\/www.aerolift.nl\/de\/vakuumgreifer\/\">Heben von schweren\u00a0Materialien<\/a>. Aerolift bietet hierbei eine sehr sichere Methode f\u00fcr jede Art des <a href=\"https:\/\/www.aerolift.nl\/de\/vakuumheber-fur-stahl\/\">Transportes f\u00fcr Metall<\/a>.\u00a0Aerolift\u00a0sucht zusammen mit Ihnen, nach der effizientesten Hebemethode f\u00fcr Ihre Metallprodukte.<\/p>\n<h2>Sicherheit hat oberste Priorit\u00e4t<\/h2>\n<p>Al unsere Vakuum-Hebeger\u00e4te verf\u00fcgen \u00fcber einen \u00e4u\u00dferst hohen Sicherheitsstandard. So besitzen alle Vakuumheber von Aerolift ein Alarmsystem sowie eine garantierte Mindest-H\u00e4ngezeit bei Stromausfall. Der Operator hat permanent die M\u00f6glichkeit, dass Vakuumniveau auf dem Hebeger\u00e4t abzulesen. Des Weiteren gibt das Hebeger\u00e4t unmittelbar und deutliches, visuelles sowie auditives Feedback, sollte das Vakuum im Tank oder den Saugschalen des Ger\u00e4tes unter 80% fallen. Ferner sind Vakuumheber von Aerolift so konstruiert, dass das Vakuum bei einer St\u00f6rung oder bei Stromausfall erst nach einigen Minuten auf einen Halbwertanteil von 40% f\u00e4llt. Somit bleibt im St\u00f6rungsfall genug Zeit \u00fcber, um die Last sicher zu Boden zu bringen, oder auf eine andere Art und Weise zu sichern.<\/p>\n<h2>Vom Zwischen- zum Endprodukt<\/h2>\n<p>Die unterschiedlichen Metallrohre und\/oder Platten werden als Zwischenprodukte in Schneide- und\u00a0Bearbeitungsbetrieben benutzt. Hier wird das Material zu einem neuen Zwischen- oder einem\u00a0Endprodukt verarbeitet. Einige Beispiele hiervon sind<\/p>\n<ul>\n<li>Rohre;<\/li>\n<li>Bodenplatten f\u00fcr Schiffsrumpfe;<\/li>\n<li>W\u00e4nde;<\/li>\n<li>Flugzeugfl\u00fcgel;<\/li>\n<li>Und Profile f\u00fcr Konstruktionsstahl.<\/li>\n<\/ul>\n<p>Sowohl bei der Lagerung, Umschlag sowie beim internen Transport von Waren k\u00f6nnen die\u00a0Vakuumheber von Aerolift optimale Unterst\u00fctzung bieten. Neben von Hand zu bedienenden Vakuum\u00a0Hebeger\u00e4ten, produziert Aerolift auch (voll)automatische Systeme.<\/p>\n<h2>Magnetische sowie nicht-magnetische Metalle mit Vakuumtechnik heben<\/h2>\n<p>Bei konventionellen Methoden werden nicht-magnetische Metalle sowie Aluminium, Kupfer und\u00a0rostfreie Metalle mit Ketten und Klemmen angehoben und transportiert. Metall mit\u00a0Vakuumtechnik heben bietet unterschiedliche Vorteile im direkten Vergleich zu herk\u00f6mmlichen\u00a0Methoden.<\/p>\n<ul>\n<li>Keine Besch\u00e4digung der Last;<\/li>\n<li>Schnelleres anheben \/ schnellerer Transport mit weniger Arbeitskraft;<\/li>\n<li>Au\u00dferdem werden bei der Lagerung keine Abstandshalter oder andere Stoppmaterialien\u00a0mehr ben\u00f6tigt.<\/li>\n<\/ul>\n<p>Magnetische Metalle werden h\u00e4ufig noch mit Magneten gehoben. Auch hier kann die\u00a0Vakuumtechnik einen Zuschuss an Effizienz f\u00fcr Sie bedeuten, aufgrund folgender Aspekte:<\/p>\n<ul>\n<li>Mehr Hebekapazit\u00e4t durch geringeres Gewicht des Hebeger\u00e4ts;<\/li>\n<li>Niedrigere Investitionskosten;<\/li>\n<li>Notwendigkeit eines schweren Notsystems entf\u00e4llt;<\/li>\n<li>Kontrolliert mehrere <a href=\"https:\/\/www.aerolift.nl\/de\/vakuum-plattenheber\/\">Platten heben<\/a>;<\/li>\n<li>Kein Abstandshalter notwendig bei Lagerung;<\/li>\n<li>Frei von magnetischen Umgebungseinfl\u00fcssen (Schiffskompasse und giro\u2019s).<\/li>\n<\/ul>\n<p>Au\u00dferdem ist der Energieverbrauch im Vergleich mit dem Plattentransport mit Magneten wesentlich\u00a0niedriger (3KW f\u00fcr 10t \/ 5KW f\u00fcr 20t).<\/p>\n<p>M\u00f6chten Sie mehr \u00fcber das Thema <strong>\u201eMetall<\/strong> mit <strong>Vakuumtechnik heben\u201c<\/strong> erfahren? Nehmen Sie\u00a0unverbindlich <a href=\"https:\/\/www.aerolift.nl\/de\/kontakt\/\">Kontakt<\/a> mit Aerolift auf.<\/p>\n","protected":false},"excerpt":{"rendered":"<p>Metall mit Vakuumtechnik heben \u2013 Diese Technik ist sowohl bei magnetischen, als auch bei nicht-magnetischen Metallen, wie beispielsweise (rostfreiem) Stahl, Aluminium, Kupfer oder auch anderen\u00a0Legierungen anwendbar. Die Vakuumtechnik bieten hierbei im Vergleich zu anderen Hebetechniken\u00a0einige entscheidende Vorteile. Brammen und anderen Gusserzeugnissen heben dank Vakuumtechnik Metalle beginnen ihren Produktionsprozess im Hochofen&#8230;.<\/p>\n","protected":false},"author":22,"featured_media":0,"parent":10251,"menu_order":2,"comment_status":"open","ping_status":"closed","template":"","meta":{"_acf_changed":false,"footnotes":""},"class_list":["post-535","page","type-page","status-publish","hentry"],"acf":[],"yoast_head":"<!-- This site is optimized with the Yoast SEO plugin v27.3 - https:\/\/yoast.com\/product\/yoast-seo-wordpress\/ -->\n<title>Metall mit Vakuumtechnik heben | Aerolift<\/title>\n<meta name=\"description\" content=\"Sie m\u00f6chten gerne Metall mithilfe von Vakuumtechnik heben, transportieren oder kippen? Dann sind Sie bei Aerolift genau an der richtigen Adresse. Unsere Vakuumheber k\u00f6nnen sowohl magnetische als auch nicht-magnetische Metalle schnell und einfach heben. Erfahren Sie mehr!\" \/>\n<meta name=\"robots\" content=\"index, follow, max-snippet:-1, max-image-preview:large, max-video-preview:-1\" \/>\n<link rel=\"canonical\" href=\"https:\/\/www.aerolift.nl\/de\/hebelosungen-fur-ihre-industrie\/metall-mit-vakuumtechnik-heben\/\" \/>\n<meta property=\"og:locale\" content=\"de_DE\" \/>\n<meta property=\"og:type\" content=\"article\" \/>\n<meta property=\"og:title\" content=\"Metall mit Vakuumtechnik heben | Aerolift\" \/>\n<meta property=\"og:description\" content=\"Sie m\u00f6chten gerne Metall mithilfe von Vakuumtechnik heben, transportieren oder kippen? Dann sind Sie bei Aerolift genau an der richtigen Adresse. Unsere Vakuumheber k\u00f6nnen sowohl magnetische als auch nicht-magnetische Metalle schnell und einfach heben. Erfahren Sie mehr!\" \/>\n<meta property=\"og:url\" content=\"https:\/\/www.aerolift.nl\/de\/hebelosungen-fur-ihre-industrie\/metall-mit-vakuumtechnik-heben\/\" \/>\n<meta property=\"og:site_name\" content=\"Aerolift\" \/>\n<meta property=\"article:modified_time\" content=\"2022-03-22T14:55:48+00:00\" \/>\n<meta name=\"twitter:card\" content=\"summary_large_image\" \/>\n<meta name=\"twitter:label1\" content=\"Gesch\u00e4tzte Lesezeit\" \/>\n\t<meta name=\"twitter:data1\" content=\"3\u00a0Minuten\" \/>\n<!-- \/ Yoast SEO plugin. -->","yoast_head_json":{"title":"Metall mit Vakuumtechnik heben | Aerolift","description":"Sie m\u00f6chten gerne Metall mithilfe von Vakuumtechnik heben, transportieren oder kippen? Dann sind Sie bei Aerolift genau an der richtigen Adresse. Unsere Vakuumheber k\u00f6nnen sowohl magnetische als auch nicht-magnetische Metalle schnell und einfach heben. Erfahren Sie mehr!","robots":{"index":"index","follow":"follow","max-snippet":"max-snippet:-1","max-image-preview":"max-image-preview:large","max-video-preview":"max-video-preview:-1"},"canonical":"https:\/\/www.aerolift.nl\/de\/hebelosungen-fur-ihre-industrie\/metall-mit-vakuumtechnik-heben\/","og_locale":"de_DE","og_type":"article","og_title":"Metall mit Vakuumtechnik heben | Aerolift","og_description":"Sie m\u00f6chten gerne Metall mithilfe von Vakuumtechnik heben, transportieren oder kippen? Dann sind Sie bei Aerolift genau an der richtigen Adresse. Unsere Vakuumheber k\u00f6nnen sowohl magnetische als auch nicht-magnetische Metalle schnell und einfach heben. Erfahren Sie mehr!","og_url":"https:\/\/www.aerolift.nl\/de\/hebelosungen-fur-ihre-industrie\/metall-mit-vakuumtechnik-heben\/","og_site_name":"Aerolift","article_modified_time":"2022-03-22T14:55:48+00:00","twitter_card":"summary_large_image","twitter_misc":{"Gesch\u00e4tzte Lesezeit":"3\u00a0Minuten"},"schema":{"@context":"https:\/\/schema.org","@graph":[{"@type":"WebPage","@id":"https:\/\/www.aerolift.nl\/de\/hebelosungen-fur-ihre-industrie\/metall-mit-vakuumtechnik-heben\/","url":"https:\/\/www.aerolift.nl\/de\/hebelosungen-fur-ihre-industrie\/metall-mit-vakuumtechnik-heben\/","name":"Metall mit Vakuumtechnik heben | Aerolift","isPartOf":{"@id":"https:\/\/www.aerolift.nl\/#website"},"datePublished":"2015-07-03T08:42:16+00:00","dateModified":"2022-03-22T14:55:48+00:00","description":"Sie m\u00f6chten gerne Metall mithilfe von Vakuumtechnik heben, transportieren oder kippen? Dann sind Sie bei Aerolift genau an der richtigen Adresse. Unsere Vakuumheber k\u00f6nnen sowohl magnetische als auch nicht-magnetische Metalle schnell und einfach heben. Erfahren Sie mehr!","breadcrumb":{"@id":"https:\/\/www.aerolift.nl\/de\/hebelosungen-fur-ihre-industrie\/metall-mit-vakuumtechnik-heben\/#breadcrumb"},"inLanguage":"de","potentialAction":[{"@type":"ReadAction","target":["https:\/\/www.aerolift.nl\/de\/hebelosungen-fur-ihre-industrie\/metall-mit-vakuumtechnik-heben\/"]}]},{"@type":"BreadcrumbList","@id":"https:\/\/www.aerolift.nl\/de\/hebelosungen-fur-ihre-industrie\/metall-mit-vakuumtechnik-heben\/#breadcrumb","itemListElement":[{"@type":"ListItem","position":1,"name":"Home","item":"https:\/\/www.aerolift.nl\/de\/"},{"@type":"ListItem","position":2,"name":"Hebel\u00f6sungen f\u00fcr Ihre Industrie","item":"https:\/\/www.aerolift.nl\/de\/hebelosungen-fur-ihre-industrie\/"},{"@type":"ListItem","position":3,"name":"Metall mit Vakuumtechnik heben"}]},{"@type":"WebSite","@id":"https:\/\/www.aerolift.nl\/#website","url":"https:\/\/www.aerolift.nl\/","name":"Aerolift","description":"Ein weiterer Wordpress -Website","publisher":{"@id":"https:\/\/www.aerolift.nl\/#organization"},"potentialAction":[{"@type":"SearchAction","target":{"@type":"EntryPoint","urlTemplate":"https:\/\/www.aerolift.nl\/?s={search_term_string}"},"query-input":{"@type":"PropertyValueSpecification","valueRequired":true,"valueName":"search_term_string"}}],"inLanguage":"de"},{"@type":"Organization","@id":"https:\/\/www.aerolift.nl\/#organization","name":"Aerolift Industrials bv","alternateName":"Aerolift","url":"https:\/\/www.aerolift.nl\/","logo":{"@type":"ImageObject","inLanguage":"de","@id":"https:\/\/www.aerolift.nl\/#\/schema\/logo\/image\/","url":"https:\/\/i0.wp.com\/www.aerolift.nl\/wp-content\/uploads\/2025\/07\/2024-logo-aerolift-corners-5.png?fit=1903%2C678&ssl=1","contentUrl":"https:\/\/i0.wp.com\/www.aerolift.nl\/wp-content\/uploads\/2025\/07\/2024-logo-aerolift-corners-5.png?fit=1903%2C678&ssl=1","width":1903,"height":678,"caption":"Aerolift Industrials bv"},"image":{"@id":"https:\/\/www.aerolift.nl\/#\/schema\/logo\/image\/"},"sameAs":["https:\/\/www.linkedin.com\/company\/aerolift-industrials-bv\/","https:\/\/www.youtube.com\/user\/AeroliftIndustrials1"]}]}},"jetpack_sharing_enabled":true,"_links":{"self":[{"href":"https:\/\/www.aerolift.nl\/de\/wp-json\/wp\/v2\/pages\/535","targetHints":{"allow":["GET"]}}],"collection":[{"href":"https:\/\/www.aerolift.nl\/de\/wp-json\/wp\/v2\/pages"}],"about":[{"href":"https:\/\/www.aerolift.nl\/de\/wp-json\/wp\/v2\/types\/page"}],"author":[{"embeddable":true,"href":"https:\/\/www.aerolift.nl\/de\/wp-json\/wp\/v2\/users\/22"}],"replies":[{"embeddable":true,"href":"https:\/\/www.aerolift.nl\/de\/wp-json\/wp\/v2\/comments?post=535"}],"version-history":[{"count":18,"href":"https:\/\/www.aerolift.nl\/de\/wp-json\/wp\/v2\/pages\/535\/revisions"}],"predecessor-version":[{"id":11091,"href":"https:\/\/www.aerolift.nl\/de\/wp-json\/wp\/v2\/pages\/535\/revisions\/11091"}],"up":[{"embeddable":true,"href":"https:\/\/www.aerolift.nl\/de\/wp-json\/wp\/v2\/pages\/10251"}],"wp:attachment":[{"href":"https:\/\/www.aerolift.nl\/de\/wp-json\/wp\/v2\/media?parent=535"}],"curies":[{"name":"wp","href":"https:\/\/api.w.org\/{rel}","templated":true}]}}