{"id":548,"date":"2015-07-03T10:01:54","date_gmt":"2015-07-03T09:01:54","guid":{"rendered":"http:\/\/www.aerolift.nl\/de\/?page_id=548"},"modified":"2018-05-14T13:46:13","modified_gmt":"2018-05-14T12:46:13","slug":"anwendungen-von-vakuumhebern-beim-warenumschlag","status":"publish","type":"page","link":"https:\/\/www.aerolift.nl\/de\/anwendungen-von-vakuumhebern\/anwendungen-von-vakuumhebern-beim-warenumschlag\/","title":{"rendered":"Anwendungen von Vakuumhebern beim Warenumschlag"},"content":{"rendered":"<p>Innerhalb eines Transportzyklus, finden sich beim <strong>Warenumschlag<\/strong> mehrere <strong>Anwendungen<\/strong> von\u00a0<strong>Vakuumhebern.<\/strong> Zu Anfang befinden sich die Waren meist in der Lagerhalle der Produktionsfirma.\u00a0Von hier aus werden sie per Trailer, Schiff, Zug oder per Flugzeug transportiert. In den meisten F\u00e4llen\u00a0werden die Waren hierbei zwischenzeitig von dem einen, auf das andere Transportmittel verladen.<\/p>\n<h2>Vakuum Hebeger\u00e4te in Kombination mit&#8230;<\/h2>\n<p>Obwohl Aerolift auch sogenannte \u201estand alone\u201c Hebeger\u00e4te entwickelt und produziert, werden beim\u00a0Warenumschlag Vakuumheber meistens in Kombination mit anderen Ger\u00e4ten benutzt. Abh\u00e4ngig von\u00a0der Anwendung kann ein Vakuumheber beispielweise mit einem Kran, einem Drahtkran, einem\u00a0Laufkran, einem Portalkran, hydraulische Krane, Teleskopladern oder einem traddle Carrier, etc.\u00a0kombiniert werden.\u00a0Bei den kundenspezifischen L\u00f6sungen von Aerolift, wird hierbei neben dem zu hebenden Produkt,\u00a0jeweils auch an das Ger\u00e4t gedacht, das zusammen mit dem Vakuumheber benutzt werden soll. Auf\u00a0diese Art und Weise k\u00f6nnen wir Ihnen unterschiedliche Ger\u00e4te empfehlen und gleichzeitig auf Ihre\u00a0pers\u00f6nlichen W\u00fcnsche R\u00fccksicht nehmen. Bei der Anwendungen von Vakuumhebern gibt es\u00a0zahlreiche Kombinationsm\u00f6glichkeiten.<\/p>\n<h2>Warenumschlag mit Vakuumtechnik<\/h2>\n<p>Wir sind in der Lage, f\u00fcr jede Art des Warenumschlags den hierzu passenden Vakuumheber zu\u00a0entwickeln. Beispiele sind Lade- und L\u00f6sesysteme f\u00fcr die Verlagerung von <a href=\"http:\/\/www.aerolift.nl\/de\/material-handling-mit-vakuumtechnik\/metall-mit-vakuumtechnik-heben\/\">Stahlplatten<\/a> und Rohren\u00a0oder auch von St\u00fctzmauern und Industrieplatten f\u00fcr die <a href=\"http:\/\/www.aerolift.nl\/de\/material-handling-mit-vakuumtechnik\/beton-mit-vakuumtechnik-heben\/\">Betonindustrie<\/a>. Des Weiteren bietet Aerolift\u00a0L\u00f6sungen f\u00fcr das Laden und L\u00f6sen von Stahlbl\u00f6cken, -Platten sowie Rohren durch offenstehende\u00a0Containert\u00fcren.<\/p>\n<h2>Schiffsbeladungssystem basierend auf Vakuumtechnik<\/h2>\n<p>Ferner hat Aerolift ein Schiffsbeladungssystem f\u00fcr das Laden und L\u00f6sen von Rohren entwickelt. Diese\u00a0k\u00f6nnen hiermit in R\u00e4ume von \u201ePanama Tankers\u201c verlagert und auch wieder aus diesen \u00a0heraus\u00a0transportiert werden. Die Hebeger\u00e4te passen in eingeklappter Form, auch mit 6 Rohren noch durch\u00a0das S\u00fcll eines \u201ePanama Tankers\u201c (mind. 12 Meter breit).\u00a0Wenn der schiffseigene Kran benutzt wird, passen drei Rohre gleichzeitig durch das S\u00fcll des Schiffes.\u00a0Im Raum des Schiffes, schiebt sich das Hebeger\u00e4t weiter auseinander, um die Rohre bis zu 30 Metern\u00a0auseinander (15 Meter an beiden Seiten), in der Breite des Raumes laden und l\u00f6sen zu k\u00f6nnen.<\/p>\n<h2>Handling von Tunnelelementen mit Vakuumhebern<\/h2>\n<p>Ein weiteres Beispiel f\u00fcr die Anwendungen von Vakuumhebern und Vakuumtechnik ist die\u00a0Verlagerung von Tunnel- und anderen Betonelementen f\u00fcr den Bau von Metrotunneln. Gelegentlich\u00a0findet das Handling der unterschiedlichen Elemente hierbei individuell statt, um komplette\u00a0Ringsegmente auf eine effiziente Art und Weise transportbereit zu machen. Solche Stapel von\u00a0Ringsegmenten k\u00f6nnen Sie mit einer Vakuum Klemmkombination in einem Arbeitsschritt heben. Die\u00a0Stapel von Ringsegmenten k\u00f6nnen in einem Ansatz auf einen Trailer geladen werden oder zur\u00a0passenden Baugrube f\u00fcr den Bohrerschaft, nach unten verlagert werden.<\/p>\n<h2>Hebeger\u00e4te f\u00fcr die Papierindustrie<\/h2>\n<p>Aerolift hat f\u00fcr das Heben von <a href=\"http:\/\/www.aerolift.nl\/de\/material-handling-mit-vakuumtechnik\/papierrollen-mit-vakuumtechnik-heben\/\">Papierrollen<\/a> in der Papierindustrie mehrere Vakuum Hebeger\u00e4te\u00a0gebaut. F\u00fcr <strong>Anwendungen<\/strong> von <strong>Vakuumhebern<\/strong> im <strong>Warenumschlag,<\/strong> wie zum Beispiel der\u00a0seet\u00fcchtigen Verpackung von Papierrollen, hat Aerolift hydraulische sowie mechanische\u00a0Papiergreifer entwickelt.<\/p>\n","protected":false},"excerpt":{"rendered":"<p>Innerhalb eines Transportzyklus, finden sich beim Warenumschlag mehrere Anwendungen von\u00a0Vakuumhebern. Zu Anfang befinden sich die Waren meist in der Lagerhalle der Produktionsfirma.\u00a0Von hier aus werden sie per Trailer, Schiff, Zug oder per Flugzeug transportiert. In den meisten F\u00e4llen\u00a0werden die Waren hierbei zwischenzeitig von dem einen, auf das andere Transportmittel verladen&#8230;.<\/p>\n","protected":false},"author":22,"featured_media":0,"parent":543,"menu_order":2,"comment_status":"open","ping_status":"closed","template":"","meta":{"_acf_changed":false,"footnotes":""},"class_list":["post-548","page","type-page","status-publish","hentry"],"acf":[],"yoast_head":"<!-- This site is optimized with the Yoast SEO plugin v27.3 - https:\/\/yoast.com\/product\/yoast-seo-wordpress\/ -->\n<title>Anwendungen Vakuumhebern beim Warenumschlag | Aerolift<\/title>\n<meta name=\"description\" content=\"Nat\u00fcrlich finden die Vakuumheber von Aerolift auch Anwendung beim Warenumschlag. Ganz egal ob es um die Verlagerung von Tunnelelementen oder das Beladen von Schiffen geht, unsere Vakuum Hebeger\u00e4te sind flexibel einsetzbar. Erfahren Sie hier mehr \u00fcber den Einsatz von Vakuumhebern beim Warenumschlag.\" \/>\n<meta name=\"robots\" content=\"index, follow, max-snippet:-1, max-image-preview:large, max-video-preview:-1\" \/>\n<link rel=\"canonical\" href=\"https:\/\/www.aerolift.nl\/de\/anwendungen-von-vakuumhebern\/anwendungen-von-vakuumhebern-beim-warenumschlag\/\" \/>\n<meta property=\"og:locale\" content=\"de_DE\" \/>\n<meta property=\"og:type\" content=\"article\" \/>\n<meta property=\"og:title\" content=\"Anwendungen Vakuumhebern beim Warenumschlag | Aerolift\" \/>\n<meta property=\"og:description\" content=\"Nat\u00fcrlich finden die Vakuumheber von Aerolift auch Anwendung beim Warenumschlag. Ganz egal ob es um die Verlagerung von Tunnelelementen oder das Beladen von Schiffen geht, unsere Vakuum Hebeger\u00e4te sind flexibel einsetzbar. Erfahren Sie hier mehr \u00fcber den Einsatz von Vakuumhebern beim Warenumschlag.\" \/>\n<meta property=\"og:url\" content=\"https:\/\/www.aerolift.nl\/de\/anwendungen-von-vakuumhebern\/anwendungen-von-vakuumhebern-beim-warenumschlag\/\" \/>\n<meta property=\"og:site_name\" content=\"Aerolift\" \/>\n<meta property=\"article:modified_time\" content=\"2018-05-14T12:46:13+00:00\" \/>\n<meta name=\"twitter:card\" content=\"summary_large_image\" \/>\n<meta name=\"twitter:label1\" content=\"Gesch\u00e4tzte Lesezeit\" \/>\n\t<meta name=\"twitter:data1\" content=\"2\u00a0Minuten\" \/>\n<!-- \/ Yoast SEO plugin. -->","yoast_head_json":{"title":"Anwendungen Vakuumhebern beim Warenumschlag | Aerolift","description":"Nat\u00fcrlich finden die Vakuumheber von Aerolift auch Anwendung beim Warenumschlag. Ganz egal ob es um die Verlagerung von Tunnelelementen oder das Beladen von Schiffen geht, unsere Vakuum Hebeger\u00e4te sind flexibel einsetzbar. Erfahren Sie hier mehr \u00fcber den Einsatz von Vakuumhebern beim Warenumschlag.","robots":{"index":"index","follow":"follow","max-snippet":"max-snippet:-1","max-image-preview":"max-image-preview:large","max-video-preview":"max-video-preview:-1"},"canonical":"https:\/\/www.aerolift.nl\/de\/anwendungen-von-vakuumhebern\/anwendungen-von-vakuumhebern-beim-warenumschlag\/","og_locale":"de_DE","og_type":"article","og_title":"Anwendungen Vakuumhebern beim Warenumschlag | Aerolift","og_description":"Nat\u00fcrlich finden die Vakuumheber von Aerolift auch Anwendung beim Warenumschlag. Ganz egal ob es um die Verlagerung von Tunnelelementen oder das Beladen von Schiffen geht, unsere Vakuum Hebeger\u00e4te sind flexibel einsetzbar. Erfahren Sie hier mehr \u00fcber den Einsatz von Vakuumhebern beim Warenumschlag.","og_url":"https:\/\/www.aerolift.nl\/de\/anwendungen-von-vakuumhebern\/anwendungen-von-vakuumhebern-beim-warenumschlag\/","og_site_name":"Aerolift","article_modified_time":"2018-05-14T12:46:13+00:00","twitter_card":"summary_large_image","twitter_misc":{"Gesch\u00e4tzte Lesezeit":"2\u00a0Minuten"},"schema":{"@context":"https:\/\/schema.org","@graph":[{"@type":"WebPage","@id":"https:\/\/www.aerolift.nl\/de\/anwendungen-von-vakuumhebern\/anwendungen-von-vakuumhebern-beim-warenumschlag\/","url":"https:\/\/www.aerolift.nl\/de\/anwendungen-von-vakuumhebern\/anwendungen-von-vakuumhebern-beim-warenumschlag\/","name":"Anwendungen Vakuumhebern beim Warenumschlag | Aerolift","isPartOf":{"@id":"https:\/\/www.aerolift.nl\/#website"},"datePublished":"2015-07-03T09:01:54+00:00","dateModified":"2018-05-14T12:46:13+00:00","description":"Nat\u00fcrlich finden die Vakuumheber von Aerolift auch Anwendung beim Warenumschlag. Ganz egal ob es um die Verlagerung von Tunnelelementen oder das Beladen von Schiffen geht, unsere Vakuum Hebeger\u00e4te sind flexibel einsetzbar. Erfahren Sie hier mehr \u00fcber den Einsatz von Vakuumhebern beim Warenumschlag.","breadcrumb":{"@id":"https:\/\/www.aerolift.nl\/de\/anwendungen-von-vakuumhebern\/anwendungen-von-vakuumhebern-beim-warenumschlag\/#breadcrumb"},"inLanguage":"de","potentialAction":[{"@type":"ReadAction","target":["https:\/\/www.aerolift.nl\/de\/anwendungen-von-vakuumhebern\/anwendungen-von-vakuumhebern-beim-warenumschlag\/"]}]},{"@type":"BreadcrumbList","@id":"https:\/\/www.aerolift.nl\/de\/anwendungen-von-vakuumhebern\/anwendungen-von-vakuumhebern-beim-warenumschlag\/#breadcrumb","itemListElement":[{"@type":"ListItem","position":1,"name":"Home","item":"https:\/\/www.aerolift.nl\/de\/"},{"@type":"ListItem","position":2,"name":"Anwendung von Vakuumhebern","item":"https:\/\/www.aerolift.nl\/de\/anwendungen-von-vakuumhebern\/"},{"@type":"ListItem","position":3,"name":"Anwendungen von Vakuumhebern beim Warenumschlag"}]},{"@type":"WebSite","@id":"https:\/\/www.aerolift.nl\/#website","url":"https:\/\/www.aerolift.nl\/","name":"Aerolift","description":"Ein weiterer Wordpress -Website","publisher":{"@id":"https:\/\/www.aerolift.nl\/#organization"},"potentialAction":[{"@type":"SearchAction","target":{"@type":"EntryPoint","urlTemplate":"https:\/\/www.aerolift.nl\/?s={search_term_string}"},"query-input":{"@type":"PropertyValueSpecification","valueRequired":true,"valueName":"search_term_string"}}],"inLanguage":"de"},{"@type":"Organization","@id":"https:\/\/www.aerolift.nl\/#organization","name":"Aerolift Industrials bv","alternateName":"Aerolift","url":"https:\/\/www.aerolift.nl\/","logo":{"@type":"ImageObject","inLanguage":"de","@id":"https:\/\/www.aerolift.nl\/#\/schema\/logo\/image\/","url":"https:\/\/i0.wp.com\/www.aerolift.nl\/wp-content\/uploads\/2025\/07\/2024-logo-aerolift-corners-5.png?fit=1903%2C678&ssl=1","contentUrl":"https:\/\/i0.wp.com\/www.aerolift.nl\/wp-content\/uploads\/2025\/07\/2024-logo-aerolift-corners-5.png?fit=1903%2C678&ssl=1","width":1903,"height":678,"caption":"Aerolift Industrials bv"},"image":{"@id":"https:\/\/www.aerolift.nl\/#\/schema\/logo\/image\/"},"sameAs":["https:\/\/www.linkedin.com\/company\/aerolift-industrials-bv\/","https:\/\/www.youtube.com\/user\/AeroliftIndustrials1"]}]}},"jetpack_sharing_enabled":true,"_links":{"self":[{"href":"https:\/\/www.aerolift.nl\/de\/wp-json\/wp\/v2\/pages\/548","targetHints":{"allow":["GET"]}}],"collection":[{"href":"https:\/\/www.aerolift.nl\/de\/wp-json\/wp\/v2\/pages"}],"about":[{"href":"https:\/\/www.aerolift.nl\/de\/wp-json\/wp\/v2\/types\/page"}],"author":[{"embeddable":true,"href":"https:\/\/www.aerolift.nl\/de\/wp-json\/wp\/v2\/users\/22"}],"replies":[{"embeddable":true,"href":"https:\/\/www.aerolift.nl\/de\/wp-json\/wp\/v2\/comments?post=548"}],"version-history":[{"count":9,"href":"https:\/\/www.aerolift.nl\/de\/wp-json\/wp\/v2\/pages\/548\/revisions"}],"predecessor-version":[{"id":5466,"href":"https:\/\/www.aerolift.nl\/de\/wp-json\/wp\/v2\/pages\/548\/revisions\/5466"}],"up":[{"embeddable":true,"href":"https:\/\/www.aerolift.nl\/de\/wp-json\/wp\/v2\/pages\/543"}],"wp:attachment":[{"href":"https:\/\/www.aerolift.nl\/de\/wp-json\/wp\/v2\/media?parent=548"}],"curies":[{"name":"wp","href":"https:\/\/api.w.org\/{rel}","templated":true}]}}