{"id":556,"date":"2015-07-03T10:14:26","date_gmt":"2015-07-03T09:14:26","guid":{"rendered":"http:\/\/www.aerolift.nl\/de\/?page_id=556"},"modified":"2018-05-14T14:05:58","modified_gmt":"2018-05-14T13:05:58","slug":"vakuumhandling-horizontal","status":"publish","type":"page","link":"https:\/\/www.aerolift.nl\/de\/vakuumhandling-methode\/vakuumhandling-horizontal\/","title":{"rendered":"Vakuumhandling Horizontal"},"content":{"rendered":"<p><strong>Vakuumheber<\/strong> werden am h\u00e4ufigsten f\u00fcr <strong>horizontale Bewegungen<\/strong> von Lasten eingesetzt. Diese\u00a0Hebemethode findet meistens in Kombination mit Br\u00fcckenkr\u00e4nen, Laufkr\u00e4nen, (mobilen)\u00a0Drahtkr\u00e4nen, Ladern oder Gabelstaplern ihre Anwendung.<\/p>\n<h2>Metall heben dank Vakuumtechnik<\/h2>\n<p>Rohstahl hat ein sehr hohes Gewicht, sowie eine hohe Temperatur von bis zu 450 Grad C. In der\u00a0Produktionsfabrik (Hochofen) wird Rohstahl zu <a href=\"http:\/\/www.aerolift.nl\/de\/material-handling-mit-vakuumtechnik\/metall-mit-vakuumtechnik-heben\/\">Metallplatten<\/a>\u00a0oder R\u00f6hren (Coils) verarbeitet. Das\u00a0Verlagern des Rohstahls zu der Bearbeitungsstation geschieht mit Hilfe einer horizontalen Hebeform. Bei diesem internen Transport hilft die horizontalen Vakuumheber Methode. Andere Produkte, bei\u00a0denen meistens von horizontalen Hebeformen Gebrauch gemacht wird, sind Metallplatten und\u00a0Rohre.<\/p>\n<h2>Vorgefertigte Betonelemente heben<\/h2>\n<p>Vakuumheber werden schon seit Jahren in der <a href=\"http:\/\/www.aerolift.nl\/de\/material-handling-mit-vakuumtechnik\/beton-mit-vakuumtechnik-heben\/\">Betonindustrie<\/a> f\u00fcr vorgefertigte Elemente genutzt.\u00a0Beispiele sind das Handling von W\u00e4nden, Bodenplatten, Kanalplatten, Balkonelementen,\u00a0(Gr\u00fcndungs)pf\u00e4hlen, Kacheln und Bahnschwellen.\u00a0Vakuumheber sind ausgezeichnet f\u00fcr das Heben von Beton geeignet. Beim Entkernen brauchen Sie\u00a0keine zus\u00e4tzlichen Einsturzvorrichtungen mehr und Ihre Ware bleibt unbesch\u00e4digt. Mit der\u00a0Vakuumtechnik k\u00f6nnen Sie Beton nicht nur Entschalen, sondern anschlie\u00dfend auch einfach\u00a0transportieren.<\/p>\n<p>Abh\u00e4ngig von der jeweiligen Anwendung, ist es auch m\u00f6glich, Elemente in der Luft um <a href=\"http:\/\/www.aerolift.nl\/de\/vakuumhandling-methode\/90-grad-kippen\/\">90\u00b0 Grad<\/a>, oder auch\u00a0<a href=\"http:\/\/www.aerolift.nl\/de\/vakuumhandling-methode\/180-grad-kippen\/\">180\u00b0 Grad<\/a> zu kippen. Denken Sie hierbei beispielweise an Treppenelemente. Diese werden mit der\u00a0Ansichtsseite nach unten (Stufen nach unten) produziert. Erst nachdem die Treppenelemente\u00a0gekippt wurden, k\u00f6nnen diese auch montiert werden. Die horizontale Vakuumheber Methode\u00a0erleichtert Ihnen den Arbeitsprozess.<\/p>\n<h2>Montage bei gro\u00dfen Bauprojekten<\/h2>\n<p>Vakuumheber von Aerolift in Kombination mit einem Kran werden h\u00e4ufig beim Stadionbau\u00a0eingesetzt. Das Vakuum Hebeger\u00e4t ist entwickelt, um die unterschiedlichen Trib\u00fcnenelemente des\u00a0Stadions zu heben. Nachdem die Elemente am Mittelkreis von einem schweren Kran mit Hilfe eines\u00a0Vakuumhebers aufgehoben wurden, konnten sie anschlie\u00dfend zur richtigen Stelle im Stadion\u00a0gebracht werden.<\/p>\n<p>F\u00fcr die Montage eines Trib\u00fcnenelements waren auf diese Art und Weise nicht mehr als 5 Personen\u00a0notwendig und konnte die Fertigstellung des Stadions schon drei Monate fr\u00fcher gefeiert qerden, als\u00a0urspr\u00fcnglich eingeplant war. Durch die schnelle Baumethode mit der Vakuumtechnik, wurde hierbei\u00a0eine unerwartet kurze Bauzeit realisiert. Die horizontale Vakuumheber Methode sorgt f\u00fcr schnellere\u00a0und zuverl\u00e4ssigere Ergebnisse.<\/p>\n<h2>Horizontales Auf- und Abladen<\/h2>\n<p>Andere <strong>horizontale Vakuumheber Methoden<\/strong> k\u00f6nnen Sie im Warenumschlag wiederfinden. Ein\u00a0Beispiel ist das Auf- und Abladen von Anh\u00e4ngern. Auch beim Auf- und Abladen von Metallplatten,\u00a0Stahl-, oder Bentonrohren in Wagons, Schiffsr\u00e4umen oder sogar Containern, kommen horizontale\u00a0Vakuumheber Methoden regelm\u00e4\u00dfig zum Einsatz. Dar\u00fcber hinaus wird Vakuumtechnik auch beim\u00a0Handling von Windm\u00fchlenfl\u00fcgeln genutzt.<\/p>\n","protected":false},"excerpt":{"rendered":"<p>Vakuumheber werden am h\u00e4ufigsten f\u00fcr horizontale Bewegungen von Lasten eingesetzt. Diese\u00a0Hebemethode findet meistens in Kombination mit Br\u00fcckenkr\u00e4nen, Laufkr\u00e4nen, (mobilen)\u00a0Drahtkr\u00e4nen, Ladern oder Gabelstaplern ihre Anwendung. Metall heben dank Vakuumtechnik Rohstahl hat ein sehr hohes Gewicht, sowie eine hohe Temperatur von bis zu 450 Grad C. In der\u00a0Produktionsfabrik (Hochofen) wird Rohstahl zu&#8230;<\/p>\n","protected":false},"author":22,"featured_media":0,"parent":554,"menu_order":1,"comment_status":"open","ping_status":"closed","template":"","meta":{"_acf_changed":false,"footnotes":""},"class_list":["post-556","page","type-page","status-publish","hentry"],"acf":[],"yoast_head":"<!-- This site is optimized with the Yoast SEO plugin v27.5 - https:\/\/yoast.com\/product\/yoast-seo-wordpress\/ -->\n<title>Vakuumhandling Horizontal - Aerolift<\/title>\n<meta name=\"description\" content=\"Sind Sie auf der Suche nach Vakuumhebern f\u00fcr das horizontale Bewegen von unterschiedlichen Materialien? Dann sind Sie bei Aerolift genau an der richtigen Adresse. Ganz egal ob Metall oder Beton, mit unseren Vakuumhebern lassen sich die verschiedensten Materialien transportieren. Erfahren Sie mehr!\" \/>\n<meta name=\"robots\" content=\"index, follow, max-snippet:-1, max-image-preview:large, max-video-preview:-1\" \/>\n<link rel=\"canonical\" href=\"https:\/\/www.aerolift.nl\/de\/vakuumhandling-methode\/vakuumhandling-horizontal\/\" \/>\n<meta property=\"og:locale\" content=\"de_DE\" \/>\n<meta property=\"og:type\" content=\"article\" \/>\n<meta property=\"og:title\" content=\"Vakuumhandling Horizontal - Aerolift\" \/>\n<meta property=\"og:description\" content=\"Sind Sie auf der Suche nach Vakuumhebern f\u00fcr das horizontale Bewegen von unterschiedlichen Materialien? Dann sind Sie bei Aerolift genau an der richtigen Adresse. Ganz egal ob Metall oder Beton, mit unseren Vakuumhebern lassen sich die verschiedensten Materialien transportieren. Erfahren Sie mehr!\" \/>\n<meta property=\"og:url\" content=\"https:\/\/www.aerolift.nl\/de\/vakuumhandling-methode\/vakuumhandling-horizontal\/\" \/>\n<meta property=\"og:site_name\" content=\"Aerolift\" \/>\n<meta property=\"article:modified_time\" content=\"2018-05-14T13:05:58+00:00\" \/>\n<meta name=\"twitter:card\" content=\"summary_large_image\" \/>\n<meta name=\"twitter:label1\" content=\"Gesch\u00e4tzte Lesezeit\" \/>\n\t<meta name=\"twitter:data1\" content=\"2\u00a0Minuten\" \/>\n<!-- \/ Yoast SEO plugin. -->","yoast_head_json":{"title":"Vakuumhandling Horizontal - Aerolift","description":"Sind Sie auf der Suche nach Vakuumhebern f\u00fcr das horizontale Bewegen von unterschiedlichen Materialien? Dann sind Sie bei Aerolift genau an der richtigen Adresse. Ganz egal ob Metall oder Beton, mit unseren Vakuumhebern lassen sich die verschiedensten Materialien transportieren. Erfahren Sie mehr!","robots":{"index":"index","follow":"follow","max-snippet":"max-snippet:-1","max-image-preview":"max-image-preview:large","max-video-preview":"max-video-preview:-1"},"canonical":"https:\/\/www.aerolift.nl\/de\/vakuumhandling-methode\/vakuumhandling-horizontal\/","og_locale":"de_DE","og_type":"article","og_title":"Vakuumhandling Horizontal - Aerolift","og_description":"Sind Sie auf der Suche nach Vakuumhebern f\u00fcr das horizontale Bewegen von unterschiedlichen Materialien? Dann sind Sie bei Aerolift genau an der richtigen Adresse. Ganz egal ob Metall oder Beton, mit unseren Vakuumhebern lassen sich die verschiedensten Materialien transportieren. Erfahren Sie mehr!","og_url":"https:\/\/www.aerolift.nl\/de\/vakuumhandling-methode\/vakuumhandling-horizontal\/","og_site_name":"Aerolift","article_modified_time":"2018-05-14T13:05:58+00:00","twitter_card":"summary_large_image","twitter_misc":{"Gesch\u00e4tzte Lesezeit":"2\u00a0Minuten"},"schema":{"@context":"https:\/\/schema.org","@graph":[{"@type":"WebPage","@id":"https:\/\/www.aerolift.nl\/de\/vakuumhandling-methode\/vakuumhandling-horizontal\/","url":"https:\/\/www.aerolift.nl\/de\/vakuumhandling-methode\/vakuumhandling-horizontal\/","name":"Vakuumhandling Horizontal - Aerolift","isPartOf":{"@id":"https:\/\/www.aerolift.nl\/#website"},"datePublished":"2015-07-03T09:14:26+00:00","dateModified":"2018-05-14T13:05:58+00:00","description":"Sind Sie auf der Suche nach Vakuumhebern f\u00fcr das horizontale Bewegen von unterschiedlichen Materialien? Dann sind Sie bei Aerolift genau an der richtigen Adresse. Ganz egal ob Metall oder Beton, mit unseren Vakuumhebern lassen sich die verschiedensten Materialien transportieren. Erfahren Sie mehr!","breadcrumb":{"@id":"https:\/\/www.aerolift.nl\/de\/vakuumhandling-methode\/vakuumhandling-horizontal\/#breadcrumb"},"inLanguage":"de","potentialAction":[{"@type":"ReadAction","target":["https:\/\/www.aerolift.nl\/de\/vakuumhandling-methode\/vakuumhandling-horizontal\/"]}]},{"@type":"BreadcrumbList","@id":"https:\/\/www.aerolift.nl\/de\/vakuumhandling-methode\/vakuumhandling-horizontal\/#breadcrumb","itemListElement":[{"@type":"ListItem","position":1,"name":"Home","item":"https:\/\/www.aerolift.nl\/de\/"},{"@type":"ListItem","position":2,"name":"Vakuumhandling Methode","item":"https:\/\/www.aerolift.nl\/de\/vakuumhandling-methode\/"},{"@type":"ListItem","position":3,"name":"Vakuumhandling Horizontal"}]},{"@type":"WebSite","@id":"https:\/\/www.aerolift.nl\/#website","url":"https:\/\/www.aerolift.nl\/","name":"Aerolift","description":"Ein weiterer Wordpress -Website","publisher":{"@id":"https:\/\/www.aerolift.nl\/#organization"},"potentialAction":[{"@type":"SearchAction","target":{"@type":"EntryPoint","urlTemplate":"https:\/\/www.aerolift.nl\/?s={search_term_string}"},"query-input":{"@type":"PropertyValueSpecification","valueRequired":true,"valueName":"search_term_string"}}],"inLanguage":"de"},{"@type":"Organization","@id":"https:\/\/www.aerolift.nl\/#organization","name":"Aerolift Industrials bv","alternateName":"Aerolift","url":"https:\/\/www.aerolift.nl\/","logo":{"@type":"ImageObject","inLanguage":"de","@id":"https:\/\/www.aerolift.nl\/#\/schema\/logo\/image\/","url":"https:\/\/i0.wp.com\/www.aerolift.nl\/wp-content\/uploads\/2025\/07\/2024-logo-aerolift-corners-5.png?fit=1903%2C678&ssl=1","contentUrl":"https:\/\/i0.wp.com\/www.aerolift.nl\/wp-content\/uploads\/2025\/07\/2024-logo-aerolift-corners-5.png?fit=1903%2C678&ssl=1","width":1903,"height":678,"caption":"Aerolift Industrials bv"},"image":{"@id":"https:\/\/www.aerolift.nl\/#\/schema\/logo\/image\/"},"sameAs":["https:\/\/www.linkedin.com\/company\/aerolift-industrials-bv\/","https:\/\/www.youtube.com\/user\/AeroliftIndustrials1"]}]}},"jetpack_sharing_enabled":true,"_links":{"self":[{"href":"https:\/\/www.aerolift.nl\/de\/wp-json\/wp\/v2\/pages\/556","targetHints":{"allow":["GET"]}}],"collection":[{"href":"https:\/\/www.aerolift.nl\/de\/wp-json\/wp\/v2\/pages"}],"about":[{"href":"https:\/\/www.aerolift.nl\/de\/wp-json\/wp\/v2\/types\/page"}],"author":[{"embeddable":true,"href":"https:\/\/www.aerolift.nl\/de\/wp-json\/wp\/v2\/users\/22"}],"replies":[{"embeddable":true,"href":"https:\/\/www.aerolift.nl\/de\/wp-json\/wp\/v2\/comments?post=556"}],"version-history":[{"count":6,"href":"https:\/\/www.aerolift.nl\/de\/wp-json\/wp\/v2\/pages\/556\/revisions"}],"predecessor-version":[{"id":1637,"href":"https:\/\/www.aerolift.nl\/de\/wp-json\/wp\/v2\/pages\/556\/revisions\/1637"}],"up":[{"embeddable":true,"href":"https:\/\/www.aerolift.nl\/de\/wp-json\/wp\/v2\/pages\/554"}],"wp:attachment":[{"href":"https:\/\/www.aerolift.nl\/de\/wp-json\/wp\/v2\/media?parent=556"}],"curies":[{"name":"wp","href":"https:\/\/api.w.org\/{rel}","templated":true}]}}