{"id":558,"date":"2015-07-03T10:17:21","date_gmt":"2015-07-03T09:17:21","guid":{"rendered":"http:\/\/www.aerolift.nl\/de\/?page_id=558"},"modified":"2022-03-22T15:42:34","modified_gmt":"2022-03-22T14:42:34","slug":"90-grad-kippen","status":"publish","type":"page","link":"https:\/\/www.aerolift.nl\/de\/vakuumhandling-methode\/90-grad-kippen\/","title":{"rendered":"90\u00b0 Grad kippen"},"content":{"rendered":"<p>Mit der 90\u00b0 Grad Vakuum-Kippmethode, ist es nicht nur m\u00f6glich ein Material oder Produkt zu heben,\u00a0sondern kann dieses auch einfach gekippt werden. Aerolift unterscheidet hierbei zwei Varianten: <strong>90\u00b0\u00a0Grad<\/strong> und <a href=\"https:\/\/www.aerolift.nl\/de\/vakuumhandling-methode\/180-grad-kippen\/\">180\u00b0 Grad<\/a> <strong>Kippmethoden<\/strong>. Des Weiteren entwickelt Aerolift auch Vakuum Hebeger\u00e4te, die\u00a0durch heben, kippen und drehen jede beliebige Position einnehmen k\u00f6nnen.<\/p>\n<h2>Um 90\u00b0 Grad kippen oder drehen?<\/h2>\n<p>Abh\u00e4ngig von der jeweiligen Spezifizierung, kann ein Vakuum Hebeger\u00e4t sowohl um seine l\u00e4ngs-, als\u00a0auch um seine Querachse gekippt und gedreht werden. Vakuuheber mit einer Kippfunktion k\u00f6nnen\u00a0je nach Raumanspruch an die meisten Hebeger\u00e4te gekoppelt werden.\u00a0Mit einem 90\u00b0 Grad Kippger\u00e4t k\u00f6nnen Sie Produkte heben, verlagern und nat\u00fcrlich um 90\u00b0 Grad\u00a0kippen, f\u00fcr beispielsweise Transport- oder Lagerungszwecke. Es gibt unz\u00e4hlige\u00a0<a href=\"https:\/\/www.aerolift.nl\/de\/anwendungen-von-vakuumhebern\/\">Anwendungsm\u00f6glichkeiten<\/a>!<\/p>\n<h2>Montage mit 90\u00b0 Grad Kippern<\/h2>\n<p>Vakuum Hebeger\u00e4te mit Kippfunktion k\u00f6nnen auch bei Montagearbeiten auf praktische Art und\u00a0Weise eingesetzt werden. Beispiele sind der Wohnungs- oder Hochbau, bei dem Kippger\u00e4te f\u00fcr die\u00a0Platzierung von Wandelelementen benutzt werden. Ferner kommen Vakuum Hebeger\u00e4te von\u00a0Aerolift beim Tunnelbau, w\u00e4hrend der Montage von Tunnelelementen, als Teil einer\u00a0Bohrtunnelmaschine zum Einsatz.<\/p>\n<h2>Kippger\u00e4te f\u00fcr Lagerungszwecke<\/h2>\n<p>Bei der <a href=\"https:\/\/www.aerolift.nl\/de\/anwendungen-von-vakuumhebern\/anwendungen-vakuumhebern-bei-der-lagerung\/\">Lagerung<\/a> kann man neben der Bedienung und Verwaltung von Hand, auch an automatische\u00a0Systeme denken, so wie beispielweise das Handling von Tonnen bei der Produktion und Lagerung\u00a0von Vorratsilos und Beh\u00e4ltern sowie Anpassungen in der Betonindustrie. Dank der besonderen 90\u00b0\u00a0Grad Kippmethode des Vakuumhebers, k\u00f6nnen Sie frischen <a href=\"https:\/\/www.aerolift.nl\/de\/material-handling-mit-vakuumtechnik\/beton-mit-vakuumtechnik-heben\/\">Beton<\/a> ohne viel zus\u00e4tzliche Eigenkraft,\u00a0einfach entschalen, ohne die Last dabei mit Einsturzabsicherungen zu besch\u00e4digen. Mit einem\u00a0Kippger\u00e4t k\u00f6nnen Sie den Beton anschlie\u00dfend in der Luft in die gew\u00fcnschte Position bringen,\u00a0wodurch Sie das Produkt einfacher Lagern k\u00f6nnen.<\/p>\n<p>Bei der Lagerung von <a href=\"https:\/\/www.aerolift.nl\/de\/vakuum-plattenheber\/\">Stahlplatten<\/a> k\u00f6nnen Sie auf Grund der Oberfl\u00e4chenbelastung lediglich ein Paar\u00a0Stahlplatten stapeln. Es ist jedoch auch m\u00f6glich, die Stahlplatten gegen einen A-Rahmen zu\u00a0platzieren, wodurch Sie mehr Stahlplatten auf einer gleichgro\u00dfen Oberfl\u00e4che lagern k\u00f6nnen. Hierf\u00fcr\u00a0m\u00fcssen Sie jedoch in der Lage sein, die Stahlplatten um 90 Grad zu kippen. Mit einem Vakuum\u00a0Hebeger\u00e4t von Aerolift k\u00f6nnen Sie Stahlplatten schnell und einfach in der Luft kippen, ohne hierbei\u00a0Ketten, Haken oder Klemmen benutzten zu m\u00fcssen.<\/p>\n<h2>Neugierig nach den M\u00f6glichkeiten f\u00fcr Ihr Produkt?<\/h2>\n<p>F\u00fcr mehr Informationen \u00fcber die Anwendungsm\u00f6glichkeiten der <strong>90\u00b0 Grad Vakuumheber\u00a0Kippmethode<\/strong>, k\u00f6nnen Sie unverbindlich <a href=\"https:\/\/www.aerolift.nl\/de\/kontakt\/\">Kontakt<\/a> mit unseren Mitarbeitern aufnehmen. Wir\u00a0informieren Sie gerne \u00fcber alle M\u00f6glichkeiten.<\/p>\n","protected":false},"excerpt":{"rendered":"<p>Mit der 90\u00b0 Grad Vakuum-Kippmethode, ist es nicht nur m\u00f6glich ein Material oder Produkt zu heben,\u00a0sondern kann dieses auch einfach gekippt werden. Aerolift unterscheidet hierbei zwei Varianten: 90\u00b0\u00a0Grad und 180\u00b0 Grad Kippmethoden. Des Weiteren entwickelt Aerolift auch Vakuum Hebeger\u00e4te, die\u00a0durch heben, kippen und drehen jede beliebige Position einnehmen k\u00f6nnen. Um&#8230;<\/p>\n","protected":false},"author":22,"featured_media":0,"parent":554,"menu_order":2,"comment_status":"open","ping_status":"closed","template":"","meta":{"_acf_changed":false,"footnotes":""},"class_list":["post-558","page","type-page","status-publish","hentry"],"acf":[],"yoast_head":"<!-- This site is optimized with the Yoast SEO plugin v27.5 - https:\/\/yoast.com\/product\/yoast-seo-wordpress\/ -->\n<title>90\u00b0 Grad kippen - Aerolift<\/title>\n<meta name=\"description\" content=\"Sie m\u00f6chten verschiedene Lasten gerne um 90\u00b0 Grad kippen? Dann werfen Sie doch mal einen Blick auf die Kippger\u00e4te von Aerolift. Unsere Vakuum Hebeger\u00e4te k\u00f6nnen sowohl um die L\u00e4ngs- als auch um die Querachse gekippt und gedreht werden. Erfahren Sie hier alles \u00fcber unsere Kippger\u00e4te.\" \/>\n<meta name=\"robots\" content=\"index, follow, max-snippet:-1, max-image-preview:large, max-video-preview:-1\" \/>\n<link rel=\"canonical\" href=\"https:\/\/www.aerolift.nl\/de\/vakuumhandling-methode\/90-grad-kippen\/\" \/>\n<meta property=\"og:locale\" content=\"de_DE\" \/>\n<meta property=\"og:type\" content=\"article\" \/>\n<meta property=\"og:title\" content=\"90\u00b0 Grad kippen - Aerolift\" \/>\n<meta property=\"og:description\" content=\"Sie m\u00f6chten verschiedene Lasten gerne um 90\u00b0 Grad kippen? Dann werfen Sie doch mal einen Blick auf die Kippger\u00e4te von Aerolift. Unsere Vakuum Hebeger\u00e4te k\u00f6nnen sowohl um die L\u00e4ngs- als auch um die Querachse gekippt und gedreht werden. Erfahren Sie hier alles \u00fcber unsere Kippger\u00e4te.\" \/>\n<meta property=\"og:url\" content=\"https:\/\/www.aerolift.nl\/de\/vakuumhandling-methode\/90-grad-kippen\/\" \/>\n<meta property=\"og:site_name\" content=\"Aerolift\" \/>\n<meta property=\"article:modified_time\" content=\"2022-03-22T14:42:34+00:00\" \/>\n<meta name=\"twitter:card\" content=\"summary_large_image\" \/>\n<meta name=\"twitter:label1\" content=\"Gesch\u00e4tzte Lesezeit\" \/>\n\t<meta name=\"twitter:data1\" content=\"2\u00a0Minuten\" \/>\n<!-- \/ Yoast SEO plugin. -->","yoast_head_json":{"title":"90\u00b0 Grad kippen - Aerolift","description":"Sie m\u00f6chten verschiedene Lasten gerne um 90\u00b0 Grad kippen? Dann werfen Sie doch mal einen Blick auf die Kippger\u00e4te von Aerolift. Unsere Vakuum Hebeger\u00e4te k\u00f6nnen sowohl um die L\u00e4ngs- als auch um die Querachse gekippt und gedreht werden. Erfahren Sie hier alles \u00fcber unsere Kippger\u00e4te.","robots":{"index":"index","follow":"follow","max-snippet":"max-snippet:-1","max-image-preview":"max-image-preview:large","max-video-preview":"max-video-preview:-1"},"canonical":"https:\/\/www.aerolift.nl\/de\/vakuumhandling-methode\/90-grad-kippen\/","og_locale":"de_DE","og_type":"article","og_title":"90\u00b0 Grad kippen - Aerolift","og_description":"Sie m\u00f6chten verschiedene Lasten gerne um 90\u00b0 Grad kippen? Dann werfen Sie doch mal einen Blick auf die Kippger\u00e4te von Aerolift. Unsere Vakuum Hebeger\u00e4te k\u00f6nnen sowohl um die L\u00e4ngs- als auch um die Querachse gekippt und gedreht werden. Erfahren Sie hier alles \u00fcber unsere Kippger\u00e4te.","og_url":"https:\/\/www.aerolift.nl\/de\/vakuumhandling-methode\/90-grad-kippen\/","og_site_name":"Aerolift","article_modified_time":"2022-03-22T14:42:34+00:00","twitter_card":"summary_large_image","twitter_misc":{"Gesch\u00e4tzte Lesezeit":"2\u00a0Minuten"},"schema":{"@context":"https:\/\/schema.org","@graph":[{"@type":"WebPage","@id":"https:\/\/www.aerolift.nl\/de\/vakuumhandling-methode\/90-grad-kippen\/","url":"https:\/\/www.aerolift.nl\/de\/vakuumhandling-methode\/90-grad-kippen\/","name":"90\u00b0 Grad kippen - Aerolift","isPartOf":{"@id":"https:\/\/www.aerolift.nl\/#website"},"datePublished":"2015-07-03T09:17:21+00:00","dateModified":"2022-03-22T14:42:34+00:00","description":"Sie m\u00f6chten verschiedene Lasten gerne um 90\u00b0 Grad kippen? Dann werfen Sie doch mal einen Blick auf die Kippger\u00e4te von Aerolift. Unsere Vakuum Hebeger\u00e4te k\u00f6nnen sowohl um die L\u00e4ngs- als auch um die Querachse gekippt und gedreht werden. Erfahren Sie hier alles \u00fcber unsere Kippger\u00e4te.","breadcrumb":{"@id":"https:\/\/www.aerolift.nl\/de\/vakuumhandling-methode\/90-grad-kippen\/#breadcrumb"},"inLanguage":"de","potentialAction":[{"@type":"ReadAction","target":["https:\/\/www.aerolift.nl\/de\/vakuumhandling-methode\/90-grad-kippen\/"]}]},{"@type":"BreadcrumbList","@id":"https:\/\/www.aerolift.nl\/de\/vakuumhandling-methode\/90-grad-kippen\/#breadcrumb","itemListElement":[{"@type":"ListItem","position":1,"name":"Home","item":"https:\/\/www.aerolift.nl\/de\/"},{"@type":"ListItem","position":2,"name":"Vakuumhandling Methode","item":"https:\/\/www.aerolift.nl\/de\/vakuumhandling-methode\/"},{"@type":"ListItem","position":3,"name":"90\u00b0 Grad kippen"}]},{"@type":"WebSite","@id":"https:\/\/www.aerolift.nl\/#website","url":"https:\/\/www.aerolift.nl\/","name":"Aerolift","description":"Ein weiterer Wordpress -Website","publisher":{"@id":"https:\/\/www.aerolift.nl\/#organization"},"potentialAction":[{"@type":"SearchAction","target":{"@type":"EntryPoint","urlTemplate":"https:\/\/www.aerolift.nl\/?s={search_term_string}"},"query-input":{"@type":"PropertyValueSpecification","valueRequired":true,"valueName":"search_term_string"}}],"inLanguage":"de"},{"@type":"Organization","@id":"https:\/\/www.aerolift.nl\/#organization","name":"Aerolift Industrials bv","alternateName":"Aerolift","url":"https:\/\/www.aerolift.nl\/","logo":{"@type":"ImageObject","inLanguage":"de","@id":"https:\/\/www.aerolift.nl\/#\/schema\/logo\/image\/","url":"https:\/\/i0.wp.com\/www.aerolift.nl\/wp-content\/uploads\/2025\/07\/2024-logo-aerolift-corners-5.png?fit=1903%2C678&ssl=1","contentUrl":"https:\/\/i0.wp.com\/www.aerolift.nl\/wp-content\/uploads\/2025\/07\/2024-logo-aerolift-corners-5.png?fit=1903%2C678&ssl=1","width":1903,"height":678,"caption":"Aerolift Industrials bv"},"image":{"@id":"https:\/\/www.aerolift.nl\/#\/schema\/logo\/image\/"},"sameAs":["https:\/\/www.linkedin.com\/company\/aerolift-industrials-bv\/","https:\/\/www.youtube.com\/user\/AeroliftIndustrials1"]}]}},"jetpack_sharing_enabled":true,"_links":{"self":[{"href":"https:\/\/www.aerolift.nl\/de\/wp-json\/wp\/v2\/pages\/558","targetHints":{"allow":["GET"]}}],"collection":[{"href":"https:\/\/www.aerolift.nl\/de\/wp-json\/wp\/v2\/pages"}],"about":[{"href":"https:\/\/www.aerolift.nl\/de\/wp-json\/wp\/v2\/types\/page"}],"author":[{"embeddable":true,"href":"https:\/\/www.aerolift.nl\/de\/wp-json\/wp\/v2\/users\/22"}],"replies":[{"embeddable":true,"href":"https:\/\/www.aerolift.nl\/de\/wp-json\/wp\/v2\/comments?post=558"}],"version-history":[{"count":12,"href":"https:\/\/www.aerolift.nl\/de\/wp-json\/wp\/v2\/pages\/558\/revisions"}],"predecessor-version":[{"id":11085,"href":"https:\/\/www.aerolift.nl\/de\/wp-json\/wp\/v2\/pages\/558\/revisions\/11085"}],"up":[{"embeddable":true,"href":"https:\/\/www.aerolift.nl\/de\/wp-json\/wp\/v2\/pages\/554"}],"wp:attachment":[{"href":"https:\/\/www.aerolift.nl\/de\/wp-json\/wp\/v2\/media?parent=558"}],"curies":[{"name":"wp","href":"https:\/\/api.w.org\/{rel}","templated":true}]}}