{"id":560,"date":"2015-07-03T10:21:58","date_gmt":"2015-07-03T09:21:58","guid":{"rendered":"http:\/\/www.aerolift.nl\/de\/?page_id=560"},"modified":"2021-09-10T14:58:59","modified_gmt":"2021-09-10T13:58:59","slug":"180-grad-kippen","status":"publish","type":"page","link":"https:\/\/www.aerolift.nl\/de\/vakuumhandling-methode\/180-grad-kippen\/","title":{"rendered":"180\u00b0 Grad kippen"},"content":{"rendered":"<p>Mit der Vakuumtechnik, ist es nicht nur m\u00f6glich ein Material oder Produkt zu heben, sondern dieses\u00a0auch zu kippen. Aerolift unterscheidet hierbei zwei Varianten: <a href=\"http:\/\/www.aerolift.nl\/de\/vakuumhandling-methode\/90-grad-kippen\/\">90\u00b0 Grad<\/a> und <strong>180\u00b0 Grad<\/strong> <strong>Kippger\u00e4te.<\/strong>\u00a0Des Weiteren entwickelt Aerolift auch <strong>Vakuum Hebeger\u00e4te<\/strong>, die durch anheben, kippen und drehen,\u00a0jede beliebige Position einnehmen k\u00f6nnen.<\/p>\n<h2>Um 180\u00b0 Grad kippen oder drehen?<\/h2>\n<p>Abh\u00e4ngig von der jeweiligen Spezifizierung, kann ein Vakuumheber sowohl um seine l\u00e4ngs-, als auch\u00a0um seine Querachse gekippt und gedreht werden. Mit einem 180\u00b0 Grad Kippger\u00e4t k\u00f6nnen Sie\u00a0Produkte heben, verlagern und nat\u00fcrlich um 180\u00b0 Grad kippen f\u00fcr beispielweise Transport- oder\u00a0Lagerungszwecke.\u00a0180\u00b0 Grad Kippger\u00e4te werden meistens in der <a href=\"http:\/\/www.aerolift.nl\/de\/material-handling-mit-vakuumtechnik\/beton-mit-vakuumtechnik-heben\/\">Beton<\/a>&#8211; oder \u00a0Aluminiumindustrie gebraucht. Dennoch\u00a0gibt es selbstverst\u00e4ndlich unz\u00e4hlige Situationen mit Verwendungszweck f\u00fcr 180\u00b0 Grad Kippger\u00e4te. Je\u00a0nach Raumanspruch k\u00f6nnen die Kippger\u00e4te mit den meisten Vakuumhebern gekoppelt werden.<\/p>\n<h2>Aluminium schadenfrei heben und kippen<\/h2>\n<p>In der Aluminiumindustrie werden 180\u00b0 Grad Kippger\u00e4te vor allem auch aus qualit\u00e4tsbezogenen Gr\u00fcnden eingesetzt, da Kunden hier meistens keinerlei Sch\u00e4den an Materialien und \/ oder Produkten tolerieren! Der Produzent will daher vor Versand des Produkts noch die Gelegenheit haben, die Unterseite auf M\u00e4ngel zu kontrollieren. Mit den Saugschalen eines Vakuumhebers ist es auf eine einfache Art und Weise m\u00f6glich, die Unterseite eines Produkts zu kontrollieren. Daher eignen sich die 180\u00b0 Grad Kippger\u00e4te auch hervorragend f\u00fcr die Aluminiumindustrie.<\/p>\n<h2>Treppenelementen entschalen und kippen<\/h2>\n<p>Dass innerhalb der Betonindustrie h\u00e4ufig mit 180\u00b0 Grad Kippger\u00e4ten gearbeitet wird, hat\u00a0produktionsbezogene Gr\u00fcnde. Betonprodukte werden im Allgemeinen mit der Ansichtsseite nach\u00a0unten produziert, w\u00e4hrend sie andersrum, mit der Ansichtsseite nach oben montiert werden.\u00a0Beispiele hierf\u00fcr sind Treppenelementen, Balkons und vielen anderen <a href=\"http:\/\/www.aerolift.nl\/de\/betonplatten-heben-leicht-gemacht\/\">Betonprodukten<\/a>.\u00a0Eine Betontreppe wird mit den Stufen nach unten formgenau produziert. Um die Stufen, also die\u00a0Ansichtsseite nach dem Entschalen nach oben zu bekommen, muss diese um 180\u00b0 Grad gekippt\u00a0werden. Mit einem Vakuumheber k\u00f6nnen Sie in ein und derselben Bewegung entschalen und kippen.\u00a0Das Betonprodukt bleibt hierbei unbesch\u00e4digt und Sie brauchen keinerlei zus\u00e4tzliche\u00a0Einsturzabsicherungen mehr.<\/p>\n<h2>Tunnelelementen f\u00fcr die TBM (Bohrtunnelmaschine)entschalen und\u00a0montieren<\/h2>\n<p>Ein anderes Beispiel ist die Bortunnelindustrie. Die Tunnelsegmente werden formgenau mit dem\u00a0Bogenradius nach oben produziert, obwohl sie mit dem Bogenradius nach unten an die TBM\u00a0weitergereicht werden.\u00a0Daher hat Aerolift diverse Vakuum Hebeger\u00e4te produziert, welche die Tunnelelemente w\u00e4hrend\u00a0einer Lagerungsphase um 180 Grad kippen k\u00f6nnen. Des Weiteren verf\u00fcgt Aerolift auch \u00fcber\u00a0Vakuumheber, mit denen die Elemente anschlie\u00dfend in die richtige Position zur Verarbeitung mit der\u00a0TBM an der Tunnelwand gebracht werden k\u00f6nnen.<\/p>\n<h2>Neugierig nach den M\u00f6glichkeiten f\u00fcr Ihr Produkt?<\/h2>\n<p>F\u00fcr mehr Informationen \u00fcber die Anwendungsm\u00f6glichkeiten von <strong>180\u00b0 Grad Kippger\u00e4ten<\/strong> in Kombination mit\u00a0unserer <strong>Vakuumtechnik,<\/strong> k\u00f6nnen Sie unverbindlich <a href=\"http:\/\/www.aerolift.nl\/de\/kontakt\/\">Kontakt<\/a> mit unseren Mitarbeitern aufnehmen.\u00a0Wir informieren Sie gerne \u00fcber alle M\u00f6glichkeiten.<\/p>\n","protected":false},"excerpt":{"rendered":"<p>Mit der Vakuumtechnik, ist es nicht nur m\u00f6glich ein Material oder Produkt zu heben, sondern dieses\u00a0auch zu kippen. Aerolift unterscheidet hierbei zwei Varianten: 90\u00b0 Grad und 180\u00b0 Grad Kippger\u00e4te.\u00a0Des Weiteren entwickelt Aerolift auch Vakuum Hebeger\u00e4te, die durch anheben, kippen und drehen,\u00a0jede beliebige Position einnehmen k\u00f6nnen. Um 180\u00b0 Grad kippen oder&#8230;<\/p>\n","protected":false},"author":22,"featured_media":0,"parent":554,"menu_order":3,"comment_status":"open","ping_status":"closed","template":"","meta":{"_acf_changed":false,"footnotes":""},"class_list":["post-560","page","type-page","status-publish","hentry"],"acf":[],"yoast_head":"<!-- This site is optimized with the Yoast SEO plugin v27.5 - https:\/\/yoast.com\/product\/yoast-seo-wordpress\/ -->\n<title>180\u00b0 Grad kippen | Aerolift<\/title>\n<meta name=\"description\" content=\"Sind Sie auf der Suche nach 180\u00b0 Grad Kippger\u00e4ten f\u00fcr Ihr Unternehmen? Dann sind Sie bei Aerolift genau an der richtigen Adresse. Gerade in der Beton- oder Aluminiumindustrie sind unsere Kipper besonders beliebt. Erfahren Sie hier mehr \u00fcber die Vorteile unserer 180\u00b0 Grad Kippger\u00e4te.\" \/>\n<meta name=\"robots\" content=\"index, follow, max-snippet:-1, max-image-preview:large, max-video-preview:-1\" \/>\n<link rel=\"canonical\" href=\"https:\/\/www.aerolift.nl\/de\/vakuumhandling-methode\/180-grad-kippen\/\" \/>\n<meta property=\"og:locale\" content=\"de_DE\" \/>\n<meta property=\"og:type\" content=\"article\" \/>\n<meta property=\"og:title\" content=\"180\u00b0 Grad kippen | Aerolift\" \/>\n<meta property=\"og:description\" content=\"Sind Sie auf der Suche nach 180\u00b0 Grad Kippger\u00e4ten f\u00fcr Ihr Unternehmen? Dann sind Sie bei Aerolift genau an der richtigen Adresse. Gerade in der Beton- oder Aluminiumindustrie sind unsere Kipper besonders beliebt. Erfahren Sie hier mehr \u00fcber die Vorteile unserer 180\u00b0 Grad Kippger\u00e4te.\" \/>\n<meta property=\"og:url\" content=\"https:\/\/www.aerolift.nl\/de\/vakuumhandling-methode\/180-grad-kippen\/\" \/>\n<meta property=\"og:site_name\" content=\"Aerolift\" \/>\n<meta property=\"article:modified_time\" content=\"2021-09-10T13:58:59+00:00\" \/>\n<meta name=\"twitter:card\" content=\"summary_large_image\" \/>\n<meta name=\"twitter:label1\" content=\"Gesch\u00e4tzte Lesezeit\" \/>\n\t<meta name=\"twitter:data1\" content=\"2\u00a0Minuten\" \/>\n<!-- \/ Yoast SEO plugin. -->","yoast_head_json":{"title":"180\u00b0 Grad kippen | Aerolift","description":"Sind Sie auf der Suche nach 180\u00b0 Grad Kippger\u00e4ten f\u00fcr Ihr Unternehmen? Dann sind Sie bei Aerolift genau an der richtigen Adresse. Gerade in der Beton- oder Aluminiumindustrie sind unsere Kipper besonders beliebt. Erfahren Sie hier mehr \u00fcber die Vorteile unserer 180\u00b0 Grad Kippger\u00e4te.","robots":{"index":"index","follow":"follow","max-snippet":"max-snippet:-1","max-image-preview":"max-image-preview:large","max-video-preview":"max-video-preview:-1"},"canonical":"https:\/\/www.aerolift.nl\/de\/vakuumhandling-methode\/180-grad-kippen\/","og_locale":"de_DE","og_type":"article","og_title":"180\u00b0 Grad kippen | Aerolift","og_description":"Sind Sie auf der Suche nach 180\u00b0 Grad Kippger\u00e4ten f\u00fcr Ihr Unternehmen? Dann sind Sie bei Aerolift genau an der richtigen Adresse. Gerade in der Beton- oder Aluminiumindustrie sind unsere Kipper besonders beliebt. Erfahren Sie hier mehr \u00fcber die Vorteile unserer 180\u00b0 Grad Kippger\u00e4te.","og_url":"https:\/\/www.aerolift.nl\/de\/vakuumhandling-methode\/180-grad-kippen\/","og_site_name":"Aerolift","article_modified_time":"2021-09-10T13:58:59+00:00","twitter_card":"summary_large_image","twitter_misc":{"Gesch\u00e4tzte Lesezeit":"2\u00a0Minuten"},"schema":{"@context":"https:\/\/schema.org","@graph":[{"@type":"WebPage","@id":"https:\/\/www.aerolift.nl\/de\/vakuumhandling-methode\/180-grad-kippen\/","url":"https:\/\/www.aerolift.nl\/de\/vakuumhandling-methode\/180-grad-kippen\/","name":"180\u00b0 Grad kippen | Aerolift","isPartOf":{"@id":"https:\/\/www.aerolift.nl\/#website"},"datePublished":"2015-07-03T09:21:58+00:00","dateModified":"2021-09-10T13:58:59+00:00","description":"Sind Sie auf der Suche nach 180\u00b0 Grad Kippger\u00e4ten f\u00fcr Ihr Unternehmen? Dann sind Sie bei Aerolift genau an der richtigen Adresse. Gerade in der Beton- oder Aluminiumindustrie sind unsere Kipper besonders beliebt. Erfahren Sie hier mehr \u00fcber die Vorteile unserer 180\u00b0 Grad Kippger\u00e4te.","breadcrumb":{"@id":"https:\/\/www.aerolift.nl\/de\/vakuumhandling-methode\/180-grad-kippen\/#breadcrumb"},"inLanguage":"de","potentialAction":[{"@type":"ReadAction","target":["https:\/\/www.aerolift.nl\/de\/vakuumhandling-methode\/180-grad-kippen\/"]}]},{"@type":"BreadcrumbList","@id":"https:\/\/www.aerolift.nl\/de\/vakuumhandling-methode\/180-grad-kippen\/#breadcrumb","itemListElement":[{"@type":"ListItem","position":1,"name":"Home","item":"https:\/\/www.aerolift.nl\/de\/"},{"@type":"ListItem","position":2,"name":"Vakuumhandling Methode","item":"https:\/\/www.aerolift.nl\/de\/vakuumhandling-methode\/"},{"@type":"ListItem","position":3,"name":"180\u00b0 Grad kippen"}]},{"@type":"WebSite","@id":"https:\/\/www.aerolift.nl\/#website","url":"https:\/\/www.aerolift.nl\/","name":"Aerolift","description":"Ein weiterer Wordpress -Website","publisher":{"@id":"https:\/\/www.aerolift.nl\/#organization"},"potentialAction":[{"@type":"SearchAction","target":{"@type":"EntryPoint","urlTemplate":"https:\/\/www.aerolift.nl\/?s={search_term_string}"},"query-input":{"@type":"PropertyValueSpecification","valueRequired":true,"valueName":"search_term_string"}}],"inLanguage":"de"},{"@type":"Organization","@id":"https:\/\/www.aerolift.nl\/#organization","name":"Aerolift Industrials bv","alternateName":"Aerolift","url":"https:\/\/www.aerolift.nl\/","logo":{"@type":"ImageObject","inLanguage":"de","@id":"https:\/\/www.aerolift.nl\/#\/schema\/logo\/image\/","url":"https:\/\/i0.wp.com\/www.aerolift.nl\/wp-content\/uploads\/2025\/07\/2024-logo-aerolift-corners-5.png?fit=1903%2C678&ssl=1","contentUrl":"https:\/\/i0.wp.com\/www.aerolift.nl\/wp-content\/uploads\/2025\/07\/2024-logo-aerolift-corners-5.png?fit=1903%2C678&ssl=1","width":1903,"height":678,"caption":"Aerolift Industrials bv"},"image":{"@id":"https:\/\/www.aerolift.nl\/#\/schema\/logo\/image\/"},"sameAs":["https:\/\/www.linkedin.com\/company\/aerolift-industrials-bv\/","https:\/\/www.youtube.com\/user\/AeroliftIndustrials1"]}]}},"jetpack_sharing_enabled":true,"_links":{"self":[{"href":"https:\/\/www.aerolift.nl\/de\/wp-json\/wp\/v2\/pages\/560","targetHints":{"allow":["GET"]}}],"collection":[{"href":"https:\/\/www.aerolift.nl\/de\/wp-json\/wp\/v2\/pages"}],"about":[{"href":"https:\/\/www.aerolift.nl\/de\/wp-json\/wp\/v2\/types\/page"}],"author":[{"embeddable":true,"href":"https:\/\/www.aerolift.nl\/de\/wp-json\/wp\/v2\/users\/22"}],"replies":[{"embeddable":true,"href":"https:\/\/www.aerolift.nl\/de\/wp-json\/wp\/v2\/comments?post=560"}],"version-history":[{"count":11,"href":"https:\/\/www.aerolift.nl\/de\/wp-json\/wp\/v2\/pages\/560\/revisions"}],"predecessor-version":[{"id":10847,"href":"https:\/\/www.aerolift.nl\/de\/wp-json\/wp\/v2\/pages\/560\/revisions\/10847"}],"up":[{"embeddable":true,"href":"https:\/\/www.aerolift.nl\/de\/wp-json\/wp\/v2\/pages\/554"}],"wp:attachment":[{"href":"https:\/\/www.aerolift.nl\/de\/wp-json\/wp\/v2\/media?parent=560"}],"curies":[{"name":"wp","href":"https:\/\/api.w.org\/{rel}","templated":true}]}}