{"id":562,"date":"2015-07-03T10:27:35","date_gmt":"2015-07-03T09:27:35","guid":{"rendered":"http:\/\/www.aerolift.nl\/de\/?page_id=562"},"modified":"2021-09-10T14:59:21","modified_gmt":"2021-09-10T13:59:21","slug":"beliebig-drehen-und-kippen","status":"publish","type":"page","link":"https:\/\/www.aerolift.nl\/de\/vakuumhandling-methode\/beliebig-drehen-und-kippen\/","title":{"rendered":"Beliebig drehen und kippen"},"content":{"rendered":"<p>Mit der <strong>Vakuumtechnik<\/strong> ist es nicht nur m\u00f6glich, ein <strong>Material<\/strong> oder Produkt zu heben, sondern auch\u00a0zu kippen. Neben <a href=\"http:\/\/www.aerolift.nl\/de\/vakuumhandling-methode\/90-grad-kippen\/\">90\u00b0\u00a0Grad<\/a> und <a href=\"http:\/\/www.aerolift.nl\/de\/vakuumhandling-methode\/180-grad-kippen\/\">180\u00b0 Grad<\/a> Kippger\u00e4ten, entwickelt Aerolift auch Vakuumheber, die im\u00a0Prinzip <strong>jede beliebige Position<\/strong> einnehmen k\u00f6nnen. Mit dieser Methode sorgen Sie f\u00fcr unendliche\u00a0Nutzungsm\u00f6glichkeiten der Vakuumtechnik. So k\u00f6nnen Sie nicht nur alle m\u00f6glichen Formen und\u00a0Gewichte heben, sondern diese auch in jede beliebige Position kippen oder drehen.<\/p>\n<h2>Montage mit der Vakuumtechnik<\/h2>\n<p>Vakuumtechnik kann in mehr oder weniger jeder Industrie sinnvoll genutzt werden, solange das zu behandelnde Produkt \u00fcber eine luftdichte Oberfl\u00e4che verf\u00fcgt. Die Form des Produkts ist dabei zweitrangig, egal ob flach, rund oder sogar architektonisch. F\u00fcr jedes Projekt bestimmt Aerolift im Vorfeld, welche Art von Saugschale am besten geeignet ist. Durch die M\u00f6glichkeit des beliebigen Drehens und Kippens, werden die Vakuumheber h\u00e4ufig bei der Montage von unterschiedlichen Produkten eingesetzt. Beispiele hierf\u00fcr sind Fassaden-, Wandelemente oder <a href=\"http:\/\/www.aerolift.nl\/de\/glasheber-mieten\/\">Glasplatten<\/a> in Kombination mit einem Teleskoplader oder einem hydraulischen\u00a0Kran. Mit diesen Ger\u00e4ten kann Ihr Produkt vorw\u00e4rts, r\u00fcckw\u00e4rts, nach oben sowie nach unten bewegt\u00a0werden. Andere Bewegungen sowie drehen und kippen, werden durch den Vakuumheber\u00a0ausgef\u00fchrt.<\/p>\n<h2>Automatisierte Anwendungen mit Vakuum Hebeger\u00e4ten und\u00a0Vakuumtechnik<\/h2>\n<p>Die <a href=\"http:\/\/www.aerolift.nl\/de\/vakuumhebegeraete-die-sanften-alleskoenner\/\">Vakuum Hebeger\u00e4te<\/a> von Aerolift werden auch als automatische Systeme eingesetzt. Hierbei sind\u00a0alle Bewegungen des Produkthandlings vorprogrammiert. Die Automatisierung sorgt f\u00fcr eine h\u00f6here\u00a0und konstantere Produktivit\u00e4t. Denken Sie beispielweise an automatische \u00dcbertragungsstationen.\u00a0Jedes Produkt wird auf eine andere Art platziert, sodass unter anderem unterschiedlichen\u00a0Stapelm\u00f6glichkeiten entstehen.<\/p>\n<h2>Neugierig was wir f\u00fcr Sie bedeuten k\u00f6nnen?<\/h2>\n<p>Aerolift produziert alle Vakuumheber individuell. Hierdurch sind wir auch in der Lage, passende\u00a0Antworten zu komplexen Fragen zu geben. Sind Sie neugierig geworden nach den M\u00f6glichkeiten, die\u00a0wir Ihnen mit der Vakuumtechnik bieten k\u00f6nnen? Nehmen Sie in aller Ruhe\u00a0und ganz unverbindlich <a href=\"http:\/\/www.aerolift.nl\/de\/kontakt\/\">Kontakt<\/a> mit unseren Mitarbeitern auf. Wir helfen Ihnen gerne weiter.<\/p>\n","protected":false},"excerpt":{"rendered":"<p>Mit der Vakuumtechnik ist es nicht nur m\u00f6glich, ein Material oder Produkt zu heben, sondern auch\u00a0zu kippen. Neben 90\u00b0\u00a0Grad und 180\u00b0 Grad Kippger\u00e4ten, entwickelt Aerolift auch Vakuumheber, die im\u00a0Prinzip jede beliebige Position einnehmen k\u00f6nnen. Mit dieser Methode sorgen Sie f\u00fcr unendliche\u00a0Nutzungsm\u00f6glichkeiten der Vakuumtechnik. So k\u00f6nnen Sie nicht nur alle m\u00f6glichen&#8230;<\/p>\n","protected":false},"author":22,"featured_media":0,"parent":554,"menu_order":4,"comment_status":"open","ping_status":"closed","template":"","meta":{"_acf_changed":false,"footnotes":""},"class_list":["post-562","page","type-page","status-publish","hentry"],"acf":[],"yoast_head":"<!-- This site is optimized with the Yoast SEO plugin v27.5 - https:\/\/yoast.com\/product\/yoast-seo-wordpress\/ -->\n<title>Beliebig drehen und kippen - Aerolift<\/title>\n<meta name=\"description\" content=\"M\u00fcssen Sie in Ihren Arbeitsprozessen \u00f6fter verschiedenen Materialien drehen oder kippen? Dann werfen Sie doch mal einen Blick auf die 90\u00b0 oder 180\u00b0 Grad Kippger\u00e4te von Aerolift. Diese lassen sich auch ideal mit automatisierten Systemen kombinieren. Erfahren sie hier mehr \u00fcber unsere Kippger\u00e4te.\" \/>\n<meta name=\"robots\" content=\"index, follow, max-snippet:-1, max-image-preview:large, max-video-preview:-1\" \/>\n<link rel=\"canonical\" href=\"https:\/\/www.aerolift.nl\/de\/vakuumhandling-methode\/beliebig-drehen-und-kippen\/\" \/>\n<meta property=\"og:locale\" content=\"de_DE\" \/>\n<meta property=\"og:type\" content=\"article\" \/>\n<meta property=\"og:title\" content=\"Beliebig drehen und kippen - Aerolift\" \/>\n<meta property=\"og:description\" content=\"M\u00fcssen Sie in Ihren Arbeitsprozessen \u00f6fter verschiedenen Materialien drehen oder kippen? Dann werfen Sie doch mal einen Blick auf die 90\u00b0 oder 180\u00b0 Grad Kippger\u00e4te von Aerolift. Diese lassen sich auch ideal mit automatisierten Systemen kombinieren. Erfahren sie hier mehr \u00fcber unsere Kippger\u00e4te.\" \/>\n<meta property=\"og:url\" content=\"https:\/\/www.aerolift.nl\/de\/vakuumhandling-methode\/beliebig-drehen-und-kippen\/\" \/>\n<meta property=\"og:site_name\" content=\"Aerolift\" \/>\n<meta property=\"article:modified_time\" content=\"2021-09-10T13:59:21+00:00\" \/>\n<meta name=\"twitter:card\" content=\"summary_large_image\" \/>\n<meta name=\"twitter:label1\" content=\"Gesch\u00e4tzte Lesezeit\" \/>\n\t<meta name=\"twitter:data1\" content=\"2\u00a0Minuten\" \/>\n<!-- \/ Yoast SEO plugin. -->","yoast_head_json":{"title":"Beliebig drehen und kippen - Aerolift","description":"M\u00fcssen Sie in Ihren Arbeitsprozessen \u00f6fter verschiedenen Materialien drehen oder kippen? Dann werfen Sie doch mal einen Blick auf die 90\u00b0 oder 180\u00b0 Grad Kippger\u00e4te von Aerolift. Diese lassen sich auch ideal mit automatisierten Systemen kombinieren. Erfahren sie hier mehr \u00fcber unsere Kippger\u00e4te.","robots":{"index":"index","follow":"follow","max-snippet":"max-snippet:-1","max-image-preview":"max-image-preview:large","max-video-preview":"max-video-preview:-1"},"canonical":"https:\/\/www.aerolift.nl\/de\/vakuumhandling-methode\/beliebig-drehen-und-kippen\/","og_locale":"de_DE","og_type":"article","og_title":"Beliebig drehen und kippen - Aerolift","og_description":"M\u00fcssen Sie in Ihren Arbeitsprozessen \u00f6fter verschiedenen Materialien drehen oder kippen? Dann werfen Sie doch mal einen Blick auf die 90\u00b0 oder 180\u00b0 Grad Kippger\u00e4te von Aerolift. Diese lassen sich auch ideal mit automatisierten Systemen kombinieren. Erfahren sie hier mehr \u00fcber unsere Kippger\u00e4te.","og_url":"https:\/\/www.aerolift.nl\/de\/vakuumhandling-methode\/beliebig-drehen-und-kippen\/","og_site_name":"Aerolift","article_modified_time":"2021-09-10T13:59:21+00:00","twitter_card":"summary_large_image","twitter_misc":{"Gesch\u00e4tzte Lesezeit":"2\u00a0Minuten"},"schema":{"@context":"https:\/\/schema.org","@graph":[{"@type":"WebPage","@id":"https:\/\/www.aerolift.nl\/de\/vakuumhandling-methode\/beliebig-drehen-und-kippen\/","url":"https:\/\/www.aerolift.nl\/de\/vakuumhandling-methode\/beliebig-drehen-und-kippen\/","name":"Beliebig drehen und kippen - Aerolift","isPartOf":{"@id":"https:\/\/www.aerolift.nl\/#website"},"datePublished":"2015-07-03T09:27:35+00:00","dateModified":"2021-09-10T13:59:21+00:00","description":"M\u00fcssen Sie in Ihren Arbeitsprozessen \u00f6fter verschiedenen Materialien drehen oder kippen? Dann werfen Sie doch mal einen Blick auf die 90\u00b0 oder 180\u00b0 Grad Kippger\u00e4te von Aerolift. Diese lassen sich auch ideal mit automatisierten Systemen kombinieren. Erfahren sie hier mehr \u00fcber unsere Kippger\u00e4te.","breadcrumb":{"@id":"https:\/\/www.aerolift.nl\/de\/vakuumhandling-methode\/beliebig-drehen-und-kippen\/#breadcrumb"},"inLanguage":"de","potentialAction":[{"@type":"ReadAction","target":["https:\/\/www.aerolift.nl\/de\/vakuumhandling-methode\/beliebig-drehen-und-kippen\/"]}]},{"@type":"BreadcrumbList","@id":"https:\/\/www.aerolift.nl\/de\/vakuumhandling-methode\/beliebig-drehen-und-kippen\/#breadcrumb","itemListElement":[{"@type":"ListItem","position":1,"name":"Home","item":"https:\/\/www.aerolift.nl\/de\/"},{"@type":"ListItem","position":2,"name":"Vakuumhandling Methode","item":"https:\/\/www.aerolift.nl\/de\/vakuumhandling-methode\/"},{"@type":"ListItem","position":3,"name":"Beliebig drehen und kippen"}]},{"@type":"WebSite","@id":"https:\/\/www.aerolift.nl\/#website","url":"https:\/\/www.aerolift.nl\/","name":"Aerolift","description":"Ein weiterer Wordpress -Website","publisher":{"@id":"https:\/\/www.aerolift.nl\/#organization"},"potentialAction":[{"@type":"SearchAction","target":{"@type":"EntryPoint","urlTemplate":"https:\/\/www.aerolift.nl\/?s={search_term_string}"},"query-input":{"@type":"PropertyValueSpecification","valueRequired":true,"valueName":"search_term_string"}}],"inLanguage":"de"},{"@type":"Organization","@id":"https:\/\/www.aerolift.nl\/#organization","name":"Aerolift Industrials bv","alternateName":"Aerolift","url":"https:\/\/www.aerolift.nl\/","logo":{"@type":"ImageObject","inLanguage":"de","@id":"https:\/\/www.aerolift.nl\/#\/schema\/logo\/image\/","url":"https:\/\/i0.wp.com\/www.aerolift.nl\/wp-content\/uploads\/2025\/07\/2024-logo-aerolift-corners-5.png?fit=1903%2C678&ssl=1","contentUrl":"https:\/\/i0.wp.com\/www.aerolift.nl\/wp-content\/uploads\/2025\/07\/2024-logo-aerolift-corners-5.png?fit=1903%2C678&ssl=1","width":1903,"height":678,"caption":"Aerolift Industrials bv"},"image":{"@id":"https:\/\/www.aerolift.nl\/#\/schema\/logo\/image\/"},"sameAs":["https:\/\/www.linkedin.com\/company\/aerolift-industrials-bv\/","https:\/\/www.youtube.com\/user\/AeroliftIndustrials1"]}]}},"jetpack_sharing_enabled":true,"_links":{"self":[{"href":"https:\/\/www.aerolift.nl\/de\/wp-json\/wp\/v2\/pages\/562","targetHints":{"allow":["GET"]}}],"collection":[{"href":"https:\/\/www.aerolift.nl\/de\/wp-json\/wp\/v2\/pages"}],"about":[{"href":"https:\/\/www.aerolift.nl\/de\/wp-json\/wp\/v2\/types\/page"}],"author":[{"embeddable":true,"href":"https:\/\/www.aerolift.nl\/de\/wp-json\/wp\/v2\/users\/22"}],"replies":[{"embeddable":true,"href":"https:\/\/www.aerolift.nl\/de\/wp-json\/wp\/v2\/comments?post=562"}],"version-history":[{"count":13,"href":"https:\/\/www.aerolift.nl\/de\/wp-json\/wp\/v2\/pages\/562\/revisions"}],"predecessor-version":[{"id":10848,"href":"https:\/\/www.aerolift.nl\/de\/wp-json\/wp\/v2\/pages\/562\/revisions\/10848"}],"up":[{"embeddable":true,"href":"https:\/\/www.aerolift.nl\/de\/wp-json\/wp\/v2\/pages\/554"}],"wp:attachment":[{"href":"https:\/\/www.aerolift.nl\/de\/wp-json\/wp\/v2\/media?parent=562"}],"curies":[{"name":"wp","href":"https:\/\/api.w.org\/{rel}","templated":true}]}}