{"id":568,"date":"2015-07-03T10:40:44","date_gmt":"2015-07-03T09:40:44","guid":{"rendered":"http:\/\/www.aerolift.nl\/de\/?page_id=568"},"modified":"2023-07-11T13:33:52","modified_gmt":"2023-07-11T12:33:52","slug":"service-und-wartung-von-vakuum-hebegeraeten","status":"publish","type":"page","link":"https:\/\/www.aerolift.nl\/de\/service-und-wartung-von-vakuum-hebegeraeten\/","title":{"rendered":"Service und Wartung von Vakuum Hebeger\u00e4ten"},"content":{"rendered":"<p><strong>Vakuum Hebeger\u00e4te<\/strong> von Aerolift halten jahrelang. Ein guter <strong>Service<\/strong> und regelm\u00e4\u00dfige <strong>Wartung<\/strong> sind\u00a0hierf\u00fcr jedoch von gro\u00dfer Bedeutung. Nat\u00fcrlich helfen wir Ihnen hierbei gerne.<\/p>\n<h2>Ein passendes Wartungsabonnement<\/h2>\n<p>Eines der sicherheitsbezogenen Gesetze f\u00fcr Hebeger\u00e4te und Apparaturen in den Niederlanden\u00a0besagt, dass diese regelm\u00e4\u00dfig durch fachkundige Experten auf einwandfreie Funktionst\u00fcchtigkeit hin\u00a0\u00fcberpr\u00fcft werden m\u00fcssen. Minimal einmal pro Jahr, muss ein Vakuumheber inspiziert werden.\u00a0Diese Wartungskontrollen k\u00f6nnen Sie durch unsere fachkundigen Monteure ausf\u00fchren lassen. Wir\u00a0unterscheiden in unserem Angebot zwei Abonnements:<\/p>\n<ul>\n<li>Inspektions- und Kontrollabonnement<\/li>\n<li>Inspektionsabonnement<\/li>\n<\/ul>\n<h2>Inspektions- und Kontrollabonnement<\/h2>\n<p>Bei t\u00e4glicher Nutzung Ihres Vakuum Hebeger\u00e4ts, raten wir Ihnen zu diesem Abonnement, welches\u00a0einen halbj\u00e4hrigen Besuch von einem unserer Monteure beinhaltet. Beim ersten Mal wird der\u00a0Gesamtzustand des Ger\u00e4tes kontrolliert und wird das Ger\u00e4t einem Belastungstest ausgesetzt.\u00a0Eventuell notwendige kleinere Reparaturen, k\u00f6nnen anschlie\u00dfend unmittelbar vor Ort vorgenommen\u00a0werden.<\/p>\n<p>Beim zweiten Termin wird dann erneut der Gesamtzustand des Ger\u00e4tes \u00fcberpr\u00fcft. Falls notwendig,\u00a0wird hiernach eine Reparaturempfehlung abgegeben.\u00a0Inspektionsabonnement\u00a0Bei diesem Abonnement wird Ihr Vakuumheber einmal pro Jahr gewartet. Hiermit erf\u00fcllen Sie das in\u00a0den Niederlanden geltende Wartungsgesetz f\u00fcr Hebeger\u00e4te.<\/p>\n<h2>Schnell wieder einsatzbereit dank Notfalldienst!<\/h2>\n<p>Erfahren Sie technische Probleme und \/ oder St\u00f6rungen mit Ihrem Vakuum Hebeger\u00e4t? Nehmen Sie\u00a0dann Kontakt mit unserem Produktionsbetrieb MHZ auf. Sie streben nach optimalem Service und tun\u00a0alles daf\u00fcr, um Sie und Ihren Betrieb binnen 24 Stunden<strong>*<\/strong> wieder voll einsatzf\u00e4hig zu machen. In\u00a0vielen F\u00e4llen ist es sogar m\u00f6glich, Probleme telefonisch zu l\u00f6sen. Sollte das jedoch nicht der Fall sein,\u00a0wird umgehend ein Monteur bei Ihnen vorbei geschickt! Die Servicewagen sind mit den wichtigsten\u00a0Ersatzteilen ausger\u00fcstet, sodass ein eventueller Stillstand so schnell wie m\u00f6glich behoben werden\u00a0kann.<\/p>\n<p><em>*Nur g\u00fcltig innerhalb Belgiens und den Niederlanden<\/em><\/p>\n<h2>Neues Gummiteil notwendig, oder m\u00f6chten Sie andere Teile\u00a0nachbestellen?<\/h2>\n<p>Aerolift ist bekannt f\u00fcr Qualit\u00e4tsprodukte auf dem Gebiet der Vakuumheber. Dies k\u00f6nnen wir\u00a0garantieren, da die meisten Bauteile unserer Ger\u00e4te in unserem hauseigenen Produktionsbetrieb,\u00a0<a href=\"https:\/\/www.mhzbv.nl\/\" target=\"_blank\" rel=\"noopener\">MHZ<\/a> hergestellt werden. Bauteile, die wir extern einkaufen, werden ausnahmslos und ausgiebig getestet um auch hierbei\u00a0Qualit\u00e4t garantieren zu k\u00f6nnen. Stark verschlei\u00dfanf\u00e4llige Einzelteile der Vakuumheber k\u00f6nnen Sie bei\u00a0uns jederzeit nachbestellen. F\u00fcr eine einwandfreie Funktionalit\u00e4t Ihres Vakuum Hebeger\u00e4ts ist es\u00a0wichtig, f\u00fcr die von Aerolift gelieferten Vakuumpumpen auch ausschlie\u00dflich, das hierzugeh\u00f6rige \u00d6l\u00a0van Aerolift zu verwenden.<\/p>\n<p>M\u00f6chten auch Sie von unserem Fachwissen und unserer Qualit\u00e4t profitieren? Bei uns k\u00f6nnen Sie alle\u00a0verschlei\u00dfanf\u00e4lligen Einzelteile nachbestellen. Nehmen Sie hierzu einfach Kontakt mit den\u00a0Mitarbeitern von Aerolift auf.<\/p>\n<h2>Fragen zum Thema Service und Wartung von Vakuum Hebeger\u00e4ten<\/h2>\n<p>Wenn Sie Fragen zu Service und Wartung unserer Hebezeuge und den damit verbundenen Vertr\u00e4gen haben, wenden Sie sich bitte an unseren Service-Koordinator Gijs Westeneng, indem Sie eine E-Mail an <a href=\"mailto:service@aerolift.nl\">service@aerolift.nl<\/a> schicken oder uns unter der Telefonnummer +31 346 333 019 anrufen. Wir informieren Sie gerne \u00fcber die Service- und Wartungsm\u00f6glichkeiten.<\/p>\n","protected":false},"excerpt":{"rendered":"<p>Vakuum Hebeger\u00e4te von Aerolift halten jahrelang. Ein guter Service und regelm\u00e4\u00dfige Wartung sind\u00a0hierf\u00fcr jedoch von gro\u00dfer Bedeutung. Nat\u00fcrlich helfen wir Ihnen hierbei gerne. Ein passendes Wartungsabonnement Eines der sicherheitsbezogenen Gesetze f\u00fcr Hebeger\u00e4te und Apparaturen in den Niederlanden\u00a0besagt, dass diese regelm\u00e4\u00dfig durch fachkundige Experten auf einwandfreie Funktionst\u00fcchtigkeit hin\u00a0\u00fcberpr\u00fcft werden m\u00fcssen. Minimal&#8230;<\/p>\n","protected":false},"author":22,"featured_media":0,"parent":0,"menu_order":0,"comment_status":"open","ping_status":"open","template":"","meta":{"_acf_changed":false,"footnotes":""},"class_list":["post-568","page","type-page","status-publish","hentry"],"acf":[],"yoast_head":"<!-- This site is optimized with the Yoast SEO plugin v27.3 - https:\/\/yoast.com\/product\/yoast-seo-wordpress\/ -->\n<title>Service und Wartung von Vakuum Hebeger\u00e4ten - Aerolift<\/title>\n<meta name=\"description\" content=\"Nat\u00fcrlich unterst\u00fctzen wir Sie auch gerne bei Wartungs- und Servicearbeiten an unseren Vakuum Hebeger\u00e4ten. So f\u00fchren unsere erfahrenen Mitarbeiter auf Wunsch gerne verschiedene Wartungskontrollen und Inspektionen an Ihren Vakuumhebern durch. Erfahren Sie mehr!\" \/>\n<meta name=\"robots\" content=\"index, follow, max-snippet:-1, max-image-preview:large, max-video-preview:-1\" \/>\n<link rel=\"canonical\" href=\"https:\/\/www.aerolift.nl\/de\/service-und-wartung-von-vakuum-hebegeraeten\/\" \/>\n<meta property=\"og:locale\" content=\"de_DE\" \/>\n<meta property=\"og:type\" content=\"article\" \/>\n<meta property=\"og:title\" content=\"Service und Wartung von Vakuum Hebeger\u00e4ten - Aerolift\" \/>\n<meta property=\"og:description\" content=\"Nat\u00fcrlich unterst\u00fctzen wir Sie auch gerne bei Wartungs- und Servicearbeiten an unseren Vakuum Hebeger\u00e4ten. So f\u00fchren unsere erfahrenen Mitarbeiter auf Wunsch gerne verschiedene Wartungskontrollen und Inspektionen an Ihren Vakuumhebern durch. Erfahren Sie mehr!\" \/>\n<meta property=\"og:url\" content=\"https:\/\/www.aerolift.nl\/de\/service-und-wartung-von-vakuum-hebegeraeten\/\" \/>\n<meta property=\"og:site_name\" content=\"Aerolift\" \/>\n<meta property=\"article:modified_time\" content=\"2023-07-11T12:33:52+00:00\" \/>\n<meta name=\"twitter:card\" content=\"summary_large_image\" \/>\n<meta name=\"twitter:label1\" content=\"Gesch\u00e4tzte Lesezeit\" \/>\n\t<meta name=\"twitter:data1\" content=\"3\u00a0Minuten\" \/>\n<!-- \/ Yoast SEO plugin. -->","yoast_head_json":{"title":"Service und Wartung von Vakuum Hebeger\u00e4ten - Aerolift","description":"Nat\u00fcrlich unterst\u00fctzen wir Sie auch gerne bei Wartungs- und Servicearbeiten an unseren Vakuum Hebeger\u00e4ten. So f\u00fchren unsere erfahrenen Mitarbeiter auf Wunsch gerne verschiedene Wartungskontrollen und Inspektionen an Ihren Vakuumhebern durch. Erfahren Sie mehr!","robots":{"index":"index","follow":"follow","max-snippet":"max-snippet:-1","max-image-preview":"max-image-preview:large","max-video-preview":"max-video-preview:-1"},"canonical":"https:\/\/www.aerolift.nl\/de\/service-und-wartung-von-vakuum-hebegeraeten\/","og_locale":"de_DE","og_type":"article","og_title":"Service und Wartung von Vakuum Hebeger\u00e4ten - Aerolift","og_description":"Nat\u00fcrlich unterst\u00fctzen wir Sie auch gerne bei Wartungs- und Servicearbeiten an unseren Vakuum Hebeger\u00e4ten. So f\u00fchren unsere erfahrenen Mitarbeiter auf Wunsch gerne verschiedene Wartungskontrollen und Inspektionen an Ihren Vakuumhebern durch. Erfahren Sie mehr!","og_url":"https:\/\/www.aerolift.nl\/de\/service-und-wartung-von-vakuum-hebegeraeten\/","og_site_name":"Aerolift","article_modified_time":"2023-07-11T12:33:52+00:00","twitter_card":"summary_large_image","twitter_misc":{"Gesch\u00e4tzte Lesezeit":"3\u00a0Minuten"},"schema":{"@context":"https:\/\/schema.org","@graph":[{"@type":"WebPage","@id":"https:\/\/www.aerolift.nl\/de\/service-und-wartung-von-vakuum-hebegeraeten\/","url":"https:\/\/www.aerolift.nl\/de\/service-und-wartung-von-vakuum-hebegeraeten\/","name":"Service und Wartung von Vakuum Hebeger\u00e4ten - Aerolift","isPartOf":{"@id":"https:\/\/www.aerolift.nl\/#website"},"datePublished":"2015-07-03T09:40:44+00:00","dateModified":"2023-07-11T12:33:52+00:00","description":"Nat\u00fcrlich unterst\u00fctzen wir Sie auch gerne bei Wartungs- und Servicearbeiten an unseren Vakuum Hebeger\u00e4ten. So f\u00fchren unsere erfahrenen Mitarbeiter auf Wunsch gerne verschiedene Wartungskontrollen und Inspektionen an Ihren Vakuumhebern durch. Erfahren Sie mehr!","breadcrumb":{"@id":"https:\/\/www.aerolift.nl\/de\/service-und-wartung-von-vakuum-hebegeraeten\/#breadcrumb"},"inLanguage":"de","potentialAction":[{"@type":"ReadAction","target":["https:\/\/www.aerolift.nl\/de\/service-und-wartung-von-vakuum-hebegeraeten\/"]}]},{"@type":"BreadcrumbList","@id":"https:\/\/www.aerolift.nl\/de\/service-und-wartung-von-vakuum-hebegeraeten\/#breadcrumb","itemListElement":[{"@type":"ListItem","position":1,"name":"Home","item":"https:\/\/www.aerolift.nl\/de\/"},{"@type":"ListItem","position":2,"name":"Service und Wartung von Vakuum Hebeger\u00e4ten"}]},{"@type":"WebSite","@id":"https:\/\/www.aerolift.nl\/#website","url":"https:\/\/www.aerolift.nl\/","name":"Aerolift","description":"Ein weiterer Wordpress -Website","publisher":{"@id":"https:\/\/www.aerolift.nl\/#organization"},"potentialAction":[{"@type":"SearchAction","target":{"@type":"EntryPoint","urlTemplate":"https:\/\/www.aerolift.nl\/?s={search_term_string}"},"query-input":{"@type":"PropertyValueSpecification","valueRequired":true,"valueName":"search_term_string"}}],"inLanguage":"de"},{"@type":"Organization","@id":"https:\/\/www.aerolift.nl\/#organization","name":"Aerolift Industrials bv","alternateName":"Aerolift","url":"https:\/\/www.aerolift.nl\/","logo":{"@type":"ImageObject","inLanguage":"de","@id":"https:\/\/www.aerolift.nl\/#\/schema\/logo\/image\/","url":"https:\/\/i0.wp.com\/www.aerolift.nl\/wp-content\/uploads\/2025\/07\/2024-logo-aerolift-corners-5.png?fit=1903%2C678&ssl=1","contentUrl":"https:\/\/i0.wp.com\/www.aerolift.nl\/wp-content\/uploads\/2025\/07\/2024-logo-aerolift-corners-5.png?fit=1903%2C678&ssl=1","width":1903,"height":678,"caption":"Aerolift Industrials bv"},"image":{"@id":"https:\/\/www.aerolift.nl\/#\/schema\/logo\/image\/"},"sameAs":["https:\/\/www.linkedin.com\/company\/aerolift-industrials-bv\/","https:\/\/www.youtube.com\/user\/AeroliftIndustrials1"]}]}},"jetpack_sharing_enabled":true,"_links":{"self":[{"href":"https:\/\/www.aerolift.nl\/de\/wp-json\/wp\/v2\/pages\/568","targetHints":{"allow":["GET"]}}],"collection":[{"href":"https:\/\/www.aerolift.nl\/de\/wp-json\/wp\/v2\/pages"}],"about":[{"href":"https:\/\/www.aerolift.nl\/de\/wp-json\/wp\/v2\/types\/page"}],"author":[{"embeddable":true,"href":"https:\/\/www.aerolift.nl\/de\/wp-json\/wp\/v2\/users\/22"}],"replies":[{"embeddable":true,"href":"https:\/\/www.aerolift.nl\/de\/wp-json\/wp\/v2\/comments?post=568"}],"version-history":[{"count":9,"href":"https:\/\/www.aerolift.nl\/de\/wp-json\/wp\/v2\/pages\/568\/revisions"}],"predecessor-version":[{"id":11741,"href":"https:\/\/www.aerolift.nl\/de\/wp-json\/wp\/v2\/pages\/568\/revisions\/11741"}],"wp:attachment":[{"href":"https:\/\/www.aerolift.nl\/de\/wp-json\/wp\/v2\/media?parent=568"}],"curies":[{"name":"wp","href":"https:\/\/api.w.org\/{rel}","templated":true}]}}