{"id":570,"date":"2015-07-03T10:44:15","date_gmt":"2015-07-03T09:44:15","guid":{"rendered":"http:\/\/www.aerolift.nl\/de\/?page_id=570"},"modified":"2022-03-22T15:39:28","modified_gmt":"2022-03-22T14:39:28","slug":"ueber-aerolift-industrials","status":"publish","type":"page","link":"https:\/\/www.aerolift.nl\/de\/ueber-aerolift-industrials\/","title":{"rendered":"\u00dcber Aerolift Industrials B.V."},"content":{"rendered":"<p>Wir von <strong>Aerolift Industrials<\/strong> sind weltweit f\u00fcr unser Fachwissen und Qualit\u00e4t unserer Vakuumheber bekannt. Schon seit den 60-er Jahren bieten wir innovative L\u00f6sungen f\u00fcr jede Art von Hebeproblematik. \u00dcber die Jahre hat Aerolift ein tiefgreifendes Produkt- und Fachwissen entwickelt. Wir k\u00f6nnen f\u00fcr so gut wie jede <a href=\"https:\/\/www.aerolift.nl\/de\/anwendungen-von-vakuumhebern\/\">Industrie<\/a> innerhalb k\u00fcrzester Zeit liefern und nat\u00fcrlich ebenso schnell die passende\u00a0Beratung geben. Auch f\u00fcr Ihre Industrie.<\/p>\n<h2>Einzigartige L\u00f6sungen und Vorteile<\/h2>\n<p>In unserem Betrieb l\u00e4uft alles zusammen: Wir verf\u00fcgen \u00fcber eine eigene Ingenieursabteilung,\u00a0Zeichner, ein Produktionsbetrieb sowie eine <a href=\"https:\/\/www.aerolift.nl\/de\/service-und-wartung-von-vakuum-hebegeraeten\/\">Serviceabteilung<\/a>. Somit k\u00f6nnen wir die komplexesten\u00a0Ger\u00e4te entwickeln, produzieren und Sie bei allen logistischen Problemen unterst\u00fctzen.\u00a0Die M\u00f6glichkeiten der Vakuumtechnik sind grenzenlos. Au\u00dferdem bietet die Vakuumtechnik h\u00e4ufig\u00a0viele Vorteile gegen\u00fcber konventionellen <a href=\"https:\/\/www.aerolift.nl\/de\/vakuumhandling-methode\/\">Methoden<\/a>:<\/p>\n<p><strong>Einfach und schnell<\/strong><\/p>\n<ul>\n<li>Ansaugen und anschlie\u00dfendes l\u00f6sen dauert nur wenige Sekunden.<\/li>\n<\/ul>\n<p><strong>Reduzierung der Produktionskosten<\/strong><\/p>\n<ul>\n<li>H\u00f6here Produktionsgeschwindigkeit.<\/li>\n<li>Kostensparend bei der Hebetechnik, Personaleinsatz und Energienutzung.<\/li>\n<li>Keine Besch\u00e4digung der Last.<\/li>\n<\/ul>\n<p><strong>Sicherheit<\/strong><\/p>\n<ul>\n<li>Doppelter Sicherheitsfaktor.<\/li>\n<li>Extra Sicherheitsma\u00dfnahmen im Fall von Energiest\u00f6rungen.<\/li>\n<li>Minimalisierung des Unfallrisikos.<\/li>\n<\/ul>\n<h2>Mehr Informationen zu Aerolift Industrials<\/h2>\n<p>Dank der innovativen L\u00f6sungen, die <strong>Aerolift Industrials<\/strong> bieten kann, verl\u00e4uft die Logistik Ihres\u00a0Betriebes einfach und schnell. Abh\u00e4ngig von der Anwendung k\u00f6nnen die Vakuumheber allein oder in\u00a0Kombination mit anderen Ger\u00e4ten und Transportmitteln eingesetzt werden, wie beispielsweise mit\u00a0Krane, Ladern und Gabelstaplern.<\/p>\n<p>Nat\u00fcrlich gibt es noch viele andere Anwendungsgebiete f\u00fcr Vakuum Hebeger\u00e4te. Sie m\u00f6chten mehr\u00a0Informationen zu den M\u00f6glichkeiten f\u00fcr Ihr Projekt oder Unternehmen? <a href=\"https:\/\/www.aerolift.nl\/de\/kontakt\/\">Rufen<\/a>\u00a0Sie uns unverbindlich\u00a0an, wir beraten Sie gerne.<\/p>\n","protected":false},"excerpt":{"rendered":"<p>Wir von Aerolift Industrials sind weltweit f\u00fcr unser Fachwissen und Qualit\u00e4t unserer Vakuumheber bekannt. Schon seit den 60-er Jahren bieten wir innovative L\u00f6sungen f\u00fcr jede Art von Hebeproblematik. \u00dcber die Jahre hat Aerolift ein tiefgreifendes Produkt- und Fachwissen entwickelt. Wir k\u00f6nnen f\u00fcr so gut wie jede Industrie innerhalb k\u00fcrzester Zeit&#8230;<\/p>\n","protected":false},"author":22,"featured_media":0,"parent":0,"menu_order":0,"comment_status":"open","ping_status":"open","template":"","meta":{"_acf_changed":false,"footnotes":""},"class_list":["post-570","page","type-page","status-publish","hentry"],"acf":[],"yoast_head":"<!-- This site is optimized with the Yoast SEO plugin v27.4 - https:\/\/yoast.com\/product\/yoast-seo-wordpress\/ -->\n<title>\u00dcber Aerolift Industrials - Aerolift<\/title>\n<meta name=\"description\" content=\"Seit den 1960er Jahren steht Aerolift f\u00fcr Fachwissen und Qualit\u00e4t im Bereich Vakuum Hebeger\u00e4te. Wenn Sie sich f\u00fcr uns als Partner entscheiden, k\u00f6nnen wir Ihnen eine komplette All-in-One L\u00f6sung bieten. So verf\u00fcgen wir \u00fcber eine eigene Ingenieurs-, eine Produktions- sowie eine Serviceabteilung.\" \/>\n<meta name=\"robots\" content=\"index, follow, max-snippet:-1, max-image-preview:large, max-video-preview:-1\" \/>\n<link rel=\"canonical\" href=\"https:\/\/www.aerolift.nl\/de\/ueber-aerolift-industrials\/\" \/>\n<meta property=\"og:locale\" content=\"de_DE\" \/>\n<meta property=\"og:type\" content=\"article\" \/>\n<meta property=\"og:title\" content=\"\u00dcber Aerolift Industrials - Aerolift\" \/>\n<meta property=\"og:description\" content=\"Seit den 1960er Jahren steht Aerolift f\u00fcr Fachwissen und Qualit\u00e4t im Bereich Vakuum Hebeger\u00e4te. Wenn Sie sich f\u00fcr uns als Partner entscheiden, k\u00f6nnen wir Ihnen eine komplette All-in-One L\u00f6sung bieten. So verf\u00fcgen wir \u00fcber eine eigene Ingenieurs-, eine Produktions- sowie eine Serviceabteilung.\" \/>\n<meta property=\"og:url\" content=\"https:\/\/www.aerolift.nl\/de\/ueber-aerolift-industrials\/\" \/>\n<meta property=\"og:site_name\" content=\"Aerolift\" \/>\n<meta property=\"article:modified_time\" content=\"2022-03-22T14:39:28+00:00\" \/>\n<meta name=\"twitter:card\" content=\"summary_large_image\" \/>\n<meta name=\"twitter:label1\" content=\"Gesch\u00e4tzte Lesezeit\" \/>\n\t<meta name=\"twitter:data1\" content=\"2\u00a0Minuten\" \/>\n<!-- \/ Yoast SEO plugin. -->","yoast_head_json":{"title":"\u00dcber Aerolift Industrials - Aerolift","description":"Seit den 1960er Jahren steht Aerolift f\u00fcr Fachwissen und Qualit\u00e4t im Bereich Vakuum Hebeger\u00e4te. Wenn Sie sich f\u00fcr uns als Partner entscheiden, k\u00f6nnen wir Ihnen eine komplette All-in-One L\u00f6sung bieten. So verf\u00fcgen wir \u00fcber eine eigene Ingenieurs-, eine Produktions- sowie eine Serviceabteilung.","robots":{"index":"index","follow":"follow","max-snippet":"max-snippet:-1","max-image-preview":"max-image-preview:large","max-video-preview":"max-video-preview:-1"},"canonical":"https:\/\/www.aerolift.nl\/de\/ueber-aerolift-industrials\/","og_locale":"de_DE","og_type":"article","og_title":"\u00dcber Aerolift Industrials - Aerolift","og_description":"Seit den 1960er Jahren steht Aerolift f\u00fcr Fachwissen und Qualit\u00e4t im Bereich Vakuum Hebeger\u00e4te. Wenn Sie sich f\u00fcr uns als Partner entscheiden, k\u00f6nnen wir Ihnen eine komplette All-in-One L\u00f6sung bieten. So verf\u00fcgen wir \u00fcber eine eigene Ingenieurs-, eine Produktions- sowie eine Serviceabteilung.","og_url":"https:\/\/www.aerolift.nl\/de\/ueber-aerolift-industrials\/","og_site_name":"Aerolift","article_modified_time":"2022-03-22T14:39:28+00:00","twitter_card":"summary_large_image","twitter_misc":{"Gesch\u00e4tzte Lesezeit":"2\u00a0Minuten"},"schema":{"@context":"https:\/\/schema.org","@graph":[{"@type":"WebPage","@id":"https:\/\/www.aerolift.nl\/de\/ueber-aerolift-industrials\/","url":"https:\/\/www.aerolift.nl\/de\/ueber-aerolift-industrials\/","name":"\u00dcber Aerolift Industrials - Aerolift","isPartOf":{"@id":"https:\/\/www.aerolift.nl\/#website"},"datePublished":"2015-07-03T09:44:15+00:00","dateModified":"2022-03-22T14:39:28+00:00","description":"Seit den 1960er Jahren steht Aerolift f\u00fcr Fachwissen und Qualit\u00e4t im Bereich Vakuum Hebeger\u00e4te. Wenn Sie sich f\u00fcr uns als Partner entscheiden, k\u00f6nnen wir Ihnen eine komplette All-in-One L\u00f6sung bieten. So verf\u00fcgen wir \u00fcber eine eigene Ingenieurs-, eine Produktions- sowie eine Serviceabteilung.","breadcrumb":{"@id":"https:\/\/www.aerolift.nl\/de\/ueber-aerolift-industrials\/#breadcrumb"},"inLanguage":"de","potentialAction":[{"@type":"ReadAction","target":["https:\/\/www.aerolift.nl\/de\/ueber-aerolift-industrials\/"]}]},{"@type":"BreadcrumbList","@id":"https:\/\/www.aerolift.nl\/de\/ueber-aerolift-industrials\/#breadcrumb","itemListElement":[{"@type":"ListItem","position":1,"name":"Home","item":"https:\/\/www.aerolift.nl\/de\/"},{"@type":"ListItem","position":2,"name":"\u00dcber Aerolift Industrials B.V."}]},{"@type":"WebSite","@id":"https:\/\/www.aerolift.nl\/#website","url":"https:\/\/www.aerolift.nl\/","name":"Aerolift","description":"Ein weiterer Wordpress -Website","publisher":{"@id":"https:\/\/www.aerolift.nl\/#organization"},"potentialAction":[{"@type":"SearchAction","target":{"@type":"EntryPoint","urlTemplate":"https:\/\/www.aerolift.nl\/?s={search_term_string}"},"query-input":{"@type":"PropertyValueSpecification","valueRequired":true,"valueName":"search_term_string"}}],"inLanguage":"de"},{"@type":"Organization","@id":"https:\/\/www.aerolift.nl\/#organization","name":"Aerolift Industrials bv","alternateName":"Aerolift","url":"https:\/\/www.aerolift.nl\/","logo":{"@type":"ImageObject","inLanguage":"de","@id":"https:\/\/www.aerolift.nl\/#\/schema\/logo\/image\/","url":"https:\/\/i0.wp.com\/www.aerolift.nl\/wp-content\/uploads\/2025\/07\/2024-logo-aerolift-corners-5.png?fit=1903%2C678&ssl=1","contentUrl":"https:\/\/i0.wp.com\/www.aerolift.nl\/wp-content\/uploads\/2025\/07\/2024-logo-aerolift-corners-5.png?fit=1903%2C678&ssl=1","width":1903,"height":678,"caption":"Aerolift Industrials bv"},"image":{"@id":"https:\/\/www.aerolift.nl\/#\/schema\/logo\/image\/"},"sameAs":["https:\/\/www.linkedin.com\/company\/aerolift-industrials-bv\/","https:\/\/www.youtube.com\/user\/AeroliftIndustrials1"]}]}},"jetpack_sharing_enabled":true,"_links":{"self":[{"href":"https:\/\/www.aerolift.nl\/de\/wp-json\/wp\/v2\/pages\/570","targetHints":{"allow":["GET"]}}],"collection":[{"href":"https:\/\/www.aerolift.nl\/de\/wp-json\/wp\/v2\/pages"}],"about":[{"href":"https:\/\/www.aerolift.nl\/de\/wp-json\/wp\/v2\/types\/page"}],"author":[{"embeddable":true,"href":"https:\/\/www.aerolift.nl\/de\/wp-json\/wp\/v2\/users\/22"}],"replies":[{"embeddable":true,"href":"https:\/\/www.aerolift.nl\/de\/wp-json\/wp\/v2\/comments?post=570"}],"version-history":[{"count":10,"href":"https:\/\/www.aerolift.nl\/de\/wp-json\/wp\/v2\/pages\/570\/revisions"}],"predecessor-version":[{"id":11083,"href":"https:\/\/www.aerolift.nl\/de\/wp-json\/wp\/v2\/pages\/570\/revisions\/11083"}],"wp:attachment":[{"href":"https:\/\/www.aerolift.nl\/de\/wp-json\/wp\/v2\/media?parent=570"}],"curies":[{"name":"wp","href":"https:\/\/api.w.org\/{rel}","templated":true}]}}