{"id":575,"date":"2015-07-03T10:54:12","date_gmt":"2015-07-03T09:54:12","guid":{"rendered":"http:\/\/www.aerolift.nl\/de\/?page_id=575"},"modified":"2022-09-13T13:26:46","modified_gmt":"2022-09-13T12:26:46","slug":"die-ungeahnte-kraft-der-vakuumheber","status":"publish","type":"page","link":"https:\/\/www.aerolift.nl\/de\/","title":{"rendered":"Ma\u00dfgeschneiderte Hebel\u00f6sungen f\u00fcr Ihren vollst\u00e4ndigen Hebeprozess"},"content":{"rendered":"<p>Sind Sie auf der Suche nach einer Hebel\u00f6sung, um Ihren kompletten Hebeprozess zu optimieren? Aerolift entwickelt ma\u00dfgeschneiderte <a href=\"https:\/\/www.aerolift.nl\/de\/hebelosungen-fur-ihre-industrie\/\">Hebel\u00f6sungen<\/a> f\u00fcr verschiedene Branchen. Denken Sie an die Betonindustrie, die TBM-Industrie, die Metallindustrie, die Rohrleitungsindustrie, die Papierrollenindustrie, die Windkraftindustrie und so weiter.<\/p>\n<p>Die meisten unserer Hebel\u00f6sungen basieren auf der <a href=\"https:\/\/www.aerolift.nl\/de\/was-sind-vakuumheber\/\">Vakuumtechnik<\/a>, da diese viele Vorteile gegen\u00fcber anderen Hebemethoden bietet. Die M\u00f6glichkeiten der Vakuumtechnik sind endlos. Aber wenn Vakuum nicht anwendbar ist, entwickeln wir auch mechanische Hebel\u00f6sungen, die die gleichen Vorteile wie die Vakuumtechnik bieten. Wir lieben die Herausforderung und freuen uns darauf, eine passende L\u00f6sung f\u00fcr Ihr Handhabungsproblem zu finden.<\/p>\n","protected":false},"excerpt":{"rendered":"<p>Sind Sie auf der Suche nach einer Hebel\u00f6sung, um Ihren kompletten Hebeprozess zu optimieren? Aerolift entwickelt ma\u00dfgeschneiderte Hebel\u00f6sungen f\u00fcr verschiedene Branchen. Denken Sie an die Betonindustrie, die TBM-Industrie, die Metallindustrie, die Rohrleitungsindustrie, die Papierrollenindustrie, die Windkraftindustrie und so weiter. Die meisten unserer Hebel\u00f6sungen basieren auf der Vakuumtechnik, da diese viele&#8230;<\/p>\n","protected":false},"author":22,"featured_media":0,"parent":0,"menu_order":1,"comment_status":"open","ping_status":"open","template":"","meta":{"_acf_changed":false,"footnotes":""},"class_list":["post-575","page","type-page","status-publish","hentry"],"acf":[],"yoast_head":"<!-- This site is optimized with the Yoast SEO plugin v27.5 - https:\/\/yoast.com\/product\/yoast-seo-wordpress\/ -->\n<title>Effiziente und sichere Hebel\u00f6sungen | Vakuum-Handhabung | Aerolift<\/title>\n<meta name=\"description\" content=\"Aerolift bietet weltweit effiziente und sichere Hebel\u00f6sungen. Erz\u00e4hlen \u00fcber Ihre Situation und wir entwerfen eine ma\u00dfgeschneiderte Hebel\u00f6sung.\" \/>\n<meta name=\"robots\" content=\"index, follow, max-snippet:-1, max-image-preview:large, max-video-preview:-1\" \/>\n<link rel=\"canonical\" href=\"https:\/\/www.aerolift.nl\/de\/\" \/>\n<meta property=\"og:locale\" content=\"de_DE\" \/>\n<meta property=\"og:type\" content=\"article\" \/>\n<meta property=\"og:title\" content=\"Effiziente und sichere Hebel\u00f6sungen | Vakuum-Handhabung | Aerolift\" \/>\n<meta property=\"og:description\" content=\"Aerolift bietet weltweit effiziente und sichere Hebel\u00f6sungen. Erz\u00e4hlen \u00fcber Ihre Situation und wir entwerfen eine ma\u00dfgeschneiderte Hebel\u00f6sung.\" \/>\n<meta property=\"og:url\" content=\"https:\/\/www.aerolift.nl\/de\/\" \/>\n<meta property=\"og:site_name\" content=\"Aerolift\" \/>\n<meta property=\"article:modified_time\" content=\"2022-09-13T12:26:46+00:00\" \/>\n<meta name=\"twitter:card\" content=\"summary_large_image\" \/>\n<meta name=\"twitter:label1\" content=\"Gesch\u00e4tzte Lesezeit\" \/>\n\t<meta name=\"twitter:data1\" content=\"1\u00a0Minute\" \/>\n<!-- \/ Yoast SEO plugin. -->","yoast_head_json":{"title":"Effiziente und sichere Hebel\u00f6sungen | Vakuum-Handhabung | Aerolift","description":"Aerolift bietet weltweit effiziente und sichere Hebel\u00f6sungen. Erz\u00e4hlen \u00fcber Ihre Situation und wir entwerfen eine ma\u00dfgeschneiderte Hebel\u00f6sung.","robots":{"index":"index","follow":"follow","max-snippet":"max-snippet:-1","max-image-preview":"max-image-preview:large","max-video-preview":"max-video-preview:-1"},"canonical":"https:\/\/www.aerolift.nl\/de\/","og_locale":"de_DE","og_type":"article","og_title":"Effiziente und sichere Hebel\u00f6sungen | Vakuum-Handhabung | Aerolift","og_description":"Aerolift bietet weltweit effiziente und sichere Hebel\u00f6sungen. Erz\u00e4hlen \u00fcber Ihre Situation und wir entwerfen eine ma\u00dfgeschneiderte Hebel\u00f6sung.","og_url":"https:\/\/www.aerolift.nl\/de\/","og_site_name":"Aerolift","article_modified_time":"2022-09-13T12:26:46+00:00","twitter_card":"summary_large_image","twitter_misc":{"Gesch\u00e4tzte Lesezeit":"1\u00a0Minute"},"schema":{"@context":"https:\/\/schema.org","@graph":[{"@type":"WebPage","@id":"https:\/\/www.aerolift.nl\/de\/","url":"https:\/\/www.aerolift.nl\/de\/","name":"Effiziente und sichere Hebel\u00f6sungen | Vakuum-Handhabung | Aerolift","isPartOf":{"@id":"https:\/\/www.aerolift.nl\/#website"},"datePublished":"2015-07-03T09:54:12+00:00","dateModified":"2022-09-13T12:26:46+00:00","description":"Aerolift bietet weltweit effiziente und sichere Hebel\u00f6sungen. Erz\u00e4hlen \u00fcber Ihre Situation und wir entwerfen eine ma\u00dfgeschneiderte Hebel\u00f6sung.","breadcrumb":{"@id":"https:\/\/www.aerolift.nl\/de\/#breadcrumb"},"inLanguage":"de","potentialAction":[{"@type":"ReadAction","target":["https:\/\/www.aerolift.nl\/de\/"]}]},{"@type":"BreadcrumbList","@id":"https:\/\/www.aerolift.nl\/de\/#breadcrumb","itemListElement":[{"@type":"ListItem","position":1,"name":"Home","item":"https:\/\/www.aerolift.nl\/de\/"},{"@type":"ListItem","position":2,"name":"Ma\u00dfgeschneiderte Hebel\u00f6sungen f\u00fcr Ihren vollst\u00e4ndigen Hebeprozess"}]},{"@type":"WebSite","@id":"https:\/\/www.aerolift.nl\/#website","url":"https:\/\/www.aerolift.nl\/","name":"Aerolift","description":"Ein weiterer Wordpress -Website","publisher":{"@id":"https:\/\/www.aerolift.nl\/#organization"},"potentialAction":[{"@type":"SearchAction","target":{"@type":"EntryPoint","urlTemplate":"https:\/\/www.aerolift.nl\/?s={search_term_string}"},"query-input":{"@type":"PropertyValueSpecification","valueRequired":true,"valueName":"search_term_string"}}],"inLanguage":"de"},{"@type":"Organization","@id":"https:\/\/www.aerolift.nl\/#organization","name":"Aerolift Industrials bv","alternateName":"Aerolift","url":"https:\/\/www.aerolift.nl\/","logo":{"@type":"ImageObject","inLanguage":"de","@id":"https:\/\/www.aerolift.nl\/#\/schema\/logo\/image\/","url":"https:\/\/i0.wp.com\/www.aerolift.nl\/wp-content\/uploads\/2025\/07\/2024-logo-aerolift-corners-5.png?fit=1903%2C678&ssl=1","contentUrl":"https:\/\/i0.wp.com\/www.aerolift.nl\/wp-content\/uploads\/2025\/07\/2024-logo-aerolift-corners-5.png?fit=1903%2C678&ssl=1","width":1903,"height":678,"caption":"Aerolift Industrials bv"},"image":{"@id":"https:\/\/www.aerolift.nl\/#\/schema\/logo\/image\/"},"sameAs":["https:\/\/www.linkedin.com\/company\/aerolift-industrials-bv\/","https:\/\/www.youtube.com\/user\/AeroliftIndustrials1"]}]}},"jetpack_sharing_enabled":true,"_links":{"self":[{"href":"https:\/\/www.aerolift.nl\/de\/wp-json\/wp\/v2\/pages\/575","targetHints":{"allow":["GET"]}}],"collection":[{"href":"https:\/\/www.aerolift.nl\/de\/wp-json\/wp\/v2\/pages"}],"about":[{"href":"https:\/\/www.aerolift.nl\/de\/wp-json\/wp\/v2\/types\/page"}],"author":[{"embeddable":true,"href":"https:\/\/www.aerolift.nl\/de\/wp-json\/wp\/v2\/users\/22"}],"replies":[{"embeddable":true,"href":"https:\/\/www.aerolift.nl\/de\/wp-json\/wp\/v2\/comments?post=575"}],"version-history":[{"count":33,"href":"https:\/\/www.aerolift.nl\/de\/wp-json\/wp\/v2\/pages\/575\/revisions"}],"predecessor-version":[{"id":11567,"href":"https:\/\/www.aerolift.nl\/de\/wp-json\/wp\/v2\/pages\/575\/revisions\/11567"}],"wp:attachment":[{"href":"https:\/\/www.aerolift.nl\/de\/wp-json\/wp\/v2\/media?parent=575"}],"curies":[{"name":"wp","href":"https:\/\/api.w.org\/{rel}","templated":true}]}}