{"id":577,"date":"2015-07-03T11:10:13","date_gmt":"2015-07-03T10:10:13","guid":{"rendered":"http:\/\/www.aerolift.nl\/de\/?page_id=577"},"modified":"2022-03-22T16:01:03","modified_gmt":"2022-03-22T15:01:03","slug":"was-sind-vakuumheber","status":"publish","type":"page","link":"https:\/\/www.aerolift.nl\/de\/was-sind-vakuumheber\/","title":{"rendered":"Was sind Vakuumheber"},"content":{"rendered":"<p><strong>Vakuumheber<\/strong> geben Ihnen die M\u00f6glichkeit, schwere Lasten zu heben, ohne diese zu besch\u00e4digen.\u00a0Mit einem Vakuum Hebeger\u00e4t von Aerolift sind die <a href=\"https:\/\/www.aerolift.nl\/de\/anwendungen-von-vakuumhebern\/\">Anwendungsm\u00f6glichkeiten<\/a> unbegrenzt. Sie\u00a0k\u00f6nnen die Last heben, drehen, kippen und transportieren sowie auf die passende H\u00f6he bringen. Das\u00a0Ganze ist unabh\u00e4ngig vom Gewicht der Last m\u00f6glich. Ein Vakuumheber ist in der Lage, mehrere\u00a0Tonnen Gewicht zu heben.<\/p>\n<h2>Leistungsnachweis mit Hilfe der Halbkugeln von Magdeburg<\/h2>\n<p>Bereits im Jahr 1654 bewies der damalige B\u00fcrgermeister von Magdeburg, Otto von Guericke, die\u00a0beindruckende St\u00e4rke der Vakuumkraft. Hierzu nutzte er zwei Halbkugeln mit einem Durchmesser\u00a0von je circa 50 cm. Die zwei Kugelschalen wurden so aneinander gelegt, dass ein Hohlraum entstand,\u00a0aus dem im Anschluss, mit Hilfe einer Kolbenpumpe die Luft entzogen wurde. Auf diese Art und\u00a0Weise entstand in dem Hohlraum ein Vakuum, welches daf\u00fcr sorgte, dass die beiden Kugelschalen\u00a0auch mit einer Zugkraft von insgesamt 19 Pferden (8 an jeder Seite) nicht voneinander getrennt\u00a0werden konnten. Die zu \u00fcberwindende Kraft betrug ca. 20.000 N. Dies ist vergleichbar mit einem\u00a0Gewicht von 2 Tonnen.<\/p>\n<h2>Der Grund warum Vakuumheber so kraftvoll sind<\/h2>\n<p>Im genannten Beispiel der Magdeburger Halbkugeln ist der Druck im Hohlraum des Balles niedriger,\u00a0als der Luftdruck au\u00dferhalb, wodurch die zwei Kugelschalen aneinander gehalten werden. Auf der\u00a0Erde \u00fcbt die Atmosph\u00e4re einen Luftdruck von einem Bar aus, w\u00e4hrend im Hohlraum der Kugel ein\u00a0Unterdruck zwischen 0 und 1 Bar entstanden ist. Alle Vakuum Hebeger\u00e4te von Aerolift sind auf\u00a0diesem Magdeburger Prinzip aufgebaut.<\/p>\n<p><img data-recalc-dims=\"1\" loading=\"lazy\" decoding=\"async\" class=\"alignnone wp-image-3220 \" src=\"https:\/\/i0.wp.com\/www.aerolift.nl\/wp-content\/uploads\/2015\/11\/Vakuumheber-300x128.jpg?resize=626%2C267\" alt=\"Vakuumheber\" width=\"626\" height=\"267\" srcset=\"https:\/\/i0.wp.com\/www.aerolift.nl\/wp-content\/uploads\/2015\/11\/Vakuumheber.jpg?resize=300%2C128&amp;ssl=1 300w, https:\/\/i0.wp.com\/www.aerolift.nl\/wp-content\/uploads\/2015\/11\/Vakuumheber.jpg?resize=360%2C154&amp;ssl=1 360w, https:\/\/i0.wp.com\/www.aerolift.nl\/wp-content\/uploads\/2015\/11\/Vakuumheber.jpg?w=500&amp;ssl=1 500w\" sizes=\"auto, (max-width: 626px) 100vw, 626px\" \/><\/p>\n<h2>Warum f\u00fcr einen Vakuumheber entscheiden?<\/h2>\n<p>Vakuumheber bringen Ihnen mehrere Vorteile:<\/p>\n<p><strong>Einfach und schnell<\/strong><\/p>\n<ul>\n<li>Ansaugen und anschlie\u00dfendes l\u00f6sen dauert nur wenige Sekunden.<\/li>\n<\/ul>\n<p><strong>Reduzierung der Produktionskosten<\/strong><\/p>\n<ul>\n<li>H\u00f6here Produktionsgeschwindigkeit.<\/li>\n<li>Kostensparend bei der Hebetechnik, Personaleinsatz und Energienutzung.<\/li>\n<li>Keine Besch\u00e4digung der Last.<\/li>\n<\/ul>\n<p><strong>Sicherheit<\/strong><\/p>\n<ul>\n<li>Doppelter Sicherheitsfaktor.<\/li>\n<li>Extra Sicherheitsma\u00dfnahmen im Fall von Energiest\u00f6rungen.<\/li>\n<li>Minimalisierung des Unfallrisikos.<\/li>\n<\/ul>\n<h2>Mit Vakuumtechnik entscheiden Sie sich f\u00fcr Sicherheit<\/h2>\n<p>Des Weiteren ist Vakuumtechnik h\u00e4ufig sicherer, als herk\u00f6mmliche Techniken. Im Gegensatz zu\u00a0Techniken wie dem Binden, Anketten oder Einhacken, kontrolliert ein Vakuum Hebeger\u00e4t von\u00a0Aerolift permanent den Sicherheitsstatus. Eine Fachkraft kann hierdurch zu jeder Zeit das\u00a0Vakuumniveau schnell und einfach ablesen.<\/p>\n<p>Au\u00dferdem gibt das Hebeger\u00e4t unmittelbare und deutliche optische sowie auditive Signale, sollte das Vakuum im Tank oder den Saugschalen unter den Kontrollwert von 80% fallen. Die Vakuum Hebeger\u00e4te von Aerolift sind ferner so konstruiert, dass das Vakuum im St\u00f6rungsfall, erst nach einigen Minuten auf seinen Halbwert f\u00e4llt. So bleibt Ihnen ausreichend Zeit, Regelungen zu finden um die Last auf eine andere Art und Weise sicher zu Boden zu bringen.<\/p>\n<h2>5 gute Gr\u00fcnde f\u00fcr ein Vakuum Hebeger\u00e4t von Aerolift<\/h2>\n<p>Aerolift ist schon jahrelang bekannt f\u00fcr renommierte, qualitativ hochwertige Produkte auf dem\u00a0Gebiet der Vakuumtechnik in unterschiedlichen <a href=\"https:\/\/www.aerolift.nl\/de\/vakuumhandling-methode\/\">Industrien.<\/a> Dies haben wir durch innovative\u00a0Entwicklungen erreicht, die unsere Produkte einzigartig machen. Hierunter finden Sie die\u00a0Eigenschaften, die unsere Produkte so unverwechselbar machen.<\/p>\n<ul>\n<li>Die Vakuumventile unserer Ger\u00e4te ben\u00f6tigen ein positives Signal um bewegt werden zu\u00a0k\u00f6nnen. Bei einem Stromausfall bleiben die Ventile daher immer in ihrer zuletzt\u00a0angenommenen Position stehen.<\/li>\n<li>Die Vakuumschl\u00e4uche sind mit Stahl gest\u00e4rkt, wodurch sie auch gr\u00f6\u00dferen Kr\u00e4ften problemlos\u00a0standhalten.<\/li>\n<li>Die Vakuum Hebeger\u00e4te von Aerolift sind nur in einem sehr geringen Ma\u00dfe\u00a0temperaturanf\u00e4llig und falls n\u00f6tig, k\u00f6nnen essenzielle Komponenten wie Ventile, Pumpen\u00a0oder Geh\u00e4use mit Temperaturreglern ausgestattet werden.<\/li>\n<li>Das Gummi der Saugschale von Aerolift ist deutlich weniger schadensanf\u00e4llig, als die beispielweise h\u00e4ufig verwendeten Neoprensaugschale. Des Weiteren sind die herk\u00f6mmlichen Gummiteile von Aerolift f\u00fcr Temperaturen zwischen -40C und +50C geeignet. Bei Anwendungen unter w\u00e4rmeren Temperaturbedingungen verf\u00fcgen wir \u00fcber Gummiteile, die Temperaturen von bis zu 220C einwandfrei ausgesetzt werden k\u00f6nnen. Ferner arbeiten wir momentan an der Entwicklung von Gummiteilen, die selbst bei noch h\u00f6heren Temperaturen eingesetzt werden k\u00f6nnen.<\/li>\n<li>Falls gew\u00fcnscht, oder auf Grund der Anwendung notwendig, entwirft Aerolift auch Duplex\u00a0oder gar Triplex Maschinen.<\/li>\n<\/ul>\n<h2>M\u00f6chten Sie mehr \u00fcber Vakuumheber von Aerolift erfahren?<\/h2>\n<p>F\u00fcr mehr Informationen \u00fcber <strong>Vakuumheber<\/strong> k\u00f6nnen Sie Kontakt mit unseren Mitarbeitern\u00a0aufnehmen. Mit unserem avancierten Produkt- und Fachwissen, k\u00f6nnen wir bei Aerolift auch\u00a0industriespezifische Fragen beantworten und Sie passend beraten. Aerolift verf\u00fcgt \u00fcber ein eigenes\u00a0Entwurfsb\u00fcro, eine Zeichenabteilung sowie einen Produktionsbetrieb. Alles liegt in unseren eigenen\u00a0H\u00e4nden, wodurch wir auch komplizierte Fragen stets fachkundig beantworten k\u00f6nnen.\u00a0Au\u00dferdem verf\u00fcgen wir \u00fcber eine eigene Serviceabteilung f\u00fcr Betriebsstellungen, Schulungen und\u00a0<a href=\"https:\/\/www.aerolift.nl\/de\/service-und-wartung-von-vakuum-hebegeraeten\/\">Wartung<\/a><span style=\"text-decoration: underline;\">.<\/span> All unsere Vakuum Hebeger\u00e4te erf\u00fcllen im Minimalfall die NEN-EN 13155 Norm, oder sind\u00a0auf Grund von lokalen Gesetzgebungen anders genormt. Bei Aerolift haben Sie auch die M\u00f6glichkeit,\u00a0Vakuumheber zu <a href=\"https:\/\/www.aerolift.nl\/de\/vermietung-von-vakuum-hebegeraten\/\">mieten<\/a>.<\/p>\n","protected":false},"excerpt":{"rendered":"<p>Vakuumheber geben Ihnen die M\u00f6glichkeit, schwere Lasten zu heben, ohne diese zu besch\u00e4digen.\u00a0Mit einem Vakuum Hebeger\u00e4t von Aerolift sind die Anwendungsm\u00f6glichkeiten unbegrenzt. Sie\u00a0k\u00f6nnen die Last heben, drehen, kippen und transportieren sowie auf die passende H\u00f6he bringen. Das\u00a0Ganze ist unabh\u00e4ngig vom Gewicht der Last m\u00f6glich. Ein Vakuumheber ist in der Lage,&#8230;<\/p>\n","protected":false},"author":22,"featured_media":0,"parent":0,"menu_order":0,"comment_status":"open","ping_status":"open","template":"","meta":{"_acf_changed":false,"footnotes":""},"class_list":["post-577","page","type-page","status-publish","hentry"],"acf":[],"yoast_head":"<!-- This site is optimized with the Yoast SEO plugin v27.4 - https:\/\/yoast.com\/product\/yoast-seo-wordpress\/ -->\n<title>Vakuumheber | Was sind Vakuumheber von Aerolift<\/title>\n<meta name=\"description\" content=\"Haben Sie schon mal von den Vorteilen der Vakuumtechnik geh\u00f6rt? Mithilfe von Vakuumhebern lassen sich die verschiedensten Materialien einfach und schnell transportieren. Dabei verspricht die Vakuumtechnik auch deutlich mehr Sicherheit als herk\u00f6mmliche Methoden.\" \/>\n<meta name=\"robots\" content=\"index, follow, max-snippet:-1, max-image-preview:large, max-video-preview:-1\" \/>\n<link rel=\"canonical\" href=\"https:\/\/www.aerolift.nl\/de\/was-sind-vakuumheber\/\" \/>\n<meta property=\"og:locale\" content=\"de_DE\" \/>\n<meta property=\"og:type\" content=\"article\" \/>\n<meta property=\"og:title\" content=\"Vakuumheber | Was sind Vakuumheber von Aerolift\" \/>\n<meta property=\"og:description\" content=\"Haben Sie schon mal von den Vorteilen der Vakuumtechnik geh\u00f6rt? Mithilfe von Vakuumhebern lassen sich die verschiedensten Materialien einfach und schnell transportieren. Dabei verspricht die Vakuumtechnik auch deutlich mehr Sicherheit als herk\u00f6mmliche Methoden.\" \/>\n<meta property=\"og:url\" content=\"https:\/\/www.aerolift.nl\/de\/was-sind-vakuumheber\/\" \/>\n<meta property=\"og:site_name\" content=\"Aerolift\" \/>\n<meta property=\"article:modified_time\" content=\"2022-03-22T15:01:03+00:00\" \/>\n<meta property=\"og:image\" content=\"http:\/\/www.aerolift.nl\/wp-content\/uploads\/2015\/11\/Vakuumheber-300x128.jpg\" \/>\n<meta name=\"twitter:card\" content=\"summary_large_image\" \/>\n<meta name=\"twitter:label1\" content=\"Gesch\u00e4tzte Lesezeit\" \/>\n\t<meta name=\"twitter:data1\" content=\"4\u00a0Minuten\" \/>\n<!-- \/ Yoast SEO plugin. -->","yoast_head_json":{"title":"Vakuumheber | Was sind Vakuumheber von Aerolift","description":"Haben Sie schon mal von den Vorteilen der Vakuumtechnik geh\u00f6rt? Mithilfe von Vakuumhebern lassen sich die verschiedensten Materialien einfach und schnell transportieren. Dabei verspricht die Vakuumtechnik auch deutlich mehr Sicherheit als herk\u00f6mmliche Methoden.","robots":{"index":"index","follow":"follow","max-snippet":"max-snippet:-1","max-image-preview":"max-image-preview:large","max-video-preview":"max-video-preview:-1"},"canonical":"https:\/\/www.aerolift.nl\/de\/was-sind-vakuumheber\/","og_locale":"de_DE","og_type":"article","og_title":"Vakuumheber | Was sind Vakuumheber von Aerolift","og_description":"Haben Sie schon mal von den Vorteilen der Vakuumtechnik geh\u00f6rt? Mithilfe von Vakuumhebern lassen sich die verschiedensten Materialien einfach und schnell transportieren. Dabei verspricht die Vakuumtechnik auch deutlich mehr Sicherheit als herk\u00f6mmliche Methoden.","og_url":"https:\/\/www.aerolift.nl\/de\/was-sind-vakuumheber\/","og_site_name":"Aerolift","article_modified_time":"2022-03-22T15:01:03+00:00","og_image":[{"url":"http:\/\/www.aerolift.nl\/wp-content\/uploads\/2015\/11\/Vakuumheber-300x128.jpg","type":"","width":"","height":""}],"twitter_card":"summary_large_image","twitter_misc":{"Gesch\u00e4tzte Lesezeit":"4\u00a0Minuten"},"schema":{"@context":"https:\/\/schema.org","@graph":[{"@type":"WebPage","@id":"https:\/\/www.aerolift.nl\/de\/was-sind-vakuumheber\/","url":"https:\/\/www.aerolift.nl\/de\/was-sind-vakuumheber\/","name":"Vakuumheber | Was sind Vakuumheber von Aerolift","isPartOf":{"@id":"https:\/\/www.aerolift.nl\/#website"},"primaryImageOfPage":{"@id":"https:\/\/www.aerolift.nl\/de\/was-sind-vakuumheber\/#primaryimage"},"image":{"@id":"https:\/\/www.aerolift.nl\/de\/was-sind-vakuumheber\/#primaryimage"},"thumbnailUrl":"http:\/\/www.aerolift.nl\/wp-content\/uploads\/2015\/11\/Vakuumheber-300x128.jpg","datePublished":"2015-07-03T10:10:13+00:00","dateModified":"2022-03-22T15:01:03+00:00","description":"Haben Sie schon mal von den Vorteilen der Vakuumtechnik geh\u00f6rt? Mithilfe von Vakuumhebern lassen sich die verschiedensten Materialien einfach und schnell transportieren. Dabei verspricht die Vakuumtechnik auch deutlich mehr Sicherheit als herk\u00f6mmliche Methoden.","breadcrumb":{"@id":"https:\/\/www.aerolift.nl\/de\/was-sind-vakuumheber\/#breadcrumb"},"inLanguage":"de","potentialAction":[{"@type":"ReadAction","target":["https:\/\/www.aerolift.nl\/de\/was-sind-vakuumheber\/"]}]},{"@type":"ImageObject","inLanguage":"de","@id":"https:\/\/www.aerolift.nl\/de\/was-sind-vakuumheber\/#primaryimage","url":"http:\/\/www.aerolift.nl\/wp-content\/uploads\/2015\/11\/Vakuumheber-300x128.jpg","contentUrl":"http:\/\/www.aerolift.nl\/wp-content\/uploads\/2015\/11\/Vakuumheber-300x128.jpg"},{"@type":"BreadcrumbList","@id":"https:\/\/www.aerolift.nl\/de\/was-sind-vakuumheber\/#breadcrumb","itemListElement":[{"@type":"ListItem","position":1,"name":"Home","item":"https:\/\/www.aerolift.nl\/de\/"},{"@type":"ListItem","position":2,"name":"Was sind Vakuumheber"}]},{"@type":"WebSite","@id":"https:\/\/www.aerolift.nl\/#website","url":"https:\/\/www.aerolift.nl\/","name":"Aerolift","description":"Ein weiterer Wordpress -Website","publisher":{"@id":"https:\/\/www.aerolift.nl\/#organization"},"potentialAction":[{"@type":"SearchAction","target":{"@type":"EntryPoint","urlTemplate":"https:\/\/www.aerolift.nl\/?s={search_term_string}"},"query-input":{"@type":"PropertyValueSpecification","valueRequired":true,"valueName":"search_term_string"}}],"inLanguage":"de"},{"@type":"Organization","@id":"https:\/\/www.aerolift.nl\/#organization","name":"Aerolift Industrials bv","alternateName":"Aerolift","url":"https:\/\/www.aerolift.nl\/","logo":{"@type":"ImageObject","inLanguage":"de","@id":"https:\/\/www.aerolift.nl\/#\/schema\/logo\/image\/","url":"https:\/\/i0.wp.com\/www.aerolift.nl\/wp-content\/uploads\/2025\/07\/2024-logo-aerolift-corners-5.png?fit=1903%2C678&ssl=1","contentUrl":"https:\/\/i0.wp.com\/www.aerolift.nl\/wp-content\/uploads\/2025\/07\/2024-logo-aerolift-corners-5.png?fit=1903%2C678&ssl=1","width":1903,"height":678,"caption":"Aerolift Industrials bv"},"image":{"@id":"https:\/\/www.aerolift.nl\/#\/schema\/logo\/image\/"},"sameAs":["https:\/\/www.linkedin.com\/company\/aerolift-industrials-bv\/","https:\/\/www.youtube.com\/user\/AeroliftIndustrials1"]}]}},"jetpack_sharing_enabled":true,"_links":{"self":[{"href":"https:\/\/www.aerolift.nl\/de\/wp-json\/wp\/v2\/pages\/577","targetHints":{"allow":["GET"]}}],"collection":[{"href":"https:\/\/www.aerolift.nl\/de\/wp-json\/wp\/v2\/pages"}],"about":[{"href":"https:\/\/www.aerolift.nl\/de\/wp-json\/wp\/v2\/types\/page"}],"author":[{"embeddable":true,"href":"https:\/\/www.aerolift.nl\/de\/wp-json\/wp\/v2\/users\/22"}],"replies":[{"embeddable":true,"href":"https:\/\/www.aerolift.nl\/de\/wp-json\/wp\/v2\/comments?post=577"}],"version-history":[{"count":14,"href":"https:\/\/www.aerolift.nl\/de\/wp-json\/wp\/v2\/pages\/577\/revisions"}],"predecessor-version":[{"id":11093,"href":"https:\/\/www.aerolift.nl\/de\/wp-json\/wp\/v2\/pages\/577\/revisions\/11093"}],"wp:attachment":[{"href":"https:\/\/www.aerolift.nl\/de\/wp-json\/wp\/v2\/media?parent=577"}],"curies":[{"name":"wp","href":"https:\/\/api.w.org\/{rel}","templated":true}]}}