{"id":5707,"date":"2018-06-22T11:18:36","date_gmt":"2018-06-22T10:18:36","guid":{"rendered":"https:\/\/www.aerolift.nl\/?page_id=5707"},"modified":"2026-01-09T16:08:22","modified_gmt":"2026-01-09T15:08:22","slug":"materiel-de-levage-par-le-vide","status":"publish","type":"page","link":"https:\/\/www.aerolift.nl\/en\/materiel-de-levage-par-le-vide\/","title":{"rendered":"Mat\u00e9riel de levage par le vide"},"content":{"rendered":"<p>Cherchez-vous des mat\u00e9riels de levage pour optimiser votre process de manutention ? Pour manipuler des \u00e9l\u00e9ments en b\u00e9ton, des plaques de m\u00e9tal, des tuyaux, des bobines de papier ou tout autre produit \u00e9tanche \u00e0 l&#8217;air ? Aerolift con\u00e7oit des \u00e9quipements de levage par le vide pour de nombreuses industries.<\/p>\n<h2>Manutention par la technologie du vide<\/h2>\n<p>Aerolift est mondialement connue pour ses solutions de levage par le vide, sur mesure. La manipulation des mat\u00e9riaux par le vide vous permet de manipuler des charges lourdes facilement, rapidement et en toute s\u00e9curit\u00e9 sans endommager le produit. Selon l&#8217;application, un palonnier \u00e0 ventouses peut soulever, tourner, retourner et d\u00e9placer un produit quel que soit son poids. Les possibilit\u00e9s sont infinies !<\/p>\n<h2>Pourquoi opter pour la manipulation par le vide ?<\/h2>\n<h3>Facile et rapide<\/h3>\n<ul>\n<li>Pr\u00e9hension \/ lib\u00e9ration en quelques secondes<\/li>\n<\/ul>\n<h3>R\u00e9duction des co\u00fbts de production<\/h3>\n<ul>\n<li>Augmentation de la productivit\u00e9<\/li>\n<li>Baisse des co\u00fbts de la main-d&#8217;\u0153uvre et de l&#8217;\u00e9nergie<\/li>\n<li>Pas de dommage de la charge<\/li>\n<\/ul>\n<h3>S\u00fbr<\/h3>\n<ul>\n<li>Double facteur de s\u00e9curit\u00e9<\/li>\n<li>Disposition de s\u00e9curit\u00e9 suppl\u00e9mentaire en cas de panne de courant<\/li>\n<li>R\u00e9duction des risques d&#8217;accidents<\/li>\n<\/ul>\n<h2>Choisissez la s\u00e9curit\u00e9, choisissez un dispositif de levage par le vide<\/h2>\n<p>Dans de nombreux cas, un palonnier \u00e0 ventouses est plus s\u00fbr que les m\u00e9thodes de levage conventionnelles. Contrairement \u00e0 la plupart des m\u00e9thodes de levage, l&#8217;op\u00e9rateur est toujours capable de voir s&#8217;il est s\u00fbr de soulever la charge. La jauge de vide Aerolift indique le niveau de vide. Lorsque le niveau de vide est sup\u00e9rieur \u00e0 80%, il est s\u00fbr de lever. Dans le cas o\u00f9 le niveau tombe en dessous de 80%, une double alarme visuelle et sonore se d\u00e9clenche. L\u2019aiguille d\u2019un indicateur de vide qui progresse est une information parfaite pour un levage en toute s\u00e9curit\u00e9. \u00c9tiez-vous d\u00e9j\u00e0 en train de lever alors que le niveau de vide commence \u00e0 baisser ? L&#8217;alarme vous demandera de d\u00e9poser la charge au sol aussi rapidement que possible. Tous les palonniers \u00e0 ventouses Aerolift sont con\u00e7us et construits pour garantir qu&#8217;en cas de panne technique ou \u00e9lectrique, plusieurs minutes au minimum s\u2019\u00e9couleront avant que le niveau de vide ne chute de moiti\u00e9. Cela laisse suffisamment de temps pour prendre des mesures afin d\u2019abaisser la charge jusqu&#8217;au niveau du sol en toute s\u00e9curit\u00e9 l.<\/p>\n<h3>Manutention de mat\u00e9riaux pour de nombreuses industries<\/h3>\n<p>Tout produit avec une surface \u00e9tanche \u00e0 l&#8217;air, qui offre un espace pour une ventouse, peut \u00eatre manipul\u00e9 par la technologie du vide. Les solutions de manutention d&#8217;Aerolift sont utilis\u00e9es dans de nombreuses industries diff\u00e9rentes.<\/p>\n<p>Dans <strong>l&#8217;industrie du b\u00e9ton<\/strong>, les palonniers \u00e0 ventouses sont utilis\u00e9s pendant la production, le stockage, le transbordement et la construction. Aucun insert n&#8217;est n\u00e9cessaire pour soulever, donc pas de d\u00e9figuration du produit. En outre, en raison de l\u2019effort r\u00e9parti sur la surface de pr\u00e9hension, il est possible de d\u00e9mouler apr\u00e8s 8 \u00e0 10 heures. Si vous souhaitiez d\u00e9mouler avec des inserts, le temps de durcissement serait au moins de 24 heures !<\/p>\n<p>Nous proposons \u00e9galement des solutions de manutention depuis <strong>les plaques jusqu\u2019aux tuyaux<\/strong>. Les plaques m\u00e9talliques sont produites \u00e0 haute temp\u00e9rature. Nous proposons des palonniers \u00e0 ventouses capables de fonctionner \u00e0 ces temp\u00e9ratures. Par exemple : Nous avons d\u00e9velopp\u00e9 un caoutchouc sp\u00e9cial Aerolift qui maintient son int\u00e9grit\u00e9 \u00e0 des temp\u00e9ratures allant jusqu&#8217;\u00e0 220 \u2070C ! Si vous le souhaitez, le palonnier \u00e0 ventouses peut \u00eatre \u00e9quip\u00e9 de ventouses interchangeables. De cette fa\u00e7on, le m\u00eame palonnier \u00e0 ventouses peut \u00eatre utilis\u00e9 pour manipuler les plaques et les tuyaux, y compris de diam\u00e8tres diff\u00e9rents.<\/p>\n<p><strong>L&#8217;\u00e9quipement de manutention de bobines de papier<\/strong> Aerolift est souvent utilis\u00e9 dans les usines de fabrication de papier enti\u00e8rement automatis\u00e9es. Pour utiliser tout l&#8217;espace de stockage disponible, l&#8217;\u00e9quipement de manutention peut empiler les bobines de papier avec une distance minimale entre elles.<\/p>\n<h2>Equipement de levage Aerolift sans la technologie de vide<\/h2>\n<p>Tous les produits ne sont pas \u00e9tanches \u00e0 l&#8217;air et ne peuvent donc pas \u00eatre manipul\u00e9s par la technologie du vide. Par exemple : Les tuyaux sont souvent rev\u00eatus apr\u00e8s la production. Selon le type de rev\u00eatement, le tuyau n&#8217;est plus \u00e9tanche \u00e0 l&#8217;air. Et pour \u00eatre exp\u00e9di\u00e9s par bateaux, les bobines de papier sont souvent emball\u00e9es. Pour ces cas, nous concevons des mat\u00e9riels de levage m\u00e9caniques.<\/p>\n<h2>Curieux pour plus d&#8217;informations sur nos mat\u00e9riels de levage (par le vide) ?<\/h2>\n<p>Aerolift a la r\u00e9putation de concevoir et fabriquer des mat\u00e9riels de levage (par le vide) d\u2019une qualit\u00e9 exceptionnelle. Souhaitez-vous des informations plus sp\u00e9cifiques sur les solutions de levage pour votre industrie ? Pour cela, vous pouvez remplir notre formulaire de contact:<\/p>\n\n<div class=\"wpcf7 no-js\" id=\"wpcf7-f5831-o1\" lang=\"nl-NL\" dir=\"ltr\" data-wpcf7-id=\"5831\">\n<div class=\"screen-reader-response\"><p role=\"status\" aria-live=\"polite\" aria-atomic=\"true\"><\/p> <ul><\/ul><\/div>\n<form action=\"\/en\/wp-json\/wp\/v2\/pages\/5707#wpcf7-f5831-o1\" method=\"post\" class=\"wpcf7-form init aca6de4c2d66 cmatic-conn cmatic-aud-2 cmatic-mapd0-0 cmatic-v0978 cmatic-sent-0 cmatic-total-188\" aria-label=\"Contactformulier\" novalidate=\"novalidate\" data-status=\"init\">\n<fieldset class=\"hidden-fields-container\"><input type=\"hidden\" name=\"_wpcf7\" value=\"5831\" \/><input type=\"hidden\" name=\"_wpcf7_version\" value=\"6.1.5\" \/><input type=\"hidden\" name=\"_wpcf7_locale\" value=\"nl_NL\" \/><input type=\"hidden\" name=\"_wpcf7_unit_tag\" value=\"wpcf7-f5831-o1\" \/><input type=\"hidden\" name=\"_wpcf7_container_post\" value=\"0\" \/><input type=\"hidden\" name=\"_wpcf7_posted_data_hash\" value=\"\" \/><input type=\"hidden\" name=\"_wpcf7_recaptcha_response\" value=\"\" \/>\n<\/fieldset>\n<div class=\"row\">\n\t<div class=\"col-sm-6\">\n\t\t<div class=\"form-group\">\n\t\t\t<div class=\"input-group\">\n\t\t\t\t<div class=\"input-group-addon\">\n\t\t\t\t\t<p><i class=\"fa fa-user\"><\/i>\n\t\t\t\t\t<\/p>\n\t\t\t\t<\/div>\n\t\t\t\t<p><span class=\"wpcf7-form-control-wrap\" data-name=\"your-name\"><input size=\"40\" maxlength=\"400\" class=\"wpcf7-form-control wpcf7-text wpcf7-validates-as-required form-control\" id=\"name\" aria-required=\"true\" aria-invalid=\"false\" placeholder=\"Nom *\" value=\"\" type=\"text\" name=\"your-name\" \/><\/span>\n\t\t\t\t<\/p>\n\t\t\t<\/div>\n\t\t<\/div>\n\t<\/div>\n<\/div>\n<div class=\"row\">\n\t<div class=\"col-sm-6\">\n\t\t<div class=\"form-group\">\n\t\t\t<div class=\"input-group\">\n\t\t\t\t<div class=\"input-group-addon\">\n\t\t\t\t\t<p><i class=\"fa fa-phone\"><\/i>\n\t\t\t\t\t<\/p>\n\t\t\t\t<\/div>\n\t\t\t\t<p><span class=\"wpcf7-form-control-wrap\" data-name=\"your-number\"><input size=\"40\" maxlength=\"400\" class=\"wpcf7-form-control wpcf7-text wpcf7-validates-as-required form-control\" id=\"telefonnummer\" aria-required=\"true\" aria-invalid=\"false\" placeholder=\"Num\u00e9ro de t\u00e9l\u00e9phone *\" value=\"\" type=\"text\" name=\"your-number\" \/><\/span>\n\t\t\t\t<\/p>\n\t\t\t<\/div>\n\t\t<\/div>\n\t<\/div>\n\t<div class=\"col-sm-6\">\n\t\t<div class=\"form-group\">\n\t\t\t<div class=\"input-group\">\n\t\t\t\t<div class=\"input-group-addon\">\n\t\t\t\t\t<p><i class=\"fa fa-envelope\"><\/i>\n\t\t\t\t\t<\/p>\n\t\t\t\t<\/div>\n\t\t\t\t<p><span class=\"wpcf7-form-control-wrap\" data-name=\"your-email\"><input size=\"40\" maxlength=\"400\" class=\"wpcf7-form-control wpcf7-email wpcf7-validates-as-required wpcf7-text wpcf7-validates-as-email form-control\" id=\"mail\" aria-required=\"true\" aria-invalid=\"false\" placeholder=\"Adresse e-mail *\" value=\"\" type=\"email\" name=\"your-email\" \/><\/span>\n\t\t\t\t<\/p>\n\t\t\t<\/div>\n\t\t<\/div>\n\t<\/div>\n<\/div>\n<div class=\"row\">\n\t<div class=\"col-sm-12\">\n\t\t<div class=\"form-group\">\n\t\t\t<div class=\"input-group\">\n\t\t\t\t<div class=\"input-group-addon\">\n\t\t\t\t\t<p><i class=\"fa fa-comment\"><\/i>\n\t\t\t\t\t<\/p>\n\t\t\t\t<\/div>\n\t\t\t\t<p><span class=\"wpcf7-form-control-wrap\" data-name=\"your-message\"><textarea cols=\"40\" rows=\"7\" maxlength=\"2000\" class=\"wpcf7-form-control wpcf7-textarea wpcf7-validates-as-required form-control\" id=\"message\" aria-required=\"true\" aria-invalid=\"false\" placeholder=\"Message *\" name=\"your-message\"><\/textarea><\/span>\n\t\t\t\t<\/p>\n\t\t\t<\/div>\n\t\t\t<div class=\"form-group\">\n\t\t\t\t<div id=\"gdpr-checkbox\" class=\"pull-left\">\n\t\t\t\t\t<p><span class=\"wpcf7-form-control-wrap\" data-name=\"checkbox\"><span class=\"wpcf7-form-control wpcf7-checkbox wpcf7-validates-as-required\"><span class=\"wpcf7-list-item first last\"><input type=\"checkbox\" name=\"checkbox[]\" value=\"\" \/><span class=\"wpcf7-list-item-label\"><\/span><\/span><\/span><\/span>\n\t\t\t\t\t<\/p>\n\t\t\t\t<\/div>\n\t\t\t\t<p class=\"gdpr-text\">En soumettant ce formulaire, je donne la permission de traiter mes donn\u00e9es de la mani\u00e8re d\u00e9crite dans la d\u00e9claration de confidentialit\u00e9[u\n\t\t\t\t<\/p>\n\t\t\t<\/div>\n\t\t<\/div>\n\t<\/div>\n<\/div>\n<div class=\"row\">\n\t<div class=\"col-sm-12 text-right\">\n\t<input class=\"wpcf7-form-control wpcf7-hidden\" value=\"\" type=\"hidden\" name=\"gallery\" \/>\n\t\t<p><input class=\"wpcf7-form-control wpcf7-submit has-spinner btn\" id=\"contact-btn\" type=\"submit\" value=\"Envoyer\" \/>\n\t\t<\/p>\n\t<\/div>\n<\/div><div class=\"wpcf7-response-output\" aria-hidden=\"true\"><\/div>\n<\/form>\n<\/div>\n\n","protected":false},"excerpt":{"rendered":"<p>Cherchez-vous des mat\u00e9riels de levage pour optimiser votre process de manutention ? Pour manipuler des \u00e9l\u00e9ments en b\u00e9ton, des plaques de m\u00e9tal, des tuyaux, des bobines de papier ou tout autre produit \u00e9tanche \u00e0 l&#8217;air ? Aerolift con\u00e7oit des \u00e9quipements de levage par le vide pour de nombreuses industries. Manutention&#8230;<\/p>\n","protected":false},"author":8,"featured_media":0,"parent":0,"menu_order":0,"comment_status":"closed","ping_status":"closed","template":"","meta":{"_acf_changed":false,"footnotes":""},"class_list":["post-5707","page","type-page","status-publish","hentry"],"acf":[],"yoast_head":"<!-- This site is optimized with the Yoast SEO plugin v27.3 - https:\/\/yoast.com\/product\/yoast-seo-wordpress\/ -->\n<title>Mat\u00e9riel de levage par le vide | Aerolift Industrials B.V.<\/title>\n<meta name=\"description\" content=\"Cherchez-vous des mat\u00e9riels de levage pour optimiser votre process de manutention ? Pour manipuler des \u00e9l\u00e9ments en b\u00e9ton, des plaques de m\u00e9tal, des tuyaux, des bobines de papier ou tout autre produit \u00e9tanche \u00e0 l&#039;air ? Aerolift con\u00e7oit des \u00e9quipements de levage par le vide pour de nombreuses industries.\" \/>\n<meta name=\"robots\" content=\"index, follow, max-snippet:-1, max-image-preview:large, max-video-preview:-1\" \/>\n<link rel=\"canonical\" href=\"https:\/\/www.aerolift.nl\/en\/materiel-de-levage-par-le-vide\/\" \/>\n<meta property=\"og:locale\" content=\"en_US\" \/>\n<meta property=\"og:type\" content=\"article\" \/>\n<meta property=\"og:title\" content=\"Mat\u00e9riel de levage par le vide | Aerolift Industrials B.V.\" \/>\n<meta property=\"og:description\" content=\"Cherchez-vous des mat\u00e9riels de levage pour optimiser votre process de manutention ? Pour manipuler des \u00e9l\u00e9ments en b\u00e9ton, des plaques de m\u00e9tal, des tuyaux, des bobines de papier ou tout autre produit \u00e9tanche \u00e0 l&#039;air ? Aerolift con\u00e7oit des \u00e9quipements de levage par le vide pour de nombreuses industries.\" \/>\n<meta property=\"og:url\" content=\"https:\/\/www.aerolift.nl\/en\/materiel-de-levage-par-le-vide\/\" \/>\n<meta property=\"og:site_name\" content=\"Aerolift\" \/>\n<meta property=\"article:modified_time\" content=\"2026-01-09T15:08:22+00:00\" \/>\n<meta name=\"twitter:card\" content=\"summary_large_image\" \/>\n<meta name=\"twitter:label1\" content=\"Est. reading time\" \/>\n\t<meta name=\"twitter:data1\" content=\"4 minutes\" \/>\n<!-- \/ Yoast SEO plugin. -->","yoast_head_json":{"title":"Mat\u00e9riel de levage par le vide | Aerolift Industrials B.V.","description":"Cherchez-vous des mat\u00e9riels de levage pour optimiser votre process de manutention ? Pour manipuler des \u00e9l\u00e9ments en b\u00e9ton, des plaques de m\u00e9tal, des tuyaux, des bobines de papier ou tout autre produit \u00e9tanche \u00e0 l'air ? Aerolift con\u00e7oit des \u00e9quipements de levage par le vide pour de nombreuses industries.","robots":{"index":"index","follow":"follow","max-snippet":"max-snippet:-1","max-image-preview":"max-image-preview:large","max-video-preview":"max-video-preview:-1"},"canonical":"https:\/\/www.aerolift.nl\/en\/materiel-de-levage-par-le-vide\/","og_locale":"en_US","og_type":"article","og_title":"Mat\u00e9riel de levage par le vide | Aerolift Industrials B.V.","og_description":"Cherchez-vous des mat\u00e9riels de levage pour optimiser votre process de manutention ? Pour manipuler des \u00e9l\u00e9ments en b\u00e9ton, des plaques de m\u00e9tal, des tuyaux, des bobines de papier ou tout autre produit \u00e9tanche \u00e0 l'air ? Aerolift con\u00e7oit des \u00e9quipements de levage par le vide pour de nombreuses industries.","og_url":"https:\/\/www.aerolift.nl\/en\/materiel-de-levage-par-le-vide\/","og_site_name":"Aerolift","article_modified_time":"2026-01-09T15:08:22+00:00","twitter_card":"summary_large_image","twitter_misc":{"Est. reading time":"4 minutes"},"schema":{"@context":"https:\/\/schema.org","@graph":[{"@type":"WebPage","@id":"https:\/\/www.aerolift.nl\/en\/materiel-de-levage-par-le-vide\/","url":"https:\/\/www.aerolift.nl\/en\/materiel-de-levage-par-le-vide\/","name":"Mat\u00e9riel de levage par le vide | Aerolift Industrials B.V.","isPartOf":{"@id":"https:\/\/www.aerolift.nl\/#website"},"datePublished":"2018-06-22T10:18:36+00:00","dateModified":"2026-01-09T15:08:22+00:00","description":"Cherchez-vous des mat\u00e9riels de levage pour optimiser votre process de manutention ? Pour manipuler des \u00e9l\u00e9ments en b\u00e9ton, des plaques de m\u00e9tal, des tuyaux, des bobines de papier ou tout autre produit \u00e9tanche \u00e0 l'air ? Aerolift con\u00e7oit des \u00e9quipements de levage par le vide pour de nombreuses industries.","breadcrumb":{"@id":"https:\/\/www.aerolift.nl\/en\/materiel-de-levage-par-le-vide\/#breadcrumb"},"inLanguage":"en-US","potentialAction":[{"@type":"ReadAction","target":["https:\/\/www.aerolift.nl\/en\/materiel-de-levage-par-le-vide\/"]}]},{"@type":"BreadcrumbList","@id":"https:\/\/www.aerolift.nl\/en\/materiel-de-levage-par-le-vide\/#breadcrumb","itemListElement":[{"@type":"ListItem","position":1,"name":"Home","item":"https:\/\/www.aerolift.nl\/en\/"},{"@type":"ListItem","position":2,"name":"Mat\u00e9riel de levage par le vide"}]},{"@type":"WebSite","@id":"https:\/\/www.aerolift.nl\/#website","url":"https:\/\/www.aerolift.nl\/","name":"Aerolift","description":"En nog een WordPress site","publisher":{"@id":"https:\/\/www.aerolift.nl\/#organization"},"potentialAction":[{"@type":"SearchAction","target":{"@type":"EntryPoint","urlTemplate":"https:\/\/www.aerolift.nl\/?s={search_term_string}"},"query-input":{"@type":"PropertyValueSpecification","valueRequired":true,"valueName":"search_term_string"}}],"inLanguage":"en-US"},{"@type":"Organization","@id":"https:\/\/www.aerolift.nl\/#organization","name":"Aerolift Industrials bv","alternateName":"Aerolift","url":"https:\/\/www.aerolift.nl\/","logo":{"@type":"ImageObject","inLanguage":"en-US","@id":"https:\/\/www.aerolift.nl\/#\/schema\/logo\/image\/","url":"https:\/\/i0.wp.com\/www.aerolift.nl\/wp-content\/uploads\/2025\/07\/2024-logo-aerolift-corners-5.png?fit=1903%2C678&ssl=1","contentUrl":"https:\/\/i0.wp.com\/www.aerolift.nl\/wp-content\/uploads\/2025\/07\/2024-logo-aerolift-corners-5.png?fit=1903%2C678&ssl=1","width":1903,"height":678,"caption":"Aerolift Industrials bv"},"image":{"@id":"https:\/\/www.aerolift.nl\/#\/schema\/logo\/image\/"},"sameAs":["https:\/\/www.linkedin.com\/company\/aerolift-industrials-bv\/","https:\/\/www.youtube.com\/user\/AeroliftIndustrials1"]}]}},"jetpack_sharing_enabled":true,"_links":{"self":[{"href":"https:\/\/www.aerolift.nl\/en\/wp-json\/wp\/v2\/pages\/5707","targetHints":{"allow":["GET"]}}],"collection":[{"href":"https:\/\/www.aerolift.nl\/en\/wp-json\/wp\/v2\/pages"}],"about":[{"href":"https:\/\/www.aerolift.nl\/en\/wp-json\/wp\/v2\/types\/page"}],"author":[{"embeddable":true,"href":"https:\/\/www.aerolift.nl\/en\/wp-json\/wp\/v2\/users\/8"}],"replies":[{"embeddable":true,"href":"https:\/\/www.aerolift.nl\/en\/wp-json\/wp\/v2\/comments?post=5707"}],"version-history":[{"count":15,"href":"https:\/\/www.aerolift.nl\/en\/wp-json\/wp\/v2\/pages\/5707\/revisions"}],"predecessor-version":[{"id":13665,"href":"https:\/\/www.aerolift.nl\/en\/wp-json\/wp\/v2\/pages\/5707\/revisions\/13665"}],"wp:attachment":[{"href":"https:\/\/www.aerolift.nl\/en\/wp-json\/wp\/v2\/media?parent=5707"}],"curies":[{"name":"wp","href":"https:\/\/api.w.org\/{rel}","templated":true}]}}